{"id":5756,"date":"2024-10-19T20:27:28","date_gmt":"2024-10-19T20:27:28","guid":{"rendered":"https:\/\/filatelia.cuentista.es\/product\/sello-ecuador-1887-escudo-timbre-1-centavo-verde-usado"},"modified":"2024-10-19T20:27:31","modified_gmt":"2024-10-19T20:27:31","slug":"sello-ecuador-1887-escudo-timbre-1-centavo-verde-usado","status":"publish","type":"product","link":"https:\/\/filatelia.cuentista.es\/en\/product\/sello-ecuador-1887-escudo-timbre-1-centavo-verde-usado","title":{"rendered":"Sello Ecuador 1887 &#8211; Escudo &#8211; Timbre 1 Centavo Verde Usado"},"content":{"rendered":"<p>Revenue Stamp<\/p>\n<p><img class=\"size-full\"><\/p>\n<p>Pa\u00eds:<\/p>\n<p>Ecuador<\/p>\n<p>Serie:<\/p>\n<p>Revenue Stamp 1887-1888<\/p>\n<p>C\u00f3digo de cat\u00e1logo:<\/p>\n<p>Yvert et Tellier EC FP35<\/p>\n<p>Forbin EC 31<\/p>\n<p>Temas:<\/p>\n<p>Animales (Fauna) | Animales Her\u00e1ldicos | Aves | Buitres | Escudo de Armas<\/p>\n<p>Fecha emisi\u00f3n:<\/p>\n<p>1887<\/p>\n<p>Tama\u00f1o:<\/p>\n<p>26 x 37 mm<\/p>\n<p>Colores:<\/p>\n<p>Verde<\/p>\n<p>Marca de agua:<\/p>\n<p>Sin Marca de agua<\/p>\n<p>Impresores\/Imprentas:<\/p>\n<p>American Bank Note Co.<\/p>\n<p>Formato:<\/p>\n<p>Sello<\/p>\n<p>Emisi\u00f3n:<\/p>\n<p>Postal Fiscal<\/p>\n<p>Perforaci\u00f3n:<\/p>\n<p>12<\/p>\n<p>Impresi\u00f3n:<\/p>\n<p>Rebaje<\/p>\n<p>Papel:<\/p>\n<p>white, wove<\/p>\n<p>Valor facial:<\/p>\n<p>1 S\/. &#8211; Sucre Ecuatoriano<\/p>\n<p>Puntuaci\u00f3n:<\/p>\n<p>49% Precisi\u00f3n: Baja<\/p>\n<p>Descripci\u00f3n:<\/p>\n<p>Dated 1887-1888 in bottom tablet.<\/p>\n<p>Exist on greenish paper.<\/p>\n<p><a href=\"https:\/\/colnect.com\/stamps\/stamp\/807819\">https:\/\/colnect.com\/stamps\/stamp\/807819<\/a><\/p>","protected":false},"excerpt":{"rendered":"<p>Revenue Stamp Pa\u00eds: Ecuador Serie: Revenue Stamp 1887-1888 C\u00f3digo de cat\u00e1logo: Yvert et Tellier EC FP35 Forbin EC 31 Temas: Animales (Fauna) | Animales Her\u00e1ldicos | Aves | Buitres | Escudo de Armas Fecha emisi\u00f3n: 1887 Tama\u00f1o: 26 x 37 mm Colores: Verde Marca de agua: Sin Marca de agua Impresores\/Imprentas: American Bank Note Co. &hellip;<\/p>\n<p class=\"read-more\"> <a class=\"thunk-readmore button\" href=\"https:\/\/filatelia.cuentista.es\/en\/product\/sello-ecuador-1887-escudo-timbre-1-centavo-verde-usado\"> <span class=\"screen-reader-text\">Sello Ecuador 1887 &#8211; Escudo &#8211; Timbre 1 Centavo Verde Usado<\/span>Read More<\/a><\/p>","protected":false},"featured_media":4179,"comment_status":"open","ping_status":"closed","template":"","meta":{"_acf_changed":false},"product_brand":[],"product_cat":[1213,664,20],"product_tag":[],"class_list":{"0":"post-5756","1":"product","2":"type-product","3":"status-publish","4":"has-post-thumbnail","6":"product_cat-ecuador","7":"product_cat-impuestos","8":"product_cat-sellos-usados","9":"thunk-woo-product-list","10":"opn-qv-enable","11":"open-woo-hover-zoom","12":"open-single-product-tab-horizontal","13":"open-shadow-","14":"open-shadow-hover-","16":"first","17":"instock","18":"shipping-taxable","19":"purchasable","20":"product-type-simple"},"acf":[],"jetpack_sharing_enabled":true,"_links":{"self":[{"href":"https:\/\/filatelia.cuentista.es\/en\/wp-json\/wp\/v2\/product\/5756","targetHints":{"allow":["GET"]}}],"collection":[{"href":"https:\/\/filatelia.cuentista.es\/en\/wp-json\/wp\/v2\/product"}],"about":[{"href":"https:\/\/filatelia.cuentista.es\/en\/wp-json\/wp\/v2\/types\/product"}],"replies":[{"embeddable":true,"href":"https:\/\/filatelia.cuentista.es\/en\/wp-json\/wp\/v2\/comments?post=5756"}],"wp:featuredmedia":[{"embeddable":true,"href":"https:\/\/filatelia.cuentista.es\/en\/wp-json\/wp\/v2\/media\/4179"}],"wp:attachment":[{"href":"https:\/\/filatelia.cuentista.es\/en\/wp-json\/wp\/v2\/media?parent=5756"}],"wp:term":[{"taxonomy":"product_brand","embeddable":true,"href":"https:\/\/filatelia.cuentista.es\/en\/wp-json\/wp\/v2\/product_brand?post=5756"},{"taxonomy":"product_cat","embeddable":true,"href":"https:\/\/filatelia.cuentista.es\/en\/wp-json\/wp\/v2\/product_cat?post=5756"},{"taxonomy":"product_tag","embeddable":true,"href":"https:\/\/filatelia.cuentista.es\/en\/wp-json\/wp\/v2\/product_tag?post=5756"}],"curies":[{"name":"wp","href":"https:\/\/api.w.org\/{rel}","templated":true}]}}