{"id":5752,"date":"2024-10-19T20:10:33","date_gmt":"2024-10-19T20:10:33","guid":{"rendered":"https:\/\/filatelia.cuentista.es\/product\/sello-ecuador-chimborazo-30-centavos-marron-usado"},"modified":"2024-10-20T17:08:05","modified_gmt":"2024-10-20T17:08:05","slug":"sello-ecuador-chimborazo-30-centavos-marron-usado","status":"publish","type":"product","link":"https:\/\/filatelia.cuentista.es\/en\/product\/sello-ecuador-chimborazo-30-centavos-marron-usado","title":{"rendered":"Sello Ecuador 1942 &#8211; Chimborazo- 30 Centavos Marr\u00f3n Usado"},"content":{"rendered":"<p>Chimborazo Volcano<\/p>\n<p><img class=\"size-full\"><\/p>\n<p>Pa\u00eds:<\/p>\n<p>Ecuador<\/p>\n<p>Serie:<\/p>\n<p>Mount Chimborazo<\/p>\n<p>C\u00f3digo de cat\u00e1logo:<\/p>\n<p>Michel EC 471<\/p>\n<p>Stamp Number EC 407<\/p>\n<p>Yvert et Tellier EC 405<\/p>\n<p>Stanley Gibbons EC 654<\/p>\n<p>Bertossa EC 520<\/p>\n<p>Temas:<\/p>\n<p>Monta\u00f1as | Paisajes | Volcanes<\/p>\n<p>Fecha emisi\u00f3n:<\/p>\n<p>1942-03-01<\/p>\n<p>Colores:<\/p>\n<p>Rojo marr\u00f3n<\/p>\n<p>Marca de agua:<\/p>\n<p>Sin Marca de agua<\/p>\n<p>Impresores\/Imprentas:<\/p>\n<p>American Bank Note Co.<\/p>\n<p>Formato:<\/p>\n<p>Sello<\/p>\n<p>Emisi\u00f3n:<\/p>\n<p>Definitivo<\/p>\n<p>Perforaci\u00f3n:<\/p>\n<p>12<\/p>\n<p>Impresi\u00f3n:<\/p>\n<p>Rebaje<\/p>\n<p>Valor facial:<\/p>\n<p>30 \u00a2 &#8211; Centavo Ecuatoriano<\/p>\n<p><a href=\"https:\/\/colnect.com\/stamps\/stamp\/122710\">https:\/\/colnect.com\/stamps\/stamp\/122710<\/a><\/p>","protected":false},"excerpt":{"rendered":"<p>Chimborazo Volcano Pa\u00eds: Ecuador Serie: Mount Chimborazo C\u00f3digo de cat\u00e1logo: Michel EC 471 Stamp Number EC 407 Yvert et Tellier EC 405 Stanley Gibbons EC 654 Bertossa EC 520 Temas: Monta\u00f1as | Paisajes | Volcanes Fecha emisi\u00f3n: 1942-03-01 Colores: Rojo marr\u00f3n Marca de agua: Sin Marca de agua Impresores\/Imprentas: American Bank Note Co. Formato: Sello &hellip;<\/p>\n<p class=\"read-more\"> <a class=\"thunk-readmore button\" href=\"https:\/\/filatelia.cuentista.es\/en\/product\/sello-ecuador-chimborazo-30-centavos-marron-usado\"> <span class=\"screen-reader-text\">Sello Ecuador 1942 &#8211; Chimborazo- 30 Centavos Marr\u00f3n Usado<\/span>Read More<\/a><\/p>","protected":false},"featured_media":4175,"comment_status":"open","ping_status":"closed","template":"","meta":{"_acf_changed":false},"product_brand":[],"product_cat":[1213,20],"product_tag":[],"class_list":{"0":"post-5752","1":"product","2":"type-product","3":"status-publish","4":"has-post-thumbnail","6":"product_cat-ecuador","7":"product_cat-sellos-usados","8":"thunk-woo-product-list","9":"opn-qv-enable","10":"open-woo-hover-zoom","11":"open-single-product-tab-horizontal","12":"open-shadow-","13":"open-shadow-hover-","15":"first","16":"instock","17":"shipping-taxable","18":"purchasable","19":"product-type-simple"},"acf":[],"jetpack_sharing_enabled":true,"_links":{"self":[{"href":"https:\/\/filatelia.cuentista.es\/en\/wp-json\/wp\/v2\/product\/5752","targetHints":{"allow":["GET"]}}],"collection":[{"href":"https:\/\/filatelia.cuentista.es\/en\/wp-json\/wp\/v2\/product"}],"about":[{"href":"https:\/\/filatelia.cuentista.es\/en\/wp-json\/wp\/v2\/types\/product"}],"replies":[{"embeddable":true,"href":"https:\/\/filatelia.cuentista.es\/en\/wp-json\/wp\/v2\/comments?post=5752"}],"wp:featuredmedia":[{"embeddable":true,"href":"https:\/\/filatelia.cuentista.es\/en\/wp-json\/wp\/v2\/media\/4175"}],"wp:attachment":[{"href":"https:\/\/filatelia.cuentista.es\/en\/wp-json\/wp\/v2\/media?parent=5752"}],"wp:term":[{"taxonomy":"product_brand","embeddable":true,"href":"https:\/\/filatelia.cuentista.es\/en\/wp-json\/wp\/v2\/product_brand?post=5752"},{"taxonomy":"product_cat","embeddable":true,"href":"https:\/\/filatelia.cuentista.es\/en\/wp-json\/wp\/v2\/product_cat?post=5752"},{"taxonomy":"product_tag","embeddable":true,"href":"https:\/\/filatelia.cuentista.es\/en\/wp-json\/wp\/v2\/product_tag?post=5752"}],"curies":[{"name":"wp","href":"https:\/\/api.w.org\/{rel}","templated":true}]}}