{"id":575,"date":"2024-07-20T06:39:56","date_gmt":"2024-07-20T06:39:56","guid":{"rendered":"https:\/\/filatelia.cuentista.es\/product\/israel-1985-sea-of-the-galilee"},"modified":"2024-08-02T21:16:09","modified_gmt":"2024-08-02T21:16:09","slug":"israel-1985-sea-of-the-galilee","status":"publish","type":"product","link":"https:\/\/filatelia.cuentista.es\/en\/product\/israel-1985-sea-of-the-galilee","title":{"rendered":"Sobre Primer Dia &#8211; FDC &#8211; Israel 1992 &#8211; sea of the galilee"},"content":{"rendered":"<p>Sobre Primer dia , hojita bloque de 9 valores del Mar de Galilea 1992<\/p>\n<p>First Day Cover for \u00abSEA OF GALILEE\u00bb sheet<br \/>\nSEA OF GALILEE-SOURCE OF WATER AND LIFE<\/p>\n<p class=\"p1\"><b>Los sobres de primer d\u00eda son objetos de colecci\u00f3n muy valorados por los filat\u00e9licos.<\/b> Estos sobres especiales se utilizan para enviar una carta el mismo d\u00eda en que se emite un nuevo sello postal. Al ser los primeros en utilizar ese sello en particular, adquieren un valor a\u00f1adido para los coleccionistas. Los sobres de primer d\u00eda suelen incluir un matasellos con la fecha de emisi\u00f3n y el nombre de la oficina de correos donde se expidi\u00f3 el sello, lo que los convierte en piezas \u00fanicas y aut\u00e9nticas. Adem\u00e1s de su valor filat\u00e9lico, estos sobres a menudo presentan dise\u00f1os atractivos y conmemorativos, relacionados con el tema del sello emitido, lo que los convierte en peque\u00f1os tesoros para los amantes de la historia y el arte postal.<\/p>\n<p>El\u00a0<b>mar de Galilea<\/b>, tambi\u00e9n llamado\u00a0<b>mar<\/b>\u00a0o\u00a0<b>lago de Tiber\u00edades<\/b>,\u00a0<b>lago de Genesaret<\/b>\u00a0y\u00a0<b>lago de Kineret<\/b>\u00a0(en\u00a0<a title=\"Idioma hebreo\" href=\"https:\/\/es.wikipedia.org\/wiki\/Idioma_hebreo\">hebreo<\/a>:\u00a0<span dir=\"rtl\" lang=\"he\">\u05db\u05b4\u05bc\u05e0\u05b6\u05bc\u05e8\u05b6\u05ea, Kin\u00e9ret<\/span>\u200e, del hebreo \u00abkinor\u00bb (<a title=\"Kinnor\" href=\"https:\/\/es.wikipedia.org\/wiki\/Kinnor\">kinnor<\/a>) debido a su forma de arpa primitiva o lira;<sup id=\"cite_ref-1\" class=\"reference separada\"><a href=\"https:\/\/es.wikipedia.org\/wiki\/Mar_de_Galilea#cite_note-1\">1<\/a><\/sup>\u200b en\u00a0<a title=\"Idioma \u00e1rabe\" href=\"https:\/\/es.wikipedia.org\/wiki\/Idioma_%C3%A1rabe\">\u00e1rabe<\/a>:\u00a0<span dir=\"rtl\" lang=\"ar\">\u0628\u062d\u064a\u0631\u0629 \u0637\u0628\u0631\u064a\u0627, Buhayrat Tibiriy\u0101<\/span>\u200e), es un\u00a0<a title=\"Lago\" href=\"https:\/\/es.wikipedia.org\/wiki\/Lago\">lago<\/a>\u00a0de agua dulce de\u00a0<a title=\"Asia\" href=\"https:\/\/es.wikipedia.org\/wiki\/Asia\">Asia<\/a>\u00a0occidental, situado en la regi\u00f3n del\u00a0<a title=\"Oriente Pr\u00f3ximo\" href=\"https:\/\/es.wikipedia.org\/wiki\/Oriente_Pr%C3%B3ximo\">Oriente Pr\u00f3ximo<\/a>, y perteneciente a\u00a0<a title=\"Israel\" href=\"https:\/\/es.wikipedia.org\/wiki\/Israel\">Israel<\/a>, incluida una estrecha franja costera de 10 metros de anchura en su costa nororiental.<sup id=\"cite_ref-2\" class=\"reference separada\"><a href=\"https:\/\/es.wikipedia.org\/wiki\/Mar_de_Galilea#cite_note-2\">2<\/a><\/sup>\u200b<\/p>\n<p>En la orilla ponentina se sit\u00faa la ciudad de\u00a0<a title=\"Tiber\u00edades\" href=\"https:\/\/es.wikipedia.org\/wiki\/Tiber%C3%ADades\">Tiber\u00edades<\/a>, construida por\u00a0<a title=\"Herodes Antipas\" href=\"https:\/\/es.wikipedia.org\/wiki\/Herodes_Antipas\">Herodes Antipas<\/a>\u00a0en honor al\u00a0<a title=\"Emperador romano\" href=\"https:\/\/es.wikipedia.org\/wiki\/Emperador_romano\">emperador romano<\/a>\u00a0<a title=\"Tiberio\" href=\"https:\/\/es.wikipedia.org\/wiki\/Tiberio\">Tiberio<\/a>.<\/p>","protected":false},"excerpt":{"rendered":"<p>Sobre Primer dia , hojita bloque de 9 valores del Mar de Galilea 1992<\/p>","protected":false},"featured_media":914,"comment_status":"open","ping_status":"closed","template":"","meta":{"_acf_changed":false},"product_brand":[],"product_cat":[306,19,291],"product_tag":[145,134,166,190,328,158,329,189],"class_list":{"0":"post-575","1":"product","2":"type-product","3":"status-publish","4":"has-post-thumbnail","6":"product_cat-bloque","7":"product_cat-spd-sobres-primer-dia","8":"product_cat-spd-gran-formato","9":"product_tag-145","10":"product_tag-134","11":"product_tag-agua","12":"product_tag-fdc","13":"product_tag-galilea","14":"product_tag-israel","15":"product_tag-mar-de-galilea","16":"product_tag-spd","17":"thunk-woo-product-list","18":"opn-qv-enable","19":"open-woo-hover-zoom","20":"open-single-product-tab-horizontal","21":"open-shadow-","22":"open-shadow-hover-","24":"first","25":"instock","26":"sale","27":"shipping-taxable","28":"purchasable","29":"product-type-simple"},"acf":[],"jetpack_sharing_enabled":true,"_links":{"self":[{"href":"https:\/\/filatelia.cuentista.es\/en\/wp-json\/wp\/v2\/product\/575","targetHints":{"allow":["GET"]}}],"collection":[{"href":"https:\/\/filatelia.cuentista.es\/en\/wp-json\/wp\/v2\/product"}],"about":[{"href":"https:\/\/filatelia.cuentista.es\/en\/wp-json\/wp\/v2\/types\/product"}],"replies":[{"embeddable":true,"href":"https:\/\/filatelia.cuentista.es\/en\/wp-json\/wp\/v2\/comments?post=575"}],"wp:featuredmedia":[{"embeddable":true,"href":"https:\/\/filatelia.cuentista.es\/en\/wp-json\/wp\/v2\/media\/914"}],"wp:attachment":[{"href":"https:\/\/filatelia.cuentista.es\/en\/wp-json\/wp\/v2\/media?parent=575"}],"wp:term":[{"taxonomy":"product_brand","embeddable":true,"href":"https:\/\/filatelia.cuentista.es\/en\/wp-json\/wp\/v2\/product_brand?post=575"},{"taxonomy":"product_cat","embeddable":true,"href":"https:\/\/filatelia.cuentista.es\/en\/wp-json\/wp\/v2\/product_cat?post=575"},{"taxonomy":"product_tag","embeddable":true,"href":"https:\/\/filatelia.cuentista.es\/en\/wp-json\/wp\/v2\/product_tag?post=575"}],"curies":[{"name":"wp","href":"https:\/\/api.w.org\/{rel}","templated":true}]}}