{"id":5745,"date":"2024-10-19T19:33:01","date_gmt":"2024-10-19T19:33:01","guid":{"rendered":"https:\/\/filatelia.cuentista.es\/product\/sello-ecuador-1958-ferrocarril-guayaquil-050-sucre-rojo-usado"},"modified":"2024-10-19T19:33:07","modified_gmt":"2024-10-19T19:33:07","slug":"sello-ecuador-1958-ferrocarril-guayaquil-050-sucre-rojo-usado","status":"publish","type":"product","link":"https:\/\/filatelia.cuentista.es\/en\/product\/sello-ecuador-1958-ferrocarril-guayaquil-050-sucre-rojo-usado","title":{"rendered":"Sello Ecuador 1958 &#8211; Ferrocarril Guayaquil &#8211; 0,50 Sucre Rojo Usado"},"content":{"rendered":"<p>Diesel locomotive 1958<\/p>\n<p><img class=\"size-full\"><\/p>\n<p>Pa\u00eds:<\/p>\n<p>Ecuador<\/p>\n<p>Serie:<\/p>\n<p>Guayaquil-Quito Railway Track, 50th Anniv.<\/p>\n<p>C\u00f3digo de cat\u00e1logo:<\/p>\n<p>Michel EC 971<\/p>\n<p>Stamp Number EC 643<\/p>\n<p>Yvert et Tellier EC 642<\/p>\n<p>Stanley Gibbons EC 1110<\/p>\n<p>Bertossa EC 1015<\/p>\n<p>Temas:<\/p>\n<p>Ferrocarriles | Locomotoras<\/p>\n<p>Fecha emisi\u00f3n:<\/p>\n<p>1958-08-09<\/p>\n<p>Tama\u00f1o:<\/p>\n<p>39 x 30 mm<\/p>\n<p>Colores:<\/p>\n<p>Rojo Marr\u00f3n<\/p>\n<p>Marca de agua:<\/p>\n<p>Sin Marca de agua<\/p>\n<p>Impresores\/Imprentas:<\/p>\n<p>\u00d6sterreichische Staatsdruckerei (Austrian State Printer)<\/p>\n<p>Formato:<\/p>\n<p>Sello<\/p>\n<p>Emisi\u00f3n:<\/p>\n<p>Conmemorativo<\/p>\n<p>Perforaci\u00f3n:<\/p>\n<p>14<\/p>\n<p>Impresi\u00f3n:<\/p>\n<p>Fotograbado<\/p>\n<p>Valor facial:<\/p>\n<p>0,50 S\/. &#8211; Sucre Ecuatoriano<\/p>\n<p><a href=\"https:\/\/colnect.com\/stamps\/stamp\/528671\">https:\/\/colnect.com\/stamps\/stamp\/528671<\/a><\/p>","protected":false},"excerpt":{"rendered":"<p>Diesel locomotive 1958 Pa\u00eds: Ecuador Serie: Guayaquil-Quito Railway Track, 50th Anniv. C\u00f3digo de cat\u00e1logo: Michel EC 971 Stamp Number EC 643 Yvert et Tellier EC 642 Stanley Gibbons EC 1110 Bertossa EC 1015 Temas: Ferrocarriles | Locomotoras Fecha emisi\u00f3n: 1958-08-09 Tama\u00f1o: 39 x 30 mm Colores: Rojo Marr\u00f3n Marca de agua: Sin Marca de agua &hellip;<\/p>\n<p class=\"read-more\"> <a class=\"thunk-readmore button\" href=\"https:\/\/filatelia.cuentista.es\/en\/product\/sello-ecuador-1958-ferrocarril-guayaquil-050-sucre-rojo-usado\"> <span class=\"screen-reader-text\">Sello Ecuador 1958 &#8211; Ferrocarril Guayaquil &#8211; 0,50 Sucre Rojo Usado<\/span>Read More<\/a><\/p>","protected":false},"featured_media":4168,"comment_status":"open","ping_status":"closed","template":"","meta":{"_acf_changed":false},"product_brand":[],"product_cat":[1213,20],"product_tag":[],"class_list":{"0":"post-5745","1":"product","2":"type-product","3":"status-publish","4":"has-post-thumbnail","6":"product_cat-ecuador","7":"product_cat-sellos-usados","8":"thunk-woo-product-list","9":"opn-qv-enable","10":"open-woo-hover-zoom","11":"open-single-product-tab-horizontal","12":"open-shadow-","13":"open-shadow-hover-","15":"first","16":"instock","17":"shipping-taxable","18":"purchasable","19":"product-type-simple"},"acf":[],"jetpack_sharing_enabled":true,"_links":{"self":[{"href":"https:\/\/filatelia.cuentista.es\/en\/wp-json\/wp\/v2\/product\/5745","targetHints":{"allow":["GET"]}}],"collection":[{"href":"https:\/\/filatelia.cuentista.es\/en\/wp-json\/wp\/v2\/product"}],"about":[{"href":"https:\/\/filatelia.cuentista.es\/en\/wp-json\/wp\/v2\/types\/product"}],"replies":[{"embeddable":true,"href":"https:\/\/filatelia.cuentista.es\/en\/wp-json\/wp\/v2\/comments?post=5745"}],"wp:featuredmedia":[{"embeddable":true,"href":"https:\/\/filatelia.cuentista.es\/en\/wp-json\/wp\/v2\/media\/4168"}],"wp:attachment":[{"href":"https:\/\/filatelia.cuentista.es\/en\/wp-json\/wp\/v2\/media?parent=5745"}],"wp:term":[{"taxonomy":"product_brand","embeddable":true,"href":"https:\/\/filatelia.cuentista.es\/en\/wp-json\/wp\/v2\/product_brand?post=5745"},{"taxonomy":"product_cat","embeddable":true,"href":"https:\/\/filatelia.cuentista.es\/en\/wp-json\/wp\/v2\/product_cat?post=5745"},{"taxonomy":"product_tag","embeddable":true,"href":"https:\/\/filatelia.cuentista.es\/en\/wp-json\/wp\/v2\/product_tag?post=5745"}],"curies":[{"name":"wp","href":"https:\/\/api.w.org\/{rel}","templated":true}]}}