{"id":5737,"date":"2024-10-19T15:44:00","date_gmt":"2024-10-19T15:44:00","guid":{"rendered":"https:\/\/filatelia.cuentista.es\/product\/sello-ecuador-1972-escudo-aereo-4"},"modified":"2024-10-19T15:44:07","modified_gmt":"2024-10-19T15:44:07","slug":"sello-ecuador-1972-escudo-aereo-4","status":"publish","type":"product","link":"https:\/\/filatelia.cuentista.es\/en\/product\/sello-ecuador-1972-escudo-aereo-4","title":{"rendered":"Sello Ecuador 1972 &#8211; Escudo A\u00e9reo &#8211; 4"},"content":{"rendered":"<p>Coat of Arms<\/p>\n<p><img class=\"size-full\"><\/p>\n<p>Pa\u00eds:<\/p>\n<p>Ecuador<\/p>\n<p>Serie:<\/p>\n<p>Civic and Armed Forces Day<\/p>\n<p>C\u00f3digo de cat\u00e1logo:<\/p>\n<p>Michel EC 1589<\/p>\n<p>Stamp Number EC C515<\/p>\n<p>Yvert et Tellier EC PA557<\/p>\n<p>Stanley Gibbons EC 1505<\/p>\n<p>Bertossa EC 1601<\/p>\n<p>Temas:<\/p>\n<p>Escudo de Armas | Fuerzas Militares<\/p>\n<p>Fecha emisi\u00f3n:<\/p>\n<p>1972-11-18<\/p>\n<p>Tama\u00f1o:<\/p>\n<p>28 x 38 mm<\/p>\n<p>Colores:<\/p>\n<p>Multicolor<\/p>\n<p>Marca de agua:<\/p>\n<p>Sin Marca de agua<\/p>\n<p>Impresores\/Imprentas:<\/p>\n<p>Instituto Geogr\u00e1fico Militar, Quito<\/p>\n<p>Formato:<\/p>\n<p>Sello<\/p>\n<p>Emisi\u00f3n:<\/p>\n<p>Correo A\u00e9reo<\/p>\n<p>Perforaci\u00f3n:<\/p>\n<p>l\u00ednea12 x 11\u00bd<\/p>\n<p>Impresi\u00f3n:<\/p>\n<p>Litograf\u00eda offset<\/p>\n<p>Papel:<\/p>\n<p>phosphorescent<\/p>\n<p>Valor facial:<\/p>\n<p>4,50 S\/. &#8211; Sucre Ecuatoriano<\/p>\n<p>Tiraje:<\/p>\n<p>1.000.000<\/p>\n<p>Puntuaci\u00f3n:<\/p>\n<p>40% Precisi\u00f3n: Media<\/p>\n<p>Descripci\u00f3n:<\/p>\n<p>Phosph. Inscripci\u00f3n \u00bb SUMINISTRO DEL ESTADO GOBIERNO DEL ECUADOR\u00bb<\/p>\n<p>Variedad: Phosphorescent inscription \u00abEMPRESA NACIONAL DEL ESTADO SERVICIO DE CORREOS NACIONALES\u00bb (BE 1601.A)<\/p>\n<p><a href=\"https:\/\/colnect.com\/stamps\/stamp\/460257\">https:\/\/colnect.com\/stamps\/stamp\/460257<\/a><\/p>","protected":false},"excerpt":{"rendered":"<p>Coat of Arms Pa\u00eds: Ecuador Serie: Civic and Armed Forces Day C\u00f3digo de cat\u00e1logo: Michel EC 1589 Stamp Number EC C515 Yvert et Tellier EC PA557 Stanley Gibbons EC 1505 Bertossa EC 1601 Temas: Escudo de Armas | Fuerzas Militares Fecha emisi\u00f3n: 1972-11-18 Tama\u00f1o: 28 x 38 mm Colores: Multicolor Marca de agua: Sin Marca &hellip;<\/p>\n<p class=\"read-more\"> <a class=\"thunk-readmore button\" href=\"https:\/\/filatelia.cuentista.es\/en\/product\/sello-ecuador-1972-escudo-aereo-4\"> <span class=\"screen-reader-text\">Sello Ecuador 1972 &#8211; Escudo A\u00e9reo &#8211; 4<\/span>Read More<\/a><\/p>","protected":false},"featured_media":4160,"comment_status":"open","ping_status":"closed","template":"","meta":{"_acf_changed":false},"product_brand":[],"product_cat":[815,1213],"product_tag":[],"class_list":{"0":"post-5737","1":"product","2":"type-product","3":"status-publish","4":"has-post-thumbnail","6":"product_cat-correo-aereo","7":"product_cat-ecuador","8":"thunk-woo-product-list","9":"opn-qv-enable","10":"open-woo-hover-zoom","11":"open-single-product-tab-horizontal","12":"open-shadow-","13":"open-shadow-hover-","15":"first","16":"instock","17":"shipping-taxable","18":"purchasable","19":"product-type-simple"},"acf":[],"jetpack_sharing_enabled":true,"_links":{"self":[{"href":"https:\/\/filatelia.cuentista.es\/en\/wp-json\/wp\/v2\/product\/5737","targetHints":{"allow":["GET"]}}],"collection":[{"href":"https:\/\/filatelia.cuentista.es\/en\/wp-json\/wp\/v2\/product"}],"about":[{"href":"https:\/\/filatelia.cuentista.es\/en\/wp-json\/wp\/v2\/types\/product"}],"replies":[{"embeddable":true,"href":"https:\/\/filatelia.cuentista.es\/en\/wp-json\/wp\/v2\/comments?post=5737"}],"wp:featuredmedia":[{"embeddable":true,"href":"https:\/\/filatelia.cuentista.es\/en\/wp-json\/wp\/v2\/media\/4160"}],"wp:attachment":[{"href":"https:\/\/filatelia.cuentista.es\/en\/wp-json\/wp\/v2\/media?parent=5737"}],"wp:term":[{"taxonomy":"product_brand","embeddable":true,"href":"https:\/\/filatelia.cuentista.es\/en\/wp-json\/wp\/v2\/product_brand?post=5737"},{"taxonomy":"product_cat","embeddable":true,"href":"https:\/\/filatelia.cuentista.es\/en\/wp-json\/wp\/v2\/product_cat?post=5737"},{"taxonomy":"product_tag","embeddable":true,"href":"https:\/\/filatelia.cuentista.es\/en\/wp-json\/wp\/v2\/product_tag?post=5737"}],"curies":[{"name":"wp","href":"https:\/\/api.w.org\/{rel}","templated":true}]}}