{"id":573,"date":"2024-07-20T06:39:55","date_gmt":"2024-07-20T06:39:55","guid":{"rendered":"https:\/\/filatelia.cuentista.es\/product\/israel-1972-gates-of-jerusalem"},"modified":"2024-08-03T06:45:08","modified_gmt":"2024-08-03T06:45:08","slug":"israel-1972-gates-of-jerusalem","status":"publish","type":"product","link":"https:\/\/filatelia.cuentista.es\/en\/product\/israel-1972-gates-of-jerusalem","title":{"rendered":"Sobre Primer Dia &#8211; Israel 1972 &#8211; Gates of Jerusalem"},"content":{"rendered":"<p>Sobre Primer dia &#8211; Puertas de Jerusalem 1972 &#8211; Hoja souvenir con cuatro valores<\/p>\n<p>La\u00a0<a title=\"Ciudad Vieja de Jerusal\u00e9n\" href=\"https:\/\/www.jerusalen.com\/ciudad-vieja\">Ciudad Vieja de Jerusal\u00e9n<\/a>\u00a0est\u00e1 protegida con ocho puertas, en cuyos nombres se escribe la\u00a0<a title=\"Historia de Jerusal\u00e9n\" href=\"https:\/\/www.jerusalen.com\/historia\">historia de Jerusal\u00e9n<\/a>. Desde la famosa\u00a0<strong>Puerta de Jaffa<\/strong>\u00a0hasta la misteriosa\u00a0<strong>Puerta Dorada<\/strong>, todas guardan alguna peculiaridad.<\/p>\n<p class=\"p1\">Una <b>hojita souvenir<\/b> en filatelia es una peque\u00f1a hoja de papel que contiene uno o varios sellos postales, a menudo con un dise\u00f1o especial y conmemorativo. Estas hojitas suelen ser m\u00e1s peque\u00f1as que las hojas bloque y se utilizan principalmente como objetos de colecci\u00f3n.<\/p>\n<p class=\"p1\"><b>Los sobres de primer d\u00eda son objetos de colecci\u00f3n muy valorados por los filat\u00e9licos.<\/b> Estos sobres especiales se utilizan para enviar una carta el mismo d\u00eda en que se emite un nuevo sello postal. Al ser los primeros en utilizar ese sello en particular, adquieren un valor a\u00f1adido para los coleccionistas. Los sobres de primer d\u00eda suelen incluir un matasellos con la fecha de emisi\u00f3n y el nombre de la oficina de correos donde se expidi\u00f3 el sello, lo que los convierte en piezas \u00fanicas y aut\u00e9nticas. Adem\u00e1s de su valor filat\u00e9lico, estos sobres a menudo presentan dise\u00f1os atractivos y conmemorativos, relacionados con el tema del sello emitido, lo que los convierte en peque\u00f1os tesoros para los amantes de la historia y el arte postal.<\/p>\n<p>GATES OF JERUSALEM<br \/>\nEXHIBITION<br \/>\nINDEPENDENCE DAY<\/p>","protected":false},"excerpt":{"rendered":"<p>Sobre Primer dia &#8211; Puertas de Jerusalem 1972 &#8211; Hoja souvenir con cuatro valores<\/p>","protected":false},"featured_media":920,"comment_status":"open","ping_status":"closed","template":"","meta":{"_acf_changed":false},"product_brand":[],"product_cat":[19],"product_tag":[86,190,338,158,337,339,189],"class_list":{"0":"post-573","1":"product","2":"type-product","3":"status-publish","4":"has-post-thumbnail","6":"product_cat-spd-sobres-primer-dia","7":"product_tag-86","8":"product_tag-fdc","9":"product_tag-gates","10":"product_tag-israel","11":"product_tag-jerusalem","12":"product_tag-puertas","13":"product_tag-spd","14":"thunk-woo-product-list","15":"opn-qv-enable","16":"open-woo-hover-zoom","17":"open-single-product-tab-horizontal","18":"open-shadow-","19":"open-shadow-hover-","21":"first","22":"instock","23":"sale","24":"shipping-taxable","25":"purchasable","26":"product-type-simple"},"acf":[],"jetpack_sharing_enabled":true,"_links":{"self":[{"href":"https:\/\/filatelia.cuentista.es\/en\/wp-json\/wp\/v2\/product\/573","targetHints":{"allow":["GET"]}}],"collection":[{"href":"https:\/\/filatelia.cuentista.es\/en\/wp-json\/wp\/v2\/product"}],"about":[{"href":"https:\/\/filatelia.cuentista.es\/en\/wp-json\/wp\/v2\/types\/product"}],"replies":[{"embeddable":true,"href":"https:\/\/filatelia.cuentista.es\/en\/wp-json\/wp\/v2\/comments?post=573"}],"wp:featuredmedia":[{"embeddable":true,"href":"https:\/\/filatelia.cuentista.es\/en\/wp-json\/wp\/v2\/media\/920"}],"wp:attachment":[{"href":"https:\/\/filatelia.cuentista.es\/en\/wp-json\/wp\/v2\/media?parent=573"}],"wp:term":[{"taxonomy":"product_brand","embeddable":true,"href":"https:\/\/filatelia.cuentista.es\/en\/wp-json\/wp\/v2\/product_brand?post=573"},{"taxonomy":"product_cat","embeddable":true,"href":"https:\/\/filatelia.cuentista.es\/en\/wp-json\/wp\/v2\/product_cat?post=573"},{"taxonomy":"product_tag","embeddable":true,"href":"https:\/\/filatelia.cuentista.es\/en\/wp-json\/wp\/v2\/product_tag?post=573"}],"curies":[{"name":"wp","href":"https:\/\/api.w.org\/{rel}","templated":true}]}}