{"id":572,"date":"2024-07-20T06:39:55","date_gmt":"2024-07-20T06:39:55","guid":{"rendered":"https:\/\/filatelia.cuentista.es\/product\/israel-1976-esther-928-souvenirs-sheet"},"modified":"2024-08-02T21:20:36","modified_gmt":"2024-08-02T21:20:36","slug":"israel-1976-esther-928-souvenirs-sheet","status":"publish","type":"product","link":"https:\/\/filatelia.cuentista.es\/en\/product\/israel-1976-esther-928-souvenirs-sheet","title":{"rendered":"Sobre Primer Dia &#8211; Israel 1976 &#8211; Esther 9,28 &#8211; Souvenirs Sheet"},"content":{"rendered":"<p>Sobre de primer dia con un pasaje de la biblia con tres valores y sello de jerusalen<\/p>\n<p>and that these days of Purim should never fall into disuse among the Jews, nor should the commemora ESTHER 9.28<\/p>\n<p>&nbsp;<\/p>\n<p>Esther 9:28 es un pasaje de la biblia de la reina Valera que tambien se traduce como: As\u00ed estos d\u00edas ser\u00edan recordados y celebrados por todas las generaciones, por cada familia, cada provincia y cada ciudad; para que estos d\u00edas de Purim no dejaran de celebrarse entre los jud\u00edos, ni su memoria se extinguiera entre sus descendientes.<\/p>\n<p class=\"p1\"><b>Los sobres de primer d\u00eda son objetos de colecci\u00f3n muy valorados por los filat\u00e9licos.<\/b> Estos sobres especiales se utilizan para enviar una carta el mismo d\u00eda en que se emite un nuevo sello postal. Al ser los primeros en utilizar ese sello en particular, adquieren un valor a\u00f1adido para los coleccionistas. Los sobres de primer d\u00eda suelen incluir un matasellos con la fecha de emisi\u00f3n y el nombre de la oficina de correos donde se expidi\u00f3 el sello, lo que los convierte en piezas \u00fanicas y aut\u00e9nticas. Adem\u00e1s de su valor filat\u00e9lico, estos sobres a menudo presentan dise\u00f1os atractivos y conmemorativos, relacionados con el tema del sello emitido, lo que los convierte en peque\u00f1os tesoros para los amantes de la historia y el arte postal.<\/p>","protected":false},"excerpt":{"rendered":"<p>Sobre de primer dia con un pasaje de la biblia con tres valores y sello de jerusalen<\/p>","protected":false},"featured_media":916,"comment_status":"open","ping_status":"closed","template":"","meta":{"_acf_changed":false},"product_brand":[],"product_cat":[19],"product_tag":[159,330,331,190,158,189,332],"class_list":{"0":"post-572","1":"product","2":"type-product","3":"status-publish","4":"has-post-thumbnail","6":"product_cat-spd-sobres-primer-dia","7":"product_tag-159","8":"product_tag-biblia","9":"product_tag-esther","10":"product_tag-fdc","11":"product_tag-israel","12":"product_tag-spd","13":"product_tag-valera","14":"thunk-woo-product-list","15":"opn-qv-enable","16":"open-woo-hover-zoom","17":"open-single-product-tab-horizontal","18":"open-shadow-","19":"open-shadow-hover-","21":"first","22":"instock","23":"sale","24":"shipping-taxable","25":"purchasable","26":"product-type-simple"},"acf":[],"jetpack_sharing_enabled":true,"_links":{"self":[{"href":"https:\/\/filatelia.cuentista.es\/en\/wp-json\/wp\/v2\/product\/572","targetHints":{"allow":["GET"]}}],"collection":[{"href":"https:\/\/filatelia.cuentista.es\/en\/wp-json\/wp\/v2\/product"}],"about":[{"href":"https:\/\/filatelia.cuentista.es\/en\/wp-json\/wp\/v2\/types\/product"}],"replies":[{"embeddable":true,"href":"https:\/\/filatelia.cuentista.es\/en\/wp-json\/wp\/v2\/comments?post=572"}],"wp:featuredmedia":[{"embeddable":true,"href":"https:\/\/filatelia.cuentista.es\/en\/wp-json\/wp\/v2\/media\/916"}],"wp:attachment":[{"href":"https:\/\/filatelia.cuentista.es\/en\/wp-json\/wp\/v2\/media?parent=572"}],"wp:term":[{"taxonomy":"product_brand","embeddable":true,"href":"https:\/\/filatelia.cuentista.es\/en\/wp-json\/wp\/v2\/product_brand?post=572"},{"taxonomy":"product_cat","embeddable":true,"href":"https:\/\/filatelia.cuentista.es\/en\/wp-json\/wp\/v2\/product_cat?post=572"},{"taxonomy":"product_tag","embeddable":true,"href":"https:\/\/filatelia.cuentista.es\/en\/wp-json\/wp\/v2\/product_tag?post=572"}],"curies":[{"name":"wp","href":"https:\/\/api.w.org\/{rel}","templated":true}]}}