{"id":5712,"date":"2024-10-19T08:09:10","date_gmt":"2024-10-19T08:09:10","guid":{"rendered":"https:\/\/filatelia.cuentista.es\/product\/sello-ecuador-1897-upu-1895-5-centavos-verde-usado"},"modified":"2024-10-19T08:09:15","modified_gmt":"2024-10-19T08:09:15","slug":"sello-ecuador-1897-upu-1895-5-centavos-verde-usado","status":"publish","type":"product","link":"https:\/\/filatelia.cuentista.es\/en\/product\/sello-ecuador-1897-upu-1895-5-centavos-verde-usado","title":{"rendered":"Sello Ecuador 1897 &#8211; UPU 1895 &#8211; 5 centavos Verde Usado"},"content":{"rendered":"<p>Rocafuerte 1894<\/p>\n<p><img class=\"size-full\"><img class=\"size-full\"><\/p>\n<p>Pa\u00eds:<\/p>\n<p>Ecuador<\/p>\n<p>Serie:<\/p>\n<p>Definitives overprinted 1897 1898<\/p>\n<p>C\u00f3digo de cat\u00e1logo:<\/p>\n<p>Michel EC 83II<\/p>\n<p>Stamp Number EC 95<\/p>\n<p>Yvert et Tellier EC 78B<\/p>\n<p>Bertossa EC 80.A(B)<\/p>\n<p>Variantes:<\/p>\n<p>Click para ver variantes<\/p>\n<p>Temas:<\/p>\n<p>Autores | Diplom\u00e1ticos | Gente de Letras (escritores y poetas) | Jefes de Estado | Literatura | Personajes Famosos | Personajes de la Independencia | Pol\u00edticos<\/p>\n<p>Fecha emisi\u00f3n:<\/p>\n<p>1897<\/p>\n<p>Tama\u00f1o:<\/p>\n<p>24 x 27 mm<\/p>\n<p>Colores:<\/p>\n<p>Verde Azul<\/p>\n<p>Marca de agua:<\/p>\n<p>Sin Marca de agua<\/p>\n<p>Impresores\/Imprentas:<\/p>\n<p>Hamilton Bank Note Co.<\/p>\n<p>Formato:<\/p>\n<p>Sello<\/p>\n<p>Emisi\u00f3n:<\/p>\n<p>Definitivo<\/p>\n<p>Perforaci\u00f3n:<\/p>\n<p>12<\/p>\n<p>Impresi\u00f3n:<\/p>\n<p>Rebaje<\/p>\n<p>Valor facial:<\/p>\n<p>5 \u00a2 &#8211; Centavo Ecuatoriano<\/p>\n<p>Puntuaci\u00f3n:<\/p>\n<p>77% Precisi\u00f3n: Media<\/p>\n<p>Descripci\u00f3n:<\/p>\n<p>Smaller overprint (18x3mm).<\/p>\n<p>According to the ecuadorian catalog, exist with type III (1897 Y 1898) overprint, too -Not listed by MI.<\/p>\n<p><a href=\"https:\/\/colnect.com\/stamps\/stamp\/498792\">https:\/\/colnect.com\/stamps\/stamp\/498792<\/a><\/p>","protected":false},"excerpt":{"rendered":"<p>Rocafuerte 1894 Pa\u00eds: Ecuador Serie: Definitives overprinted 1897 1898 C\u00f3digo de cat\u00e1logo: Michel EC 83II Stamp Number EC 95 Yvert et Tellier EC 78B Bertossa EC 80.A(B) Variantes: Click para ver variantes Temas: Autores | Diplom\u00e1ticos | Gente de Letras (escritores y poetas) | Jefes de Estado | Literatura | Personajes Famosos | Personajes de &hellip;<\/p>\n<p class=\"read-more\"> <a class=\"thunk-readmore button\" href=\"https:\/\/filatelia.cuentista.es\/en\/product\/sello-ecuador-1897-upu-1895-5-centavos-verde-usado\"> <span class=\"screen-reader-text\">Sello Ecuador 1897 &#8211; UPU 1895 &#8211; 5 centavos Verde Usado<\/span>Read More<\/a><\/p>","protected":false},"featured_media":4155,"comment_status":"open","ping_status":"closed","template":"","meta":{"_acf_changed":false},"product_brand":[],"product_cat":[1213,20],"product_tag":[],"class_list":{"0":"post-5712","1":"product","2":"type-product","3":"status-publish","4":"has-post-thumbnail","6":"product_cat-ecuador","7":"product_cat-sellos-usados","8":"thunk-woo-product-list","9":"opn-qv-enable","10":"open-woo-hover-zoom","11":"open-single-product-tab-horizontal","12":"open-shadow-","13":"open-shadow-hover-","15":"first","16":"instock","17":"shipping-taxable","18":"purchasable","19":"product-type-simple"},"acf":[],"jetpack_sharing_enabled":true,"_links":{"self":[{"href":"https:\/\/filatelia.cuentista.es\/en\/wp-json\/wp\/v2\/product\/5712","targetHints":{"allow":["GET"]}}],"collection":[{"href":"https:\/\/filatelia.cuentista.es\/en\/wp-json\/wp\/v2\/product"}],"about":[{"href":"https:\/\/filatelia.cuentista.es\/en\/wp-json\/wp\/v2\/types\/product"}],"replies":[{"embeddable":true,"href":"https:\/\/filatelia.cuentista.es\/en\/wp-json\/wp\/v2\/comments?post=5712"}],"wp:featuredmedia":[{"embeddable":true,"href":"https:\/\/filatelia.cuentista.es\/en\/wp-json\/wp\/v2\/media\/4155"}],"wp:attachment":[{"href":"https:\/\/filatelia.cuentista.es\/en\/wp-json\/wp\/v2\/media?parent=5712"}],"wp:term":[{"taxonomy":"product_brand","embeddable":true,"href":"https:\/\/filatelia.cuentista.es\/en\/wp-json\/wp\/v2\/product_brand?post=5712"},{"taxonomy":"product_cat","embeddable":true,"href":"https:\/\/filatelia.cuentista.es\/en\/wp-json\/wp\/v2\/product_cat?post=5712"},{"taxonomy":"product_tag","embeddable":true,"href":"https:\/\/filatelia.cuentista.es\/en\/wp-json\/wp\/v2\/product_tag?post=5712"}],"curies":[{"name":"wp","href":"https:\/\/api.w.org\/{rel}","templated":true}]}}