{"id":5710,"date":"2024-10-19T07:12:58","date_gmt":"2024-10-19T07:12:58","guid":{"rendered":"https:\/\/filatelia.cuentista.es\/product\/catalogo-de-sellos-yvert-et-tellier-1953-tomo-iii-africa-america-asia-oceania"},"modified":"2024-10-19T07:13:02","modified_gmt":"2024-10-19T07:13:02","slug":"catalogo-de-sellos-yvert-et-tellier-1953-tomo-iii-africa-america-asia-oceania","status":"publish","type":"product","link":"https:\/\/filatelia.cuentista.es\/en\/product\/catalogo-de-sellos-yvert-et-tellier-1953-tomo-iii-africa-america-asia-oceania","title":{"rendered":"Cat\u00e1logo de Sellos Yvert et Tellier 1953 &#8211; Tomo III &#8211; Africa , America , Asia, Oceania"},"content":{"rendered":"<p>CATALOGUE DE TIMBRES-POSTE<\/p>\n<p>YVERT&amp;TELLIER-CHAMPION<\/p>\n<p>AFRIQUE<\/p>\n<p>AM\u00c9RIQUE<\/p>\n<p>ASIE &#8211; OC\u00c9ANIE<\/p>\n<p>Catalogue Prix &#8211; Courant<\/p>\n<p>DE TOUS LES TIMBRES &#8211; POSTE &amp; T\u00c9L\u00c9GRAPHE<\/p>\n<p>B. &#8211; Pays d&#8217;Atrigue, d&#8217;Am\u00e9riqua.<\/p>\n<p>o Texception des Colonies trangataas et des tarritoires<\/p>","protected":false},"excerpt":{"rendered":"<p>CATALOGUE DE TIMBRES-POSTE YVERT&amp;TELLIER-CHAMPION AFRIQUE AM\u00c9RIQUE ASIE &#8211; OC\u00c9ANIE Catalogue Prix &#8211; Courant DE TOUS LES TIMBRES &#8211; POSTE &amp; T\u00c9L\u00c9GRAPHE B. &#8211; Pays d&#8217;Atrigue, d&#8217;Am\u00e9riqua. o Texception des Colonies trangataas et des tarritoires<\/p>","protected":false},"featured_media":5709,"comment_status":"open","ping_status":"closed","template":"","meta":{"_acf_changed":false},"product_brand":[],"product_cat":[886],"product_tag":[],"class_list":{"0":"post-5710","1":"product","2":"type-product","3":"status-publish","4":"has-post-thumbnail","6":"product_cat-catalogo-filatelia","7":"thunk-woo-product-list","8":"opn-qv-enable","9":"open-woo-hover-zoom","10":"open-single-product-tab-horizontal","11":"open-shadow-","12":"open-shadow-hover-","14":"first","15":"instock","16":"sale","17":"shipping-taxable","18":"purchasable","19":"product-type-simple"},"acf":[],"jetpack_sharing_enabled":true,"_links":{"self":[{"href":"https:\/\/filatelia.cuentista.es\/en\/wp-json\/wp\/v2\/product\/5710","targetHints":{"allow":["GET"]}}],"collection":[{"href":"https:\/\/filatelia.cuentista.es\/en\/wp-json\/wp\/v2\/product"}],"about":[{"href":"https:\/\/filatelia.cuentista.es\/en\/wp-json\/wp\/v2\/types\/product"}],"replies":[{"embeddable":true,"href":"https:\/\/filatelia.cuentista.es\/en\/wp-json\/wp\/v2\/comments?post=5710"}],"wp:featuredmedia":[{"embeddable":true,"href":"https:\/\/filatelia.cuentista.es\/en\/wp-json\/wp\/v2\/media\/5709"}],"wp:attachment":[{"href":"https:\/\/filatelia.cuentista.es\/en\/wp-json\/wp\/v2\/media?parent=5710"}],"wp:term":[{"taxonomy":"product_brand","embeddable":true,"href":"https:\/\/filatelia.cuentista.es\/en\/wp-json\/wp\/v2\/product_brand?post=5710"},{"taxonomy":"product_cat","embeddable":true,"href":"https:\/\/filatelia.cuentista.es\/en\/wp-json\/wp\/v2\/product_cat?post=5710"},{"taxonomy":"product_tag","embeddable":true,"href":"https:\/\/filatelia.cuentista.es\/en\/wp-json\/wp\/v2\/product_tag?post=5710"}],"curies":[{"name":"wp","href":"https:\/\/api.w.org\/{rel}","templated":true}]}}