{"id":5702,"date":"2024-10-19T05:08:14","date_gmt":"2024-10-19T05:08:14","guid":{"rendered":"https:\/\/filatelia.cuentista.es\/product\/moneda-zimbabue-50-centavos-2001"},"modified":"2024-11-10T20:33:55","modified_gmt":"2024-11-10T20:33:55","slug":"moneda-zimbabue-50-centavos-2001","status":"publish","type":"product","link":"https:\/\/filatelia.cuentista.es\/en\/product\/moneda-zimbabue-50-centavos-2001","title":{"rendered":"Moneda Zimbabue &#8211; 50 centavos &#8211; 2001"},"content":{"rendered":"<p>Detalles de la moneda<br \/>\nPais: Zimbabue<br \/>\nPeriodo: Rep\u00fablica de Zimbabue<br \/>\nDenominaci\u00f3n: 50 centavos<br \/>\nA\u00f1o : 2001<br \/>\nVariante :<br \/>\nDiametro : 26.2<br \/>\nEstado : VF<br \/>\nC\u00f3digo Catalogo : 0.86<br \/>\nMoneda : D\u00f3lar zimbabuense<\/p>","protected":false},"excerpt":{"rendered":"<p>Detalles de la moneda Pais: Zimbabue Periodo: Rep\u00fablica de Zimbabue Denominaci\u00f3n: 50 centavos A\u00f1o : 2001 Variante : Diametro : 26.2 Estado : VF C\u00f3digo Catalogo : 0.86 Moneda : D\u00f3lar zimbabuense<\/p>","protected":false},"featured_media":6511,"comment_status":"open","ping_status":"closed","template":"","meta":{"_acf_changed":false},"product_brand":[],"product_cat":[1431],"product_tag":[1455,1432],"class_list":{"0":"post-5702","1":"product","2":"type-product","3":"status-publish","4":"has-post-thumbnail","6":"product_cat-monedas-2","7":"product_tag-1455","8":"product_tag-vf","9":"thunk-woo-product-list","10":"opn-qv-enable","11":"open-woo-hover-zoom","12":"open-single-product-tab-horizontal","13":"open-shadow-","14":"open-shadow-hover-","16":"first","17":"instock","18":"shipping-taxable","19":"purchasable","20":"product-type-simple"},"acf":[],"jetpack_sharing_enabled":true,"_links":{"self":[{"href":"https:\/\/filatelia.cuentista.es\/en\/wp-json\/wp\/v2\/product\/5702","targetHints":{"allow":["GET"]}}],"collection":[{"href":"https:\/\/filatelia.cuentista.es\/en\/wp-json\/wp\/v2\/product"}],"about":[{"href":"https:\/\/filatelia.cuentista.es\/en\/wp-json\/wp\/v2\/types\/product"}],"replies":[{"embeddable":true,"href":"https:\/\/filatelia.cuentista.es\/en\/wp-json\/wp\/v2\/comments?post=5702"}],"wp:featuredmedia":[{"embeddable":true,"href":"https:\/\/filatelia.cuentista.es\/en\/wp-json\/wp\/v2\/media\/6511"}],"wp:attachment":[{"href":"https:\/\/filatelia.cuentista.es\/en\/wp-json\/wp\/v2\/media?parent=5702"}],"wp:term":[{"taxonomy":"product_brand","embeddable":true,"href":"https:\/\/filatelia.cuentista.es\/en\/wp-json\/wp\/v2\/product_brand?post=5702"},{"taxonomy":"product_cat","embeddable":true,"href":"https:\/\/filatelia.cuentista.es\/en\/wp-json\/wp\/v2\/product_cat?post=5702"},{"taxonomy":"product_tag","embeddable":true,"href":"https:\/\/filatelia.cuentista.es\/en\/wp-json\/wp\/v2\/product_tag?post=5702"}],"curies":[{"name":"wp","href":"https:\/\/api.w.org\/{rel}","templated":true}]}}