{"id":5697,"date":"2024-10-19T05:08:13","date_gmt":"2024-10-19T05:08:13","guid":{"rendered":"https:\/\/filatelia.cuentista.es\/product\/moneda-yugoslavia-1-dinar-1965"},"modified":"2024-11-10T20:21:48","modified_gmt":"2024-11-10T20:21:48","slug":"moneda-yugoslavia-1-dinar-1965","status":"publish","type":"product","link":"https:\/\/filatelia.cuentista.es\/en\/product\/moneda-yugoslavia-1-dinar-1965","title":{"rendered":"Moneda Yugoslavia &#8211; 1 dinar &#8211; 1965"},"content":{"rendered":"<p>Detalles de la moneda<br \/>\nPais: Yugoslavia<br \/>\nPeriodo: Yugoslavia Socialista<br \/>\nDenominaci\u00f3n: 1 dinar<br \/>\nA\u00f1o : 1965<br \/>\nVariante :<br \/>\nDiametro : 21.8<br \/>\nEstado : VF<br \/>\nC\u00f3digo Catalogo : 0.19<br \/>\nMoneda : Dinar yugoslavo<\/p>","protected":false},"excerpt":{"rendered":"<p>Detalles de la moneda Pais: Yugoslavia Periodo: Yugoslavia Socialista Denominaci\u00f3n: 1 dinar A\u00f1o : 1965 Variante : Diametro : 21.8 Estado : VF C\u00f3digo Catalogo : 0.19 Moneda : Dinar yugoslavo<\/p>","protected":false},"featured_media":6489,"comment_status":"open","ping_status":"closed","template":"","meta":{"_acf_changed":false},"product_brand":[],"product_cat":[1431],"product_tag":[162,1432],"class_list":{"0":"post-5697","1":"product","2":"type-product","3":"status-publish","4":"has-post-thumbnail","6":"product_cat-monedas-2","7":"product_tag-162","8":"product_tag-vf","9":"thunk-woo-product-list","10":"opn-qv-enable","11":"open-woo-hover-zoom","12":"open-single-product-tab-horizontal","13":"open-shadow-","14":"open-shadow-hover-","16":"first","17":"instock","18":"shipping-taxable","19":"purchasable","20":"product-type-simple"},"acf":[],"jetpack_sharing_enabled":true,"_links":{"self":[{"href":"https:\/\/filatelia.cuentista.es\/en\/wp-json\/wp\/v2\/product\/5697","targetHints":{"allow":["GET"]}}],"collection":[{"href":"https:\/\/filatelia.cuentista.es\/en\/wp-json\/wp\/v2\/product"}],"about":[{"href":"https:\/\/filatelia.cuentista.es\/en\/wp-json\/wp\/v2\/types\/product"}],"replies":[{"embeddable":true,"href":"https:\/\/filatelia.cuentista.es\/en\/wp-json\/wp\/v2\/comments?post=5697"}],"wp:featuredmedia":[{"embeddable":true,"href":"https:\/\/filatelia.cuentista.es\/en\/wp-json\/wp\/v2\/media\/6489"}],"wp:attachment":[{"href":"https:\/\/filatelia.cuentista.es\/en\/wp-json\/wp\/v2\/media?parent=5697"}],"wp:term":[{"taxonomy":"product_brand","embeddable":true,"href":"https:\/\/filatelia.cuentista.es\/en\/wp-json\/wp\/v2\/product_brand?post=5697"},{"taxonomy":"product_cat","embeddable":true,"href":"https:\/\/filatelia.cuentista.es\/en\/wp-json\/wp\/v2\/product_cat?post=5697"},{"taxonomy":"product_tag","embeddable":true,"href":"https:\/\/filatelia.cuentista.es\/en\/wp-json\/wp\/v2\/product_tag?post=5697"}],"curies":[{"name":"wp","href":"https:\/\/api.w.org\/{rel}","templated":true}]}}