{"id":569,"date":"2024-07-20T06:39:53","date_gmt":"2024-07-20T06:39:53","guid":{"rendered":"https:\/\/filatelia.cuentista.es\/product\/israel-1975-jueces-de-israel"},"modified":"2024-08-03T06:51:10","modified_gmt":"2024-08-03T06:51:10","slug":"israel-1975-jueces-de-israel","status":"publish","type":"product","link":"https:\/\/filatelia.cuentista.es\/en\/product\/israel-1975-jueces-de-israel","title":{"rendered":"Sobre Primer D\u00eda &#8211; Israel 1975 &#8211; Jueces de Israel"},"content":{"rendered":"<p>Sobre Primer dia &#8211; Jueces de Israel 1975 &#8211;\u00a0 tres valores<\/p>\n<p>JUDGES OF ISRAEL<\/p>\n<p>El\u00a0<b>Libro de los Jueces<\/b>\u00a0es un libro del\u00a0<a title=\"Antiguo Testamento\" href=\"https:\/\/es.wikipedia.org\/wiki\/Antiguo_Testamento\">Antiguo Testamento<\/a>\u00a0y del\u00a0<a title=\"Tanaj\" href=\"https:\/\/es.wikipedia.org\/wiki\/Tanaj\">Tanaj<\/a>\u00a0hebreo, perteneciente al grupo de los\u00a0<a class=\"mw-redirect\" title=\"Libros Hist\u00f3ricos\" href=\"https:\/\/es.wikipedia.org\/wiki\/Libros_Hist%C3%B3ricos\">Libros Hist\u00f3ricos<\/a>.<sup id=\"cite_ref-1\" class=\"reference separada\"><a href=\"https:\/\/es.wikipedia.org\/wiki\/Libro_de_los_Jueces#cite_note-1\">1<\/a><\/sup>\u200b En la\u00a0<a title=\"Biblia\" href=\"https:\/\/es.wikipedia.org\/wiki\/Biblia\">Biblia<\/a>\u00a0se encuentra ubicado entre el\u00a0<a title=\"Libro de Josu\u00e9\" href=\"https:\/\/es.wikipedia.org\/wiki\/Libro_de_Josu%C3%A9\">Libro de Josu\u00e9<\/a>\u00a0y el\u00a0<a title=\"Libro de Rut\" href=\"https:\/\/es.wikipedia.org\/wiki\/Libro_de_Rut\">Libro de Rut<\/a>.<\/p>\n<p class=\"p1\"><b>Los sobres de primer d\u00eda son objetos de colecci\u00f3n muy valorados por los filat\u00e9licos.<\/b> Estos sobres especiales se utilizan para enviar una carta el mismo d\u00eda en que se emite un nuevo sello postal. Al ser los primeros en utilizar ese sello en particular, adquieren un valor a\u00f1adido para los coleccionistas. Los sobres de primer d\u00eda suelen incluir un matasellos con la fecha de emisi\u00f3n y el nombre de la oficina de correos donde se expidi\u00f3 el sello, lo que los convierte en piezas \u00fanicas y aut\u00e9nticas. Adem\u00e1s de su valor filat\u00e9lico, estos sobres a menudo presentan dise\u00f1os atractivos y conmemorativos, relacionados con el tema del sello emitido, lo que los convierte en peque\u00f1os tesoros para los amantes de la historia y el arte postal.<\/p>","protected":false},"excerpt":{"rendered":"<p>Sobre Primer dia &#8211; Jueces de Israel 1975 &#8211;\u00a0 tres valores<\/p>","protected":false},"featured_media":923,"comment_status":"open","ping_status":"closed","template":"","meta":{"_acf_changed":false},"product_brand":[],"product_cat":[19],"product_tag":[70,342,190,158,341,189],"class_list":{"0":"post-569","1":"product","2":"type-product","3":"status-publish","4":"has-post-thumbnail","6":"product_cat-spd-sobres-primer-dia","7":"product_tag-70","8":"product_tag-bibli","9":"product_tag-fdc","10":"product_tag-israel","11":"product_tag-jueces","12":"product_tag-spd","13":"thunk-woo-product-list","14":"opn-qv-enable","15":"open-woo-hover-zoom","16":"open-single-product-tab-horizontal","17":"open-shadow-","18":"open-shadow-hover-","20":"first","21":"instock","22":"sale","23":"shipping-taxable","24":"purchasable","25":"product-type-simple"},"acf":[],"jetpack_sharing_enabled":true,"_links":{"self":[{"href":"https:\/\/filatelia.cuentista.es\/en\/wp-json\/wp\/v2\/product\/569","targetHints":{"allow":["GET"]}}],"collection":[{"href":"https:\/\/filatelia.cuentista.es\/en\/wp-json\/wp\/v2\/product"}],"about":[{"href":"https:\/\/filatelia.cuentista.es\/en\/wp-json\/wp\/v2\/types\/product"}],"replies":[{"embeddable":true,"href":"https:\/\/filatelia.cuentista.es\/en\/wp-json\/wp\/v2\/comments?post=569"}],"wp:featuredmedia":[{"embeddable":true,"href":"https:\/\/filatelia.cuentista.es\/en\/wp-json\/wp\/v2\/media\/923"}],"wp:attachment":[{"href":"https:\/\/filatelia.cuentista.es\/en\/wp-json\/wp\/v2\/media?parent=569"}],"wp:term":[{"taxonomy":"product_brand","embeddable":true,"href":"https:\/\/filatelia.cuentista.es\/en\/wp-json\/wp\/v2\/product_brand?post=569"},{"taxonomy":"product_cat","embeddable":true,"href":"https:\/\/filatelia.cuentista.es\/en\/wp-json\/wp\/v2\/product_cat?post=569"},{"taxonomy":"product_tag","embeddable":true,"href":"https:\/\/filatelia.cuentista.es\/en\/wp-json\/wp\/v2\/product_tag?post=569"}],"curies":[{"name":"wp","href":"https:\/\/api.w.org\/{rel}","templated":true}]}}