{"id":567,"date":"2024-07-20T06:39:53","date_gmt":"2024-07-20T06:39:53","guid":{"rendered":"https:\/\/filatelia.cuentista.es\/product\/israel-1993-exposicion-filatelica-romania-israel"},"modified":"2024-08-03T06:58:50","modified_gmt":"2024-08-03T06:58:50","slug":"israel-1993-exposicion-filatelica-romania-israel","status":"publish","type":"product","link":"https:\/\/filatelia.cuentista.es\/en\/product\/israel-1993-exposicion-filatelica-romania-israel","title":{"rendered":"Sobre Primer Dia &#8211; Israel 1993 &#8211; exposici\u00f3n filat\u00e9lica Romania &#8211; Israel"},"content":{"rendered":"<p>Sobre Primer Dia &#8211; Israel 1993 &#8211; exposici\u00f3n filat\u00e9lica Romania &#8211; Israel con hojita souvenir<\/p>\n<p>Motivo el mar muerto de Marcel Janco<\/p>\n<p><b>Marcel Janco<\/b>\u00a0(<a title=\"Bucarest\" href=\"https:\/\/es.wikipedia.org\/wiki\/Bucarest\">Bucarest<\/a>\u00a0\u2013\u00a0<a title=\"Rumania\" href=\"https:\/\/es.wikipedia.org\/wiki\/Rumania\">Rumania<\/a>, 1895 &#8211;\u00a0<a title=\"Tel Aviv\" href=\"https:\/\/es.wikipedia.org\/wiki\/Tel_Aviv\">Tel Aviv<\/a>, 1984) fue un pintor y arquitecto\u00a0<a class=\"mw-disambig\" title=\"Rumano\" href=\"https:\/\/es.wikipedia.org\/wiki\/Rumano\">rumano<\/a>&#8211;<a class=\"mw-redirect\" title=\"Israel\u00ed\" href=\"https:\/\/es.wikipedia.org\/wiki\/Israel%C3%AD\">israel\u00ed<\/a>. Estudi\u00f3\u00a0<a title=\"Arquitectura\" href=\"https:\/\/es.wikipedia.org\/wiki\/Arquitectura\">arquitectura<\/a>\u00a0en el\u00a0<a title=\"Escuela Polit\u00e9cnica Federal de Z\u00farich\" href=\"https:\/\/es.wikipedia.org\/wiki\/Escuela_Polit%C3%A9cnica_Federal_de_Z%C3%BArich\">Instituto Polit\u00e9cnico de Z\u00farich<\/a>\u00a0y pintura con Iser-Josif. Hacia 1922 retorn\u00f3 a Rumania, donde se consolid\u00f3 como pintor, y en 1941 emigr\u00f3 a\u00a0<a title=\"Israel\" href=\"https:\/\/es.wikipedia.org\/wiki\/Israel\">Israel<\/a>\u00a0escapando del\u00a0<a title=\"Nazismo\" href=\"https:\/\/es.wikipedia.org\/wiki\/Nazismo\">nazismo<\/a>.<\/p>\n<p class=\"p1\"><b>Los sobres de primer d\u00eda son objetos de colecci\u00f3n muy valorados por los filat\u00e9licos.<\/b> Estos sobres especiales se utilizan para enviar una carta el mismo d\u00eda en que se emite un nuevo sello postal. Al ser los primeros en utilizar ese sello en particular, adquieren un valor a\u00f1adido para los coleccionistas. Los sobres de primer d\u00eda suelen incluir un matasellos con la fecha de emisi\u00f3n y el nombre de la oficina de correos donde se expidi\u00f3 el sello, lo que los convierte en piezas \u00fanicas y aut\u00e9nticas. Adem\u00e1s de su valor filat\u00e9lico, estos sobres a menudo presentan dise\u00f1os atractivos y conmemorativos, relacionados con el tema del sello emitido, lo que los convierte en peque\u00f1os tesoros para los amantes de la historia y el arte postal.<\/p>\n<p class=\"p1\">Una <b>hojita souvenir<\/b> en filatelia es una peque\u00f1a hoja de papel que contiene uno o varios sellos postales, a menudo con un dise\u00f1o especial y conmemorativo. Estas hojitas suelen ser m\u00e1s peque\u00f1as que las hojas bloque y se utilizan principalmente como objetos de colecci\u00f3n.<\/p>\n<p>ISRAEL-ROMANIA BINATIONAL STAMP EXHIBITION<br \/>\nMarcel Jance: The Dead Sea<\/p>","protected":false},"excerpt":{"rendered":"<p>Sobre Primer Dia &#8211; Israel 1993 &#8211; exposici\u00f3n filat\u00e9lica Romania &#8211; Israel con hojita souvenir<\/p>","protected":false},"featured_media":927,"comment_status":"open","ping_status":"closed","template":"","meta":{"_acf_changed":false},"product_brand":[],"product_cat":[19],"product_tag":[140,190,158,343,344,327,189],"class_list":{"0":"post-567","1":"product","2":"type-product","3":"status-publish","4":"has-post-thumbnail","6":"product_cat-spd-sobres-primer-dia","7":"product_tag-140","8":"product_tag-fdc","9":"product_tag-israel","10":"product_tag-mar-muerto","11":"product_tag-marcel-janco","12":"product_tag-souvenir","13":"product_tag-spd","14":"thunk-woo-product-list","15":"opn-qv-enable","16":"open-woo-hover-zoom","17":"open-single-product-tab-horizontal","18":"open-shadow-","19":"open-shadow-hover-","21":"first","22":"instock","23":"sale","24":"shipping-taxable","25":"purchasable","26":"product-type-simple"},"acf":[],"jetpack_sharing_enabled":true,"_links":{"self":[{"href":"https:\/\/filatelia.cuentista.es\/en\/wp-json\/wp\/v2\/product\/567","targetHints":{"allow":["GET"]}}],"collection":[{"href":"https:\/\/filatelia.cuentista.es\/en\/wp-json\/wp\/v2\/product"}],"about":[{"href":"https:\/\/filatelia.cuentista.es\/en\/wp-json\/wp\/v2\/types\/product"}],"replies":[{"embeddable":true,"href":"https:\/\/filatelia.cuentista.es\/en\/wp-json\/wp\/v2\/comments?post=567"}],"wp:featuredmedia":[{"embeddable":true,"href":"https:\/\/filatelia.cuentista.es\/en\/wp-json\/wp\/v2\/media\/927"}],"wp:attachment":[{"href":"https:\/\/filatelia.cuentista.es\/en\/wp-json\/wp\/v2\/media?parent=567"}],"wp:term":[{"taxonomy":"product_brand","embeddable":true,"href":"https:\/\/filatelia.cuentista.es\/en\/wp-json\/wp\/v2\/product_brand?post=567"},{"taxonomy":"product_cat","embeddable":true,"href":"https:\/\/filatelia.cuentista.es\/en\/wp-json\/wp\/v2\/product_cat?post=567"},{"taxonomy":"product_tag","embeddable":true,"href":"https:\/\/filatelia.cuentista.es\/en\/wp-json\/wp\/v2\/product_tag?post=567"}],"curies":[{"name":"wp","href":"https:\/\/api.w.org\/{rel}","templated":true}]}}