{"id":5651,"date":"2024-10-19T05:07:57","date_gmt":"2024-10-19T05:07:57","guid":{"rendered":"https:\/\/filatelia.cuentista.es\/product\/moneda-turquia-50-liras-1987"},"modified":"2024-10-20T14:04:54","modified_gmt":"2024-10-20T14:04:54","slug":"moneda-turquia-50-liras-1987","status":"publish","type":"product","link":"https:\/\/filatelia.cuentista.es\/en\/product\/moneda-turquia-50-liras-1987","title":{"rendered":"Moneda Turqu\u00eda &#8211; 50 liras &#8211; 1987"},"content":{"rendered":"<p>Detalles de la moneda<br \/>\nPais: Turqu\u00eda<br \/>\nPeriodo: Rep\u00fablica de Turqu\u00eda<br \/>\nDenominaci\u00f3n: 50 liras<br \/>\nA\u00f1o : 1987<br \/>\nVariante :<br \/>\nDiametro : 26.8<br \/>\nEstado : F<br \/>\nC\u00f3digo Catalogo : KM#966<br \/>\nMoneda : Lira turca<\/p>","protected":false},"excerpt":{"rendered":"<p>Detalles de la moneda Pais: Turqu\u00eda Periodo: Rep\u00fablica de Turqu\u00eda Denominaci\u00f3n: 50 liras A\u00f1o : 1987 Variante : Diametro : 26.8 Estado : F C\u00f3digo Catalogo : KM#966 Moneda : Lira turca<\/p>","protected":false},"featured_media":5835,"comment_status":"open","ping_status":"closed","template":"","meta":{"_acf_changed":false},"product_brand":[],"product_cat":[1431],"product_tag":[143,1433],"class_list":{"0":"post-5651","1":"product","2":"type-product","3":"status-publish","4":"has-post-thumbnail","6":"product_cat-monedas-2","7":"product_tag-143","8":"product_tag-f","9":"thunk-woo-product-list","10":"opn-qv-enable","11":"open-woo-hover-zoom","12":"open-single-product-tab-horizontal","13":"open-shadow-","14":"open-shadow-hover-","16":"first","17":"instock","18":"shipping-taxable","19":"purchasable","20":"product-type-simple"},"acf":[],"jetpack_sharing_enabled":true,"_links":{"self":[{"href":"https:\/\/filatelia.cuentista.es\/en\/wp-json\/wp\/v2\/product\/5651","targetHints":{"allow":["GET"]}}],"collection":[{"href":"https:\/\/filatelia.cuentista.es\/en\/wp-json\/wp\/v2\/product"}],"about":[{"href":"https:\/\/filatelia.cuentista.es\/en\/wp-json\/wp\/v2\/types\/product"}],"replies":[{"embeddable":true,"href":"https:\/\/filatelia.cuentista.es\/en\/wp-json\/wp\/v2\/comments?post=5651"}],"wp:featuredmedia":[{"embeddable":true,"href":"https:\/\/filatelia.cuentista.es\/en\/wp-json\/wp\/v2\/media\/5835"}],"wp:attachment":[{"href":"https:\/\/filatelia.cuentista.es\/en\/wp-json\/wp\/v2\/media?parent=5651"}],"wp:term":[{"taxonomy":"product_brand","embeddable":true,"href":"https:\/\/filatelia.cuentista.es\/en\/wp-json\/wp\/v2\/product_brand?post=5651"},{"taxonomy":"product_cat","embeddable":true,"href":"https:\/\/filatelia.cuentista.es\/en\/wp-json\/wp\/v2\/product_cat?post=5651"},{"taxonomy":"product_tag","embeddable":true,"href":"https:\/\/filatelia.cuentista.es\/en\/wp-json\/wp\/v2\/product_tag?post=5651"}],"curies":[{"name":"wp","href":"https:\/\/api.w.org\/{rel}","templated":true}]}}