{"id":564,"date":"2024-07-20T06:39:50","date_gmt":"2024-07-20T06:39:50","guid":{"rendered":"https:\/\/filatelia.cuentista.es\/product\/israel-1975-shneur-zalman"},"modified":"2024-08-03T07:41:44","modified_gmt":"2024-08-03T07:41:44","slug":"israel-1975-shneur-zalman","status":"publish","type":"product","link":"https:\/\/filatelia.cuentista.es\/en\/product\/israel-1975-shneur-zalman","title":{"rendered":"Sobre Primer Dia &#8211; Israel 1975 &#8211; Shneur Zalman"},"content":{"rendered":"<p>Sobre Primer Dia Israel 1975 &#8211; Shneur Zalman<\/p>\n<p>SHNEUR ZALMAN SHAZAR\u2022 1889-1974<\/p>\n<p><b>Zalman Shazar<\/b>\u00a0(<a title=\"Mir (Bielorrusia)\" href=\"https:\/\/es.wikipedia.org\/wiki\/Mir_(Bielorrusia)\">Mir<\/a>,\u00a0<a title=\"Bielorrusia\" href=\"https:\/\/es.wikipedia.org\/wiki\/Bielorrusia\">Bielorrusia<\/a>, 24 de noviembre de 1889-<a title=\"Jerusal\u00e9n\" href=\"https:\/\/es.wikipedia.org\/wiki\/Jerusal%C3%A9n\">Jerusal\u00e9n<\/a>, 5 de octubre de 1974) fue un\u00a0<a title=\"Pol\u00edtico\" href=\"https:\/\/es.wikipedia.org\/wiki\/Pol%C3%ADtico\">pol\u00edtico<\/a>\u00a0y\u00a0<a title=\"Poeta\" href=\"https:\/\/es.wikipedia.org\/wiki\/Poeta\">poeta<\/a>\u00a0<a title=\"Israel\" href=\"https:\/\/es.wikipedia.org\/wiki\/Israel\">israel\u00ed<\/a>.<\/p>\n<p>Shazar trabaj\u00f3 como editor en jefe del peri\u00f3dico israel\u00ed Davar 1944-1949.<\/p>\n<p>Fue elegido miembro de la primera Knesset en 1949 como miembro del Mapai, y fue nombrado ministro de Educaci\u00f3n en el primer gobierno de David Ben-Gurion. \u00c9l no era un miembro del segundo gabinete de Ben-Gurion, pero conserv\u00f3 su esca\u00f1o en las elecciones de 1951 y 1955. Tambi\u00e9n se convirti\u00f3 en un miembro del Ejecutivo de la Agencia Jud\u00eda en el a\u00f1o 1952. \u00c9l renunci\u00f3 a la Knesset en 1956, y desde 1956 hasta 1960 fue presidente en funciones de Jerusal\u00e9n Ejecutivo de la Agencia Jud\u00eda.<\/p>","protected":false},"excerpt":{"rendered":"<p>Sobre Primer Dia Israel 1975 &#8211; Shneur Zalman<\/p>","protected":false},"featured_media":936,"comment_status":"open","ping_status":"closed","template":"","meta":{"_acf_changed":false},"product_brand":[],"product_cat":[19],"product_tag":[70,350,190,158,351,189],"class_list":{"0":"post-564","1":"product","2":"type-product","3":"status-publish","4":"has-post-thumbnail","6":"product_cat-spd-sobres-primer-dia","7":"product_tag-70","8":"product_tag-escritor","9":"product_tag-fdc","10":"product_tag-israel","11":"product_tag-shneur-zalman","12":"product_tag-spd","13":"thunk-woo-product-list","14":"opn-qv-enable","15":"open-woo-hover-zoom","16":"open-single-product-tab-horizontal","17":"open-shadow-","18":"open-shadow-hover-","20":"first","21":"instock","22":"sale","23":"shipping-taxable","24":"purchasable","25":"product-type-simple"},"acf":[],"jetpack_sharing_enabled":true,"_links":{"self":[{"href":"https:\/\/filatelia.cuentista.es\/en\/wp-json\/wp\/v2\/product\/564","targetHints":{"allow":["GET"]}}],"collection":[{"href":"https:\/\/filatelia.cuentista.es\/en\/wp-json\/wp\/v2\/product"}],"about":[{"href":"https:\/\/filatelia.cuentista.es\/en\/wp-json\/wp\/v2\/types\/product"}],"replies":[{"embeddable":true,"href":"https:\/\/filatelia.cuentista.es\/en\/wp-json\/wp\/v2\/comments?post=564"}],"wp:featuredmedia":[{"embeddable":true,"href":"https:\/\/filatelia.cuentista.es\/en\/wp-json\/wp\/v2\/media\/936"}],"wp:attachment":[{"href":"https:\/\/filatelia.cuentista.es\/en\/wp-json\/wp\/v2\/media?parent=564"}],"wp:term":[{"taxonomy":"product_brand","embeddable":true,"href":"https:\/\/filatelia.cuentista.es\/en\/wp-json\/wp\/v2\/product_brand?post=564"},{"taxonomy":"product_cat","embeddable":true,"href":"https:\/\/filatelia.cuentista.es\/en\/wp-json\/wp\/v2\/product_cat?post=564"},{"taxonomy":"product_tag","embeddable":true,"href":"https:\/\/filatelia.cuentista.es\/en\/wp-json\/wp\/v2\/product_tag?post=564"}],"curies":[{"name":"wp","href":"https:\/\/api.w.org\/{rel}","templated":true}]}}