{"id":5601,"date":"2024-10-19T05:07:41","date_gmt":"2024-10-19T05:07:41","guid":{"rendered":"https:\/\/filatelia.cuentista.es\/product\/moneda-suiza-5-centimos-1969"},"modified":"2024-11-10T20:34:51","modified_gmt":"2024-11-10T20:34:51","slug":"moneda-suiza-5-centimos-1969","status":"publish","type":"product","link":"https:\/\/filatelia.cuentista.es\/en\/product\/moneda-suiza-5-centimos-1969","title":{"rendered":"Moneda Suiza &#8211; 5 c\u00e9ntimos &#8211; 1969"},"content":{"rendered":"<p>Detalles de la moneda<br \/>\nPais: Suiza<br \/>\nPeriodo: Confederaci\u00f3n Helv\u00e9tica<br \/>\nDenominaci\u00f3n: 5 c\u00e9ntimos<br \/>\nA\u00f1o : 1969<br \/>\nVariante :<br \/>\nDiametro : 17.15<br \/>\nEstado : VG<br \/>\nC\u00f3digo Catalogo : 0.25<br \/>\nMoneda : Franco suizo<\/p>","protected":false},"excerpt":{"rendered":"<p>Detalles de la moneda Pais: Suiza Periodo: Confederaci\u00f3n Helv\u00e9tica Denominaci\u00f3n: 5 c\u00e9ntimos A\u00f1o : 1969 Variante : Diametro : 17.15 Estado : VG C\u00f3digo Catalogo : 0.25 Moneda : Franco suizo<\/p>","protected":false},"featured_media":6513,"comment_status":"open","ping_status":"closed","template":"","meta":{"_acf_changed":false},"product_brand":[],"product_cat":[1431],"product_tag":[108,1440],"class_list":{"0":"post-5601","1":"product","2":"type-product","3":"status-publish","4":"has-post-thumbnail","6":"product_cat-monedas-2","7":"product_tag-108","8":"product_tag-vg","9":"thunk-woo-product-list","10":"opn-qv-enable","11":"open-woo-hover-zoom","12":"open-single-product-tab-horizontal","13":"open-shadow-","14":"open-shadow-hover-","16":"first","17":"instock","18":"shipping-taxable","19":"purchasable","20":"product-type-simple"},"acf":[],"jetpack_sharing_enabled":true,"_links":{"self":[{"href":"https:\/\/filatelia.cuentista.es\/en\/wp-json\/wp\/v2\/product\/5601","targetHints":{"allow":["GET"]}}],"collection":[{"href":"https:\/\/filatelia.cuentista.es\/en\/wp-json\/wp\/v2\/product"}],"about":[{"href":"https:\/\/filatelia.cuentista.es\/en\/wp-json\/wp\/v2\/types\/product"}],"replies":[{"embeddable":true,"href":"https:\/\/filatelia.cuentista.es\/en\/wp-json\/wp\/v2\/comments?post=5601"}],"wp:featuredmedia":[{"embeddable":true,"href":"https:\/\/filatelia.cuentista.es\/en\/wp-json\/wp\/v2\/media\/6513"}],"wp:attachment":[{"href":"https:\/\/filatelia.cuentista.es\/en\/wp-json\/wp\/v2\/media?parent=5601"}],"wp:term":[{"taxonomy":"product_brand","embeddable":true,"href":"https:\/\/filatelia.cuentista.es\/en\/wp-json\/wp\/v2\/product_brand?post=5601"},{"taxonomy":"product_cat","embeddable":true,"href":"https:\/\/filatelia.cuentista.es\/en\/wp-json\/wp\/v2\/product_cat?post=5601"},{"taxonomy":"product_tag","embeddable":true,"href":"https:\/\/filatelia.cuentista.es\/en\/wp-json\/wp\/v2\/product_tag?post=5601"}],"curies":[{"name":"wp","href":"https:\/\/api.w.org\/{rel}","templated":true}]}}