{"id":5577,"date":"2024-10-19T05:07:32","date_gmt":"2024-10-19T05:07:32","guid":{"rendered":"https:\/\/filatelia.cuentista.es\/product\/moneda-singapur-1-dolar-1995"},"modified":"2024-11-03T07:07:52","modified_gmt":"2024-11-03T07:07:52","slug":"moneda-singapur-1-dolar-1995","status":"publish","type":"product","link":"https:\/\/filatelia.cuentista.es\/en\/product\/moneda-singapur-1-dolar-1995","title":{"rendered":"Moneda Singapur &#8211; 1 d\u00f3lar &#8211; 1995"},"content":{"rendered":"<p>Detalles de la moneda<br \/>\nPais: Singapur<br \/>\nPeriodo: Rep\u00fablica de Singapur<br \/>\nDenominaci\u00f3n: 1 d\u00f3lar<br \/>\nA\u00f1o : 1995<br \/>\nVariante :<br \/>\nDiametro : 22.4<br \/>\nEstado : F<br \/>\nC\u00f3digo Catalogo : 0.73<br \/>\nMoneda : D\u00f3lar de Singapur<\/p>","protected":false},"excerpt":{"rendered":"<p>Detalles de la moneda Pais: Singapur Periodo: Rep\u00fablica de Singapur Denominaci\u00f3n: 1 d\u00f3lar A\u00f1o : 1995 Variante : Diametro : 22.4 Estado : F C\u00f3digo Catalogo : 0.73 Moneda : D\u00f3lar de Singapur<\/p>","protected":false},"featured_media":6177,"comment_status":"open","ping_status":"closed","template":"","meta":{"_acf_changed":false},"product_brand":[],"product_cat":[1431],"product_tag":[127,1433],"class_list":{"0":"post-5577","1":"product","2":"type-product","3":"status-publish","4":"has-post-thumbnail","6":"product_cat-monedas-2","7":"product_tag-127","8":"product_tag-f","9":"thunk-woo-product-list","10":"opn-qv-enable","11":"open-woo-hover-zoom","12":"open-single-product-tab-horizontal","13":"open-shadow-","14":"open-shadow-hover-","16":"first","17":"instock","18":"shipping-taxable","19":"purchasable","20":"product-type-simple"},"acf":[],"jetpack_sharing_enabled":true,"_links":{"self":[{"href":"https:\/\/filatelia.cuentista.es\/en\/wp-json\/wp\/v2\/product\/5577","targetHints":{"allow":["GET"]}}],"collection":[{"href":"https:\/\/filatelia.cuentista.es\/en\/wp-json\/wp\/v2\/product"}],"about":[{"href":"https:\/\/filatelia.cuentista.es\/en\/wp-json\/wp\/v2\/types\/product"}],"replies":[{"embeddable":true,"href":"https:\/\/filatelia.cuentista.es\/en\/wp-json\/wp\/v2\/comments?post=5577"}],"wp:featuredmedia":[{"embeddable":true,"href":"https:\/\/filatelia.cuentista.es\/en\/wp-json\/wp\/v2\/media\/6177"}],"wp:attachment":[{"href":"https:\/\/filatelia.cuentista.es\/en\/wp-json\/wp\/v2\/media?parent=5577"}],"wp:term":[{"taxonomy":"product_brand","embeddable":true,"href":"https:\/\/filatelia.cuentista.es\/en\/wp-json\/wp\/v2\/product_brand?post=5577"},{"taxonomy":"product_cat","embeddable":true,"href":"https:\/\/filatelia.cuentista.es\/en\/wp-json\/wp\/v2\/product_cat?post=5577"},{"taxonomy":"product_tag","embeddable":true,"href":"https:\/\/filatelia.cuentista.es\/en\/wp-json\/wp\/v2\/product_tag?post=5577"}],"curies":[{"name":"wp","href":"https:\/\/api.w.org\/{rel}","templated":true}]}}