{"id":5570,"date":"2024-10-19T05:07:29","date_gmt":"2024-10-19T05:07:29","guid":{"rendered":"https:\/\/filatelia.cuentista.es\/product\/moneda-rusia-10-rublos-1993"},"modified":"2024-11-10T20:03:24","modified_gmt":"2024-11-10T20:03:24","slug":"moneda-rusia-10-rublos-1993","status":"publish","type":"product","link":"https:\/\/filatelia.cuentista.es\/en\/product\/moneda-rusia-10-rublos-1993","title":{"rendered":"Moneda Rusia &#8211; 10 rublos &#8211; 1993"},"content":{"rendered":"<p>Detalles de la moneda<br \/>\nPais: Rusia<br \/>\nPeriodo: Emitidas por el Banco de Rusia<br \/>\nDenominaci\u00f3n: 10 rublos<br \/>\nA\u00f1o : 1993<br \/>\nVariante : MMD<br \/>\nDiametro : 21.1<br \/>\nEstado : VF<br \/>\nC\u00f3digo Catalogo : 0.14<br \/>\nMoneda : Rublo ruso<\/p>","protected":false},"excerpt":{"rendered":"<p>Detalles de la moneda Pais: Rusia Periodo: Emitidas por el Banco de Rusia Denominaci\u00f3n: 10 rublos A\u00f1o : 1993 Variante : MMD Diametro : 21.1 Estado : VF C\u00f3digo Catalogo : 0.14 Moneda : Rublo ruso<\/p>","protected":false},"featured_media":6459,"comment_status":"open","ping_status":"closed","template":"","meta":{"_acf_changed":false},"product_brand":[],"product_cat":[1431],"product_tag":[140,1432],"class_list":{"0":"post-5570","1":"product","2":"type-product","3":"status-publish","4":"has-post-thumbnail","6":"product_cat-monedas-2","7":"product_tag-140","8":"product_tag-vf","9":"thunk-woo-product-list","10":"opn-qv-enable","11":"open-woo-hover-zoom","12":"open-single-product-tab-horizontal","13":"open-shadow-","14":"open-shadow-hover-","16":"first","17":"instock","18":"shipping-taxable","19":"purchasable","20":"product-type-simple"},"acf":[],"jetpack_sharing_enabled":true,"_links":{"self":[{"href":"https:\/\/filatelia.cuentista.es\/en\/wp-json\/wp\/v2\/product\/5570","targetHints":{"allow":["GET"]}}],"collection":[{"href":"https:\/\/filatelia.cuentista.es\/en\/wp-json\/wp\/v2\/product"}],"about":[{"href":"https:\/\/filatelia.cuentista.es\/en\/wp-json\/wp\/v2\/types\/product"}],"replies":[{"embeddable":true,"href":"https:\/\/filatelia.cuentista.es\/en\/wp-json\/wp\/v2\/comments?post=5570"}],"wp:featuredmedia":[{"embeddable":true,"href":"https:\/\/filatelia.cuentista.es\/en\/wp-json\/wp\/v2\/media\/6459"}],"wp:attachment":[{"href":"https:\/\/filatelia.cuentista.es\/en\/wp-json\/wp\/v2\/media?parent=5570"}],"wp:term":[{"taxonomy":"product_brand","embeddable":true,"href":"https:\/\/filatelia.cuentista.es\/en\/wp-json\/wp\/v2\/product_brand?post=5570"},{"taxonomy":"product_cat","embeddable":true,"href":"https:\/\/filatelia.cuentista.es\/en\/wp-json\/wp\/v2\/product_cat?post=5570"},{"taxonomy":"product_tag","embeddable":true,"href":"https:\/\/filatelia.cuentista.es\/en\/wp-json\/wp\/v2\/product_tag?post=5570"}],"curies":[{"name":"wp","href":"https:\/\/api.w.org\/{rel}","templated":true}]}}