{"id":5551,"date":"2024-10-19T05:07:23","date_gmt":"2024-10-19T05:07:23","guid":{"rendered":"https:\/\/filatelia.cuentista.es\/product\/moneda-rumania-5-bani-1966"},"modified":"2024-11-10T20:09:01","modified_gmt":"2024-11-10T20:09:01","slug":"moneda-rumania-5-bani-1966","status":"publish","type":"product","link":"https:\/\/filatelia.cuentista.es\/en\/product\/moneda-rumania-5-bani-1966","title":{"rendered":"Moneda Ruman\u00eda &#8211; 5 bani &#8211; 1966"},"content":{"rendered":"<p>Detalles de la moneda<br \/>\nPais: Ruman\u00eda<br \/>\nPeriodo: Rep\u00fablica Socialista<br \/>\nDenominaci\u00f3n: 5 bani<br \/>\nA\u00f1o : 1966<br \/>\nVariante :<br \/>\nDiametro : 16<br \/>\nEstado : VF<br \/>\nC\u00f3digo Catalogo : 0.17<br \/>\nMoneda : Leu rumano<\/p>","protected":false},"excerpt":{"rendered":"<p>Detalles de la moneda Pais: Ruman\u00eda Periodo: Rep\u00fablica Socialista Denominaci\u00f3n: 5 bani A\u00f1o : 1966 Variante : Diametro : 16 Estado : VF C\u00f3digo Catalogo : 0.17 Moneda : Leu rumano<\/p>","protected":false},"featured_media":6469,"comment_status":"open","ping_status":"closed","template":"","meta":{"_acf_changed":false},"product_brand":[],"product_cat":[1431],"product_tag":[91,1432],"class_list":{"0":"post-5551","1":"product","2":"type-product","3":"status-publish","4":"has-post-thumbnail","6":"product_cat-monedas-2","7":"product_tag-91","8":"product_tag-vf","9":"thunk-woo-product-list","10":"opn-qv-enable","11":"open-woo-hover-zoom","12":"open-single-product-tab-horizontal","13":"open-shadow-","14":"open-shadow-hover-","16":"first","17":"instock","18":"shipping-taxable","19":"purchasable","20":"product-type-simple"},"acf":[],"jetpack_sharing_enabled":true,"_links":{"self":[{"href":"https:\/\/filatelia.cuentista.es\/en\/wp-json\/wp\/v2\/product\/5551","targetHints":{"allow":["GET"]}}],"collection":[{"href":"https:\/\/filatelia.cuentista.es\/en\/wp-json\/wp\/v2\/product"}],"about":[{"href":"https:\/\/filatelia.cuentista.es\/en\/wp-json\/wp\/v2\/types\/product"}],"replies":[{"embeddable":true,"href":"https:\/\/filatelia.cuentista.es\/en\/wp-json\/wp\/v2\/comments?post=5551"}],"wp:featuredmedia":[{"embeddable":true,"href":"https:\/\/filatelia.cuentista.es\/en\/wp-json\/wp\/v2\/media\/6469"}],"wp:attachment":[{"href":"https:\/\/filatelia.cuentista.es\/en\/wp-json\/wp\/v2\/media?parent=5551"}],"wp:term":[{"taxonomy":"product_brand","embeddable":true,"href":"https:\/\/filatelia.cuentista.es\/en\/wp-json\/wp\/v2\/product_brand?post=5551"},{"taxonomy":"product_cat","embeddable":true,"href":"https:\/\/filatelia.cuentista.es\/en\/wp-json\/wp\/v2\/product_cat?post=5551"},{"taxonomy":"product_tag","embeddable":true,"href":"https:\/\/filatelia.cuentista.es\/en\/wp-json\/wp\/v2\/product_tag?post=5551"}],"curies":[{"name":"wp","href":"https:\/\/api.w.org\/{rel}","templated":true}]}}