{"id":554,"date":"2024-07-20T06:39:46","date_gmt":"2024-07-20T06:39:46","guid":{"rendered":"https:\/\/filatelia.cuentista.es\/product\/israel-1991-museo-filatelico-postal-hoja-souvenir"},"modified":"2024-08-03T14:43:26","modified_gmt":"2024-08-03T14:43:26","slug":"israel-1991-museo-filatelico-postal-hoja-souvenir","status":"publish","type":"product","link":"https:\/\/filatelia.cuentista.es\/en\/product\/israel-1991-museo-filatelico-postal-hoja-souvenir","title":{"rendered":"SPD &#8211; Israel 1991 &#8211; museo Filat\u00e9lico Postal &#8211; Hoja Souvenir"},"content":{"rendered":"<p>Sobre Primer dia del Museo Filatelico Postal con hoja souvenir<\/p>\n<p class=\"p1\"><b>Los sobres de primer d\u00eda son objetos de colecci\u00f3n muy valorados por los filat\u00e9licos.<\/b> Estos sobres especiales se utilizan para enviar una carta el mismo d\u00eda en que se emite un nuevo sello postal. Al ser los primeros en utilizar ese sello en particular, adquieren un valor a\u00f1adido para los coleccionistas. Los sobres de primer d\u00eda suelen incluir un matasellos con la fecha de emisi\u00f3n y el nombre de la oficina de correos donde se expidi\u00f3 el sello, lo que los convierte en piezas \u00fanicas y aut\u00e9nticas. Adem\u00e1s de su valor filat\u00e9lico, estos sobres a menudo presentan dise\u00f1os atractivos y conmemorativos, relacionados con el tema del sello emitido, lo que los convierte en peque\u00f1os tesoros para los amantes de la historia y el arte postal.<\/p>\n<p>First Day Cover for Souvenir Sheet<br \/>\nTHE POSTAL &amp; PHILATELIC L MUSEUM<\/p>\n<p>The Postal and Philatelic Museum opens its doors on May 19, 1998, as part of Israel&#8217;s Jubilee Celebrations. The Museum was founded by the Israel Postal Authority, the Tel Aviv Foundation and the Eretz Israel Museum, Tel Aviv, where the museum is located. The Postal and Philatelic Museum depicts the history of the postal service in Eretz Israel as reflected in the historical, social and political changes in the region. The display includes elements that relate to the postal services in general and to the postal services in Israel in particular&#8230;\u00bb<\/p>","protected":false},"excerpt":{"rendered":"<p>Sobre Primer dia del Museo Filatelico Postal con hoja souvenir<\/p>","protected":false},"featured_media":1110,"comment_status":"open","ping_status":"closed","template":"","meta":{"_acf_changed":false},"product_brand":[],"product_cat":[19],"product_tag":[130,190,68,158,388,327,189],"class_list":{"0":"post-554","1":"product","2":"type-product","3":"status-publish","4":"has-post-thumbnail","6":"product_cat-spd-sobres-primer-dia","7":"product_tag-130","8":"product_tag-fdc","9":"product_tag-filatelia","10":"product_tag-israel","11":"product_tag-museo-postal","12":"product_tag-souvenir","13":"product_tag-spd","14":"thunk-woo-product-list","15":"opn-qv-enable","16":"open-woo-hover-zoom","17":"open-single-product-tab-horizontal","18":"open-shadow-","19":"open-shadow-hover-","21":"first","22":"instock","23":"sale","24":"shipping-taxable","25":"purchasable","26":"product-type-simple"},"acf":[],"jetpack_sharing_enabled":true,"_links":{"self":[{"href":"https:\/\/filatelia.cuentista.es\/en\/wp-json\/wp\/v2\/product\/554","targetHints":{"allow":["GET"]}}],"collection":[{"href":"https:\/\/filatelia.cuentista.es\/en\/wp-json\/wp\/v2\/product"}],"about":[{"href":"https:\/\/filatelia.cuentista.es\/en\/wp-json\/wp\/v2\/types\/product"}],"replies":[{"embeddable":true,"href":"https:\/\/filatelia.cuentista.es\/en\/wp-json\/wp\/v2\/comments?post=554"}],"wp:featuredmedia":[{"embeddable":true,"href":"https:\/\/filatelia.cuentista.es\/en\/wp-json\/wp\/v2\/media\/1110"}],"wp:attachment":[{"href":"https:\/\/filatelia.cuentista.es\/en\/wp-json\/wp\/v2\/media?parent=554"}],"wp:term":[{"taxonomy":"product_brand","embeddable":true,"href":"https:\/\/filatelia.cuentista.es\/en\/wp-json\/wp\/v2\/product_brand?post=554"},{"taxonomy":"product_cat","embeddable":true,"href":"https:\/\/filatelia.cuentista.es\/en\/wp-json\/wp\/v2\/product_cat?post=554"},{"taxonomy":"product_tag","embeddable":true,"href":"https:\/\/filatelia.cuentista.es\/en\/wp-json\/wp\/v2\/product_tag?post=554"}],"curies":[{"name":"wp","href":"https:\/\/api.w.org\/{rel}","templated":true}]}}