{"id":553,"date":"2024-07-20T06:39:46","date_gmt":"2024-07-20T06:39:46","guid":{"rendered":"https:\/\/filatelia.cuentista.es\/product\/israel-1983-glazman-anielewicz"},"modified":"2024-08-03T14:39:42","modified_gmt":"2024-08-03T14:39:42","slug":"israel-1983-glazman-anielewicz","status":"publish","type":"product","link":"https:\/\/filatelia.cuentista.es\/en\/product\/israel-1983-glazman-anielewicz","title":{"rendered":"SPD &#8211; Israel 1983 Glazman &#8211; Anielewicz"},"content":{"rendered":"<p>Sobre Primer dia en memoria de Josef Glazman y Mordejai Anielevich, hoja souvenir revuelta del Gueto de Varsovia.<\/p>\n<p><b>Mordejai Anielevich<\/b>\u00a0(pronunciado en castellano:\u00a0<i>Mordejai Anilewich<\/i>\u00a0(1919\u2013 8 de mayo de 1943) fue el comandante de la\u00a0<i>Organizaci\u00f3n de Lucha Jud\u00eda<\/i>\u00a0(<i><a class=\"mw-redirect\" title=\"\u017bydowska Organizacja Bojowa\" href=\"https:\/\/es.wikipedia.org\/wiki\/%C5%BBydowska_Organizacja_Bojowa\">\u017bydowska Organizacja Bojowa<\/a><\/i>, en\u00a0<a title=\"Idioma polaco\" href=\"https:\/\/es.wikipedia.org\/wiki\/Idioma_polaco\">polaco<\/a>), tambi\u00e9n conocida como\u00a0<a class=\"mw-redirect\" title=\"\u017bOB\" href=\"https:\/\/es.wikipedia.org\/wiki\/%C5%BBOB\">\u017bOB<\/a>, durante el\u00a0<a title=\"Levantamiento del gueto de Varsovia\" href=\"https:\/\/es.wikipedia.org\/wiki\/Levantamiento_del_gueto_de_Varsovia\">levantamiento del gueto de Varsovia<\/a>, durante la\u00a0<a title=\"\" href=\"https:\/\/es.wikipedia.org\/wiki\/Segunda_Guerra_Mundial\">Segunda Guerra Mundial<\/a>.<\/p>\n<p><b>Josef Glazman<\/b><sup id=\"cite_ref-3\" class=\"reference\"><a href=\"https:\/\/en.wikipedia.org\/wiki\/Josef_Glazman#cite_note-3\">[a]<\/a><\/sup>\u00a0(1913\u00a0\u2013 7 October 1943<sup id=\"cite_ref-YVGlazman_4-0\" class=\"reference\"><a href=\"https:\/\/en.wikipedia.org\/wiki\/Josef_Glazman#cite_note-YVGlazman-4\">[3]<\/a><\/sup>) was a\u00a0<a class=\"mw-redirect\" title=\"Lithuanian Jew\" href=\"https:\/\/en.wikipedia.org\/wiki\/Lithuanian_Jew\">Lithuanian-Jewish<\/a>\u00a0resistance leader in the\u00a0<a title=\"Vilna Ghetto\" href=\"https:\/\/en.wikipedia.org\/wiki\/Vilna_Ghetto\">Vilna Ghetto<\/a>. A member of the\u00a0<a title=\"Revisionist Zionism\" href=\"https:\/\/en.wikipedia.org\/wiki\/Revisionist_Zionism\">Revisionist Zionism<\/a>\u00a0movement prior to the German invasion of the\u00a0<a title=\"Baltic states\" href=\"https:\/\/en.wikipedia.org\/wiki\/Baltic_states\">Baltic states<\/a>\u00a0in 1941, afterward, he took part in the resistance and youth movements in the ghetto. He also worked in the Jewish-run ghetto administration \u2013 first in the police, then later in the housing department. Glazman&#8217;s relationship with the head of the ghetto,\u00a0<a title=\"Jacob Gens\" href=\"https:\/\/en.wikipedia.org\/wiki\/Jacob_Gens\">Jacob Gens<\/a>, was difficult and led to Glazman&#8217;s arrest several times.<\/p>\n<p>El\u00a0<b>levantamiento del gueto de Varsovia<\/b>\u00a0(en\u00a0<a title=\"Idioma alem\u00e1n\" href=\"https:\/\/es.wikipedia.org\/wiki\/Idioma_alem%C3%A1n\">alem\u00e1n<\/a>:\u00a0<i>Aufstand im Warschauer Ghetto<\/i>;\u00a0<a title=\"Idioma polaco\" href=\"https:\/\/es.wikipedia.org\/wiki\/Idioma_polaco\">polaco<\/a>:\u00a0<i>powstanie w getcie warszawskim<\/i>;\u00a0<a title=\"Yidis\" href=\"https:\/\/es.wikipedia.org\/wiki\/Yidis\">yidis<\/a>: \u05d0\u05f1\u05e4\u05bf\u05e9\u05d8\u05d0\u05b7\u05e0\u05d3 \u05d0\u05d9\u05df \u05f0\u05d0\u05b7\u05e8\u05e9\u05e2\u05f0\u05e2\u05e8 \u05d2\u05e2\u05d8\u05d0\u05b8) fue un levantamiento de los\u00a0<a class=\"mw-redirect\" title=\"Jud\u00edo\" href=\"https:\/\/es.wikipedia.org\/wiki\/Jud%C3%ADo\">jud\u00edos<\/a>\u00a0del\u00a0<a title=\"Gueto de Varsovia\" href=\"https:\/\/es.wikipedia.org\/wiki\/Gueto_de_Varsovia\">gueto de Varsovia<\/a>\u00a0contra las tropas alemanas cuando Alemania decidi\u00f3 dar comienzo a la deportaci\u00f3n masiva de jud\u00edos hacia los\u00a0<a class=\"mw-redirect\" title=\"Campos de exterminio\" href=\"https:\/\/es.wikipedia.org\/wiki\/Campos_de_exterminio\">campos de exterminio<\/a>\u00a0de\u00a0<a title=\"Campo de concentraci\u00f3n de Majdanek\" href=\"https:\/\/es.wikipedia.org\/wiki\/Campo_de_concentraci%C3%B3n_de_Majdanek\">Majdanek<\/a>\u00a0y\u00a0<a title=\"Campo de exterminio de Treblinka\" href=\"https:\/\/es.wikipedia.org\/wiki\/Campo_de_exterminio_de_Treblinka\">Treblinka<\/a>. La izquierdista\u00a0<a title=\"Organizaci\u00f3n de Combate Jud\u00eda\" href=\"https:\/\/es.wikipedia.org\/wiki\/Organizaci%C3%B3n_de_Combate_Jud%C3%ADa\">Organizaci\u00f3n Jud\u00eda de Combate<\/a>\u00a0y la derechista\u00a0<a title=\"\" href=\"https:\/\/es.wikipedia.org\/wiki\/Uni%C3%B3n_Militar_Jud%C3%ADa\">Uni\u00f3n Militar Jud\u00eda<\/a>\u00a0acordaron formar y entrenar tropas. La revuelta se desarroll\u00f3 entre el 19 de abril y el 16 de mayo de 1943, liderada por\u00a0<a title=\"Mordechai Anielewicz\" href=\"https:\/\/es.wikipedia.org\/wiki\/Mordechai_Anielewicz\">Mordechai Anielewicz<\/a>,<sup id=\"cite_ref-70a\u00f1os_3-0\" class=\"reference separada\"><a href=\"https:\/\/es.wikipedia.org\/wiki\/Levantamiento_del_gueto_de_Varsovia#cite_note-70a%C3%B1os-3\">3<\/a><\/sup>\u200b del movimiento juvenil jud\u00edo\u00a0<a title=\"Hashomer Hatzair\" href=\"https:\/\/es.wikipedia.org\/wiki\/Hashomer_Hatzair\">Hashomer Hatzair<\/a>\u00a0y por Pawel Frenkel del movimiento\u00a0<a title=\"Betar\" href=\"https:\/\/es.wikipedia.org\/wiki\/Betar\">Betar<\/a>. A diferencia de la defensa del 18 de enero contra los ocupantes, cuando los jud\u00edos polacos salieron bien parados, este levantamiento fue aplastado por las\u00a0<a class=\"mw-redirect\" title=\"SS\" href=\"https:\/\/es.wikipedia.org\/wiki\/SS\">SS<\/a>\u00a0bajo el mando del general\u00a0<a title=\"J\u00fcrgen Stroop\" href=\"https:\/\/es.wikipedia.org\/wiki\/J%C3%BCrgen_Stroop\">J\u00fcrgen Stroop<\/a>.<sup id=\"cite_ref-4\" class=\"reference separada\"><a href=\"https:\/\/es.wikipedia.org\/wiki\/Levantamiento_del_gueto_de_Varsovia#cite_note-4\">4<\/a><\/sup>\u200b<sup id=\"cite_ref-5\" class=\"reference separada\"><a href=\"https:\/\/es.wikipedia.org\/wiki\/Levantamiento_del_gueto_de_Varsovia#cite_note-5\">5<\/a><\/sup><\/p>\n<p class=\"p1\"><b>Los sobres de primer d\u00eda son objetos de colecci\u00f3n muy valorados por los filat\u00e9licos.<\/b> Estos sobres especiales se utilizan para enviar una carta el mismo d\u00eda en que se emite un nuevo sello postal. Al ser los primeros en utilizar ese sello en particular, adquieren un valor a\u00f1adido para los coleccionistas. Los sobres de primer d\u00eda suelen incluir un matasellos con la fecha de emisi\u00f3n y el nombre de la oficina de correos donde se expidi\u00f3 el sello, lo que los convierte en piezas \u00fanicas y aut\u00e9nticas. Adem\u00e1s de su valor filat\u00e9lico, estos sobres a menudo presentan dise\u00f1os atractivos y conmemorativos, relacionados con el tema del sello emitido, lo que los convierte en peque\u00f1os tesoros para los amantes de la historia y el arte postal.<\/p>\n<p>YOSEF<br \/>\nGLAZMAN<br \/>\nVilna Ghetto<br \/>\nMordechai Anielewicz<br \/>\nJDURDEMISSION<\/p>\n<p>&nbsp;<\/p>\n","protected":false},"excerpt":{"rendered":"<p>Sobre Primer dia en memoria de Josef Glazman y Mordejai Anielevich, hoja souvenir revuelta del Gueto de Varsovia.<\/p>","protected":false},"featured_media":1108,"comment_status":"open","ping_status":"closed","template":"","meta":{"_acf_changed":false},"product_brand":[],"product_cat":[19],"product_tag":[144,387,190,382,384,386,385,327,189,383],"class_list":{"0":"post-553","1":"product","2":"type-product","3":"status-publish","4":"has-post-thumbnail","6":"product_cat-spd-sobres-primer-dia","7":"product_tag-144","8":"product_tag-anielewicz","9":"product_tag-fdc","10":"product_tag-glazman","11":"product_tag-guetto","12":"product_tag-mordekai","13":"product_tag-revuelta","14":"product_tag-souvenir","15":"product_tag-spd","16":"product_tag-varsovia","17":"thunk-woo-product-list","18":"opn-qv-enable","19":"open-woo-hover-zoom","20":"open-single-product-tab-horizontal","21":"open-shadow-","22":"open-shadow-hover-","24":"first","25":"instock","26":"sale","27":"shipping-taxable","28":"purchasable","29":"product-type-simple"},"acf":[],"jetpack_sharing_enabled":true,"_links":{"self":[{"href":"https:\/\/filatelia.cuentista.es\/en\/wp-json\/wp\/v2\/product\/553","targetHints":{"allow":["GET"]}}],"collection":[{"href":"https:\/\/filatelia.cuentista.es\/en\/wp-json\/wp\/v2\/product"}],"about":[{"href":"https:\/\/filatelia.cuentista.es\/en\/wp-json\/wp\/v2\/types\/product"}],"replies":[{"embeddable":true,"href":"https:\/\/filatelia.cuentista.es\/en\/wp-json\/wp\/v2\/comments?post=553"}],"wp:featuredmedia":[{"embeddable":true,"href":"https:\/\/filatelia.cuentista.es\/en\/wp-json\/wp\/v2\/media\/1108"}],"wp:attachment":[{"href":"https:\/\/filatelia.cuentista.es\/en\/wp-json\/wp\/v2\/media?parent=553"}],"wp:term":[{"taxonomy":"product_brand","embeddable":true,"href":"https:\/\/filatelia.cuentista.es\/en\/wp-json\/wp\/v2\/product_brand?post=553"},{"taxonomy":"product_cat","embeddable":true,"href":"https:\/\/filatelia.cuentista.es\/en\/wp-json\/wp\/v2\/product_cat?post=553"},{"taxonomy":"product_tag","embeddable":true,"href":"https:\/\/filatelia.cuentista.es\/en\/wp-json\/wp\/v2\/product_tag?post=553"}],"curies":[{"name":"wp","href":"https:\/\/api.w.org\/{rel}","templated":true}]}}