{"id":5511,"date":"2024-10-19T05:07:11","date_gmt":"2024-10-19T05:07:11","guid":{"rendered":"https:\/\/filatelia.cuentista.es\/product\/moneda-reino-unido-1-penique-1919"},"modified":"2024-10-20T13:58:56","modified_gmt":"2024-10-20T13:58:56","slug":"moneda-reino-unido-1-penique-1919","status":"publish","type":"product","link":"https:\/\/filatelia.cuentista.es\/en\/product\/moneda-reino-unido-1-penique-1919","title":{"rendered":"Moneda Reino Unido &#8211; 1 penique &#8211; 1919"},"content":{"rendered":"<p>Detalles de la moneda<br \/>\nPais: Reino Unido<br \/>\nPeriodo: Rey Jorge V<br \/>\nDenominaci\u00f3n: 1 penique<br \/>\nA\u00f1o : 1919<br \/>\nVariante :<br \/>\nDiametro : 30.8<br \/>\nEstado : G<br \/>\nC\u00f3digo Catalogo : KM#810<br \/>\nMoneda : Libra esterlina (pre-decimal)<\/p>","protected":false},"excerpt":{"rendered":"<p>Detalles de la moneda Pais: Reino Unido Periodo: Rey Jorge V Denominaci\u00f3n: 1 penique A\u00f1o : 1919 Variante : Diametro : 30.8 Estado : G C\u00f3digo Catalogo : KM#810 Moneda : Libra esterlina (pre-decimal)<\/p>","protected":false},"featured_media":5826,"comment_status":"open","ping_status":"closed","template":"","meta":{"_acf_changed":false},"product_brand":[],"product_cat":[1431],"product_tag":[961,1434],"class_list":{"0":"post-5511","1":"product","2":"type-product","3":"status-publish","4":"has-post-thumbnail","6":"product_cat-monedas-2","7":"product_tag-961","8":"product_tag-g","9":"thunk-woo-product-list","10":"opn-qv-enable","11":"open-woo-hover-zoom","12":"open-single-product-tab-horizontal","13":"open-shadow-","14":"open-shadow-hover-","16":"first","17":"instock","18":"shipping-taxable","19":"purchasable","20":"product-type-simple"},"acf":[],"jetpack_sharing_enabled":true,"_links":{"self":[{"href":"https:\/\/filatelia.cuentista.es\/en\/wp-json\/wp\/v2\/product\/5511","targetHints":{"allow":["GET"]}}],"collection":[{"href":"https:\/\/filatelia.cuentista.es\/en\/wp-json\/wp\/v2\/product"}],"about":[{"href":"https:\/\/filatelia.cuentista.es\/en\/wp-json\/wp\/v2\/types\/product"}],"replies":[{"embeddable":true,"href":"https:\/\/filatelia.cuentista.es\/en\/wp-json\/wp\/v2\/comments?post=5511"}],"wp:featuredmedia":[{"embeddable":true,"href":"https:\/\/filatelia.cuentista.es\/en\/wp-json\/wp\/v2\/media\/5826"}],"wp:attachment":[{"href":"https:\/\/filatelia.cuentista.es\/en\/wp-json\/wp\/v2\/media?parent=5511"}],"wp:term":[{"taxonomy":"product_brand","embeddable":true,"href":"https:\/\/filatelia.cuentista.es\/en\/wp-json\/wp\/v2\/product_brand?post=5511"},{"taxonomy":"product_cat","embeddable":true,"href":"https:\/\/filatelia.cuentista.es\/en\/wp-json\/wp\/v2\/product_cat?post=5511"},{"taxonomy":"product_tag","embeddable":true,"href":"https:\/\/filatelia.cuentista.es\/en\/wp-json\/wp\/v2\/product_tag?post=5511"}],"curies":[{"name":"wp","href":"https:\/\/api.w.org\/{rel}","templated":true}]}}