{"id":5432,"date":"2024-10-19T05:06:39","date_gmt":"2024-10-19T05:06:39","guid":{"rendered":"https:\/\/filatelia.cuentista.es\/product\/moneda-reino-unido-2-nuevos-peniques-1980"},"modified":"2024-11-03T07:00:06","modified_gmt":"2024-11-03T07:00:06","slug":"moneda-reino-unido-2-nuevos-peniques-1980","status":"publish","type":"product","link":"https:\/\/filatelia.cuentista.es\/en\/product\/moneda-reino-unido-2-nuevos-peniques-1980","title":{"rendered":"Moneda Reino Unido &#8211; 2 nuevos peniques &#8211; 1980"},"content":{"rendered":"<p>Detalles de la moneda<br \/>\nPais: Reino Unido<br \/>\nPeriodo: Reina Isabel II<br \/>\nDenominaci\u00f3n: 2 nuevos peniques<br \/>\nA\u00f1o : 1980<br \/>\nVariante :<br \/>\nDiametro : 25.91<br \/>\nEstado : F<br \/>\nC\u00f3digo Catalogo : 0.13<br \/>\nMoneda : Libra esterlina<\/p>","protected":false},"excerpt":{"rendered":"<p>Detalles de la moneda Pais: Reino Unido Periodo: Reina Isabel II Denominaci\u00f3n: 2 nuevos peniques A\u00f1o : 1980 Variante : Diametro : 25.91 Estado : F C\u00f3digo Catalogo : 0.13 Moneda : Libra esterlina<\/p>","protected":false},"featured_media":6167,"comment_status":"open","ping_status":"closed","template":"","meta":{"_acf_changed":false},"product_brand":[],"product_cat":[1431],"product_tag":[46,1433],"class_list":{"0":"post-5432","1":"product","2":"type-product","3":"status-publish","4":"has-post-thumbnail","6":"product_cat-monedas-2","7":"product_tag-46","8":"product_tag-f","9":"thunk-woo-product-list","10":"opn-qv-enable","11":"open-woo-hover-zoom","12":"open-single-product-tab-horizontal","13":"open-shadow-","14":"open-shadow-hover-","16":"first","17":"instock","18":"shipping-taxable","19":"purchasable","20":"product-type-simple"},"acf":[],"jetpack_sharing_enabled":true,"_links":{"self":[{"href":"https:\/\/filatelia.cuentista.es\/en\/wp-json\/wp\/v2\/product\/5432","targetHints":{"allow":["GET"]}}],"collection":[{"href":"https:\/\/filatelia.cuentista.es\/en\/wp-json\/wp\/v2\/product"}],"about":[{"href":"https:\/\/filatelia.cuentista.es\/en\/wp-json\/wp\/v2\/types\/product"}],"replies":[{"embeddable":true,"href":"https:\/\/filatelia.cuentista.es\/en\/wp-json\/wp\/v2\/comments?post=5432"}],"wp:featuredmedia":[{"embeddable":true,"href":"https:\/\/filatelia.cuentista.es\/en\/wp-json\/wp\/v2\/media\/6167"}],"wp:attachment":[{"href":"https:\/\/filatelia.cuentista.es\/en\/wp-json\/wp\/v2\/media?parent=5432"}],"wp:term":[{"taxonomy":"product_brand","embeddable":true,"href":"https:\/\/filatelia.cuentista.es\/en\/wp-json\/wp\/v2\/product_brand?post=5432"},{"taxonomy":"product_cat","embeddable":true,"href":"https:\/\/filatelia.cuentista.es\/en\/wp-json\/wp\/v2\/product_cat?post=5432"},{"taxonomy":"product_tag","embeddable":true,"href":"https:\/\/filatelia.cuentista.es\/en\/wp-json\/wp\/v2\/product_tag?post=5432"}],"curies":[{"name":"wp","href":"https:\/\/api.w.org\/{rel}","templated":true}]}}