{"id":542,"date":"2024-07-20T06:39:41","date_gmt":"2024-07-20T06:39:41","guid":{"rendered":"https:\/\/filatelia.cuentista.es\/product\/espaner-80-atlantida-y-musicos"},"modified":"2024-08-03T16:15:23","modified_gmt":"2024-08-03T16:15:23","slug":"espaner-80-atlantida-y-musicos","status":"publish","type":"product","link":"https:\/\/filatelia.cuentista.es\/en\/product\/espaner-80-atlantida-y-musicos","title":{"rendered":"Sobre Espaner 80 Atl\u00e1ntida y Musicos"},"content":{"rendered":"<p>Sobre Espaner 80 Atl\u00e1ntida y Musicos de Bonampak &#8211; Sobre sin selos ni matasellos<\/p>\n<p>Una expresi\u00f3n de arte maya dif\u00edcil de preservar \u2013 la pintura \u2013 cobra vida en el yacimiento arqueol\u00f3gico de Bonampak. Este sitio, localizado en el sur de Chiapas, M\u00e9xico, alberga uno de los murales m\u00e1s famosos en todo el mundo maya. Bonampak literalmente significa \u201cpared pintada\u201d. Colores vivos y dise\u00f1os magistrales cuentan la historia de la \u00faltima familia reinante de Bonampak, encabezada por el Rey Chan Muwan y su esposa la Dama Conejo. Las inscripciones de calendario fechan las escenas pintadas entre los a\u00f1os 790 y 792 d.C. La ciudad fue abandonada un poco tiempo despu\u00e9s y los murales nunca fueron completados. Las pinturas describen escenas de celebraci\u00f3n y ascenso al trono, guerras brutales y actos de autosacrificio.<\/p>","protected":false},"excerpt":{"rendered":"<p>Sobre Espaner 80 Atl\u00e1ntida y Musicos de Bonampak &#8211; Sobre sin selos ni matasellos<\/p>","protected":false},"featured_media":1126,"comment_status":"open","ping_status":"closed","template":"","meta":{"_acf_changed":false},"product_brand":[],"product_cat":[398],"product_tag":[46,412,416,417,411,418,185],"class_list":{"0":"post-542","1":"product","2":"type-product","3":"status-publish","4":"has-post-thumbnail","6":"product_cat-sobre-sin-sellos","7":"product_tag-46","8":"product_tag-412","9":"product_tag-atlantida","10":"product_tag-bonampak","11":"product_tag-espamer","12":"product_tag-mexico","13":"product_tag-sobre","14":"thunk-woo-product-list","15":"opn-qv-enable","16":"open-woo-hover-zoom","17":"open-single-product-tab-horizontal","18":"open-shadow-","19":"open-shadow-hover-","21":"first","22":"instock","23":"sale","24":"shipping-taxable","25":"purchasable","26":"product-type-simple"},"acf":[],"jetpack_sharing_enabled":true,"_links":{"self":[{"href":"https:\/\/filatelia.cuentista.es\/en\/wp-json\/wp\/v2\/product\/542","targetHints":{"allow":["GET"]}}],"collection":[{"href":"https:\/\/filatelia.cuentista.es\/en\/wp-json\/wp\/v2\/product"}],"about":[{"href":"https:\/\/filatelia.cuentista.es\/en\/wp-json\/wp\/v2\/types\/product"}],"replies":[{"embeddable":true,"href":"https:\/\/filatelia.cuentista.es\/en\/wp-json\/wp\/v2\/comments?post=542"}],"wp:featuredmedia":[{"embeddable":true,"href":"https:\/\/filatelia.cuentista.es\/en\/wp-json\/wp\/v2\/media\/1126"}],"wp:attachment":[{"href":"https:\/\/filatelia.cuentista.es\/en\/wp-json\/wp\/v2\/media?parent=542"}],"wp:term":[{"taxonomy":"product_brand","embeddable":true,"href":"https:\/\/filatelia.cuentista.es\/en\/wp-json\/wp\/v2\/product_brand?post=542"},{"taxonomy":"product_cat","embeddable":true,"href":"https:\/\/filatelia.cuentista.es\/en\/wp-json\/wp\/v2\/product_cat?post=542"},{"taxonomy":"product_tag","embeddable":true,"href":"https:\/\/filatelia.cuentista.es\/en\/wp-json\/wp\/v2\/product_tag?post=542"}],"curies":[{"name":"wp","href":"https:\/\/api.w.org\/{rel}","templated":true}]}}