{"id":539,"date":"2024-07-20T06:39:40","date_gmt":"2024-07-20T06:39:40","guid":{"rendered":"https:\/\/filatelia.cuentista.es\/product\/kiosco-alfonso-a-coruna"},"modified":"2024-08-03T20:39:03","modified_gmt":"2024-08-03T20:39:03","slug":"kiosco-alfonso-a-coruna","status":"publish","type":"product","link":"https:\/\/filatelia.cuentista.es\/en\/product\/kiosco-alfonso-a-coruna","title":{"rendered":"Entero Postal &#8211; Puente Romano de Merida &#8211; Badajoz"},"content":{"rendered":"<p>Entero Postal &#8211; Puente Romano de Merida &#8211; Badajoz con sello impreso de la puerta de las palmas de 11 ptas<\/p>\n<p>Sin matasellar<\/p>\n<p>El\u00a0<b>puente romano<\/b>\u00a0de la ciudad espa\u00f1ola de\u00a0<a title=\"M\u00e9rida (Espa\u00f1a)\" href=\"https:\/\/es.wikipedia.org\/wiki\/M%C3%A9rida_(Espa%C3%B1a)\">M\u00e9rida<\/a>\u00a0(<a title=\"Extremadura\" href=\"https:\/\/es.wikipedia.org\/wiki\/Extremadura\">Extremadura<\/a>) es una obra de ingenier\u00eda civil que atraviesa el r\u00edo\u00a0<a title=\"Guadiana\" href=\"https:\/\/es.wikipedia.org\/wiki\/Guadiana\">Guadiana<\/a>. Construido por el\u00a0<a class=\"mw-redirect\" title=\"Imperio Romano\" href=\"https:\/\/es.wikipedia.org\/wiki\/Imperio_Romano\">Imperio Romano<\/a>\u00a0a finales del siglo\u00a0i\u00a0a.\u00a0C., la obra se elevaba en la antig\u00fcedad sobre el r\u00edo a lo largo de dos tramos separados por un tajamar. Hoy en d\u00eda, el puente tiene una longitud de 790\u00a0m y descansa sobre sesenta arcos, de los cuales tres permanecieron ocultos hasta finales de los a\u00f1os 1990, cuando las obras de regeneraci\u00f3n de los m\u00e1rgenes del r\u00edo los dejaron al descubierto.<\/p>\n<p class=\"p1\">Un\u00a0<b>entero postal<\/b>\u00a0es un elemento -similar a un\u00a0<a href=\"https:\/\/es.wikipedia.org\/wiki\/Sobre_ilustrado_prefranqueado\"><span class=\"s1\">sobre prefranqueado<\/span><\/a>&#8211; emitido por una entidad oficial de correos, que lleva impresa una\u00a0<a href=\"https:\/\/es.wikipedia.org\/wiki\/Estampilla\"><span class=\"s1\">estampilla<\/span><\/a>\u00a0u otro emblema de correos, mostrando un valor espec\u00edfico que indica que el franqueo ha sido\u00a0<a href=\"https:\/\/es.wikipedia.org\/wiki\/Prepago\"><span class=\"s1\">prepagado<\/span><\/a>.<a href=\"https:\/\/es.wikipedia.org\/wiki\/Entero_postal#cite_note-1\"><span class=\"s1\"><sup>1<\/sup><\/span><\/a> El sello impreso lleva el nombre de\u00a0<i>indicium<\/i>.<\/p>\n<p class=\"p1\">Los\u00a0<b>enteros postales<\/b>\u00a0se imprimen en diversos formatos como\u00a0<a href=\"https:\/\/es.wikipedia.org\/wiki\/Sobre\"><span class=\"s1\">sobres<\/span><\/a>,\u00a0<a href=\"https:\/\/es.wikipedia.org\/wiki\/Tarjeta_postal\"><span class=\"s1\">tarjetas postales<\/span><\/a>, tarjetas-carta, aerogramas, envolturas, entre otros.<\/p>\n<p>&nbsp;<\/p>","protected":false},"excerpt":{"rendered":"<p>Entero Postal &#8211; Puente Romano de Merida &#8211; Badajoz con sello impreso de la puerta de las palmas<\/p>","protected":false},"featured_media":1133,"comment_status":"open","ping_status":"closed","template":"","meta":{"_acf_changed":false},"product_brand":[],"product_cat":[419],"product_tag":[149,420,101,429,432,430,431],"class_list":{"0":"post-539","1":"product","2":"type-product","3":"status-publish","4":"has-post-thumbnail","6":"product_cat-entero-postal","7":"product_tag-149","8":"product_tag-entero-postal","9":"product_tag-espana","10":"product_tag-merida","11":"product_tag-palmas","12":"product_tag-puente","13":"product_tag-romano","14":"thunk-woo-product-list","15":"opn-qv-enable","16":"open-woo-hover-zoom","17":"open-single-product-tab-horizontal","18":"open-shadow-","19":"open-shadow-hover-","21":"first","22":"instock","23":"sale","24":"shipping-taxable","25":"purchasable","26":"product-type-simple"},"acf":[],"jetpack_sharing_enabled":true,"_links":{"self":[{"href":"https:\/\/filatelia.cuentista.es\/en\/wp-json\/wp\/v2\/product\/539","targetHints":{"allow":["GET"]}}],"collection":[{"href":"https:\/\/filatelia.cuentista.es\/en\/wp-json\/wp\/v2\/product"}],"about":[{"href":"https:\/\/filatelia.cuentista.es\/en\/wp-json\/wp\/v2\/types\/product"}],"replies":[{"embeddable":true,"href":"https:\/\/filatelia.cuentista.es\/en\/wp-json\/wp\/v2\/comments?post=539"}],"wp:featuredmedia":[{"embeddable":true,"href":"https:\/\/filatelia.cuentista.es\/en\/wp-json\/wp\/v2\/media\/1133"}],"wp:attachment":[{"href":"https:\/\/filatelia.cuentista.es\/en\/wp-json\/wp\/v2\/media?parent=539"}],"wp:term":[{"taxonomy":"product_brand","embeddable":true,"href":"https:\/\/filatelia.cuentista.es\/en\/wp-json\/wp\/v2\/product_brand?post=539"},{"taxonomy":"product_cat","embeddable":true,"href":"https:\/\/filatelia.cuentista.es\/en\/wp-json\/wp\/v2\/product_cat?post=539"},{"taxonomy":"product_tag","embeddable":true,"href":"https:\/\/filatelia.cuentista.es\/en\/wp-json\/wp\/v2\/product_tag?post=539"}],"curies":[{"name":"wp","href":"https:\/\/api.w.org\/{rel}","templated":true}]}}