{"id":5321,"date":"2024-10-19T05:05:58","date_gmt":"2024-10-19T05:05:58","guid":{"rendered":"https:\/\/filatelia.cuentista.es\/product\/moneda-polonia-10-zlotych-1971"},"modified":"2024-11-10T20:28:19","modified_gmt":"2024-11-10T20:28:19","slug":"moneda-polonia-10-zlotych-1971","status":"publish","type":"product","link":"https:\/\/filatelia.cuentista.es\/en\/product\/moneda-polonia-10-zlotych-1971","title":{"rendered":"Moneda Polonia &#8211; 10 zlotych &#8211; 1971"},"content":{"rendered":"<p>Detalles de la moneda<br \/>\nPais: Polonia<br \/>\nPeriodo: Rep\u00fablica Popular<br \/>\nDenominaci\u00f3n: 10 zlotych<br \/>\nA\u00f1o : 1971<br \/>\nVariante :<br \/>\nDiametro : 28<br \/>\nEstado : F<br \/>\nC\u00f3digo Catalogo : 1.76<br \/>\nMoneda : Z\u0142oty polaco<\/p>","protected":false},"excerpt":{"rendered":"<p>Detalles de la moneda Pais: Polonia Periodo: Rep\u00fablica Popular Denominaci\u00f3n: 10 zlotych A\u00f1o : 1971 Variante : Diametro : 28 Estado : F C\u00f3digo Catalogo : 1.76 Moneda : Z\u0142oty polaco<\/p>","protected":false},"featured_media":6501,"comment_status":"open","ping_status":"closed","template":"","meta":{"_acf_changed":false},"product_brand":[],"product_cat":[1431],"product_tag":[686,1433],"class_list":{"0":"post-5321","1":"product","2":"type-product","3":"status-publish","4":"has-post-thumbnail","6":"product_cat-monedas-2","7":"product_tag-686","8":"product_tag-f","9":"thunk-woo-product-list","10":"opn-qv-enable","11":"open-woo-hover-zoom","12":"open-single-product-tab-horizontal","13":"open-shadow-","14":"open-shadow-hover-","16":"first","17":"instock","18":"shipping-taxable","19":"purchasable","20":"product-type-simple"},"acf":[],"jetpack_sharing_enabled":true,"_links":{"self":[{"href":"https:\/\/filatelia.cuentista.es\/en\/wp-json\/wp\/v2\/product\/5321","targetHints":{"allow":["GET"]}}],"collection":[{"href":"https:\/\/filatelia.cuentista.es\/en\/wp-json\/wp\/v2\/product"}],"about":[{"href":"https:\/\/filatelia.cuentista.es\/en\/wp-json\/wp\/v2\/types\/product"}],"replies":[{"embeddable":true,"href":"https:\/\/filatelia.cuentista.es\/en\/wp-json\/wp\/v2\/comments?post=5321"}],"wp:featuredmedia":[{"embeddable":true,"href":"https:\/\/filatelia.cuentista.es\/en\/wp-json\/wp\/v2\/media\/6501"}],"wp:attachment":[{"href":"https:\/\/filatelia.cuentista.es\/en\/wp-json\/wp\/v2\/media?parent=5321"}],"wp:term":[{"taxonomy":"product_brand","embeddable":true,"href":"https:\/\/filatelia.cuentista.es\/en\/wp-json\/wp\/v2\/product_brand?post=5321"},{"taxonomy":"product_cat","embeddable":true,"href":"https:\/\/filatelia.cuentista.es\/en\/wp-json\/wp\/v2\/product_cat?post=5321"},{"taxonomy":"product_tag","embeddable":true,"href":"https:\/\/filatelia.cuentista.es\/en\/wp-json\/wp\/v2\/product_tag?post=5321"}],"curies":[{"name":"wp","href":"https:\/\/api.w.org\/{rel}","templated":true}]}}