{"id":532,"date":"2024-07-20T06:39:36","date_gmt":"2024-07-20T06:39:36","guid":{"rendered":"https:\/\/filatelia.cuentista.es\/product\/plaza-mayor-almagro-ciudad-real"},"modified":"2024-08-03T21:01:08","modified_gmt":"2024-08-03T21:01:08","slug":"plaza-mayor-almagro-ciudad-real","status":"publish","type":"product","link":"https:\/\/filatelia.cuentista.es\/en\/product\/plaza-mayor-almagro-ciudad-real","title":{"rendered":"Entero Postal &#8211; Plaza Mayor Almagro, Ciudad Real"},"content":{"rendered":"<p>Entero Postal &#8211; Plaza Mayor Almagro, Ciudad Real. con sello de primer dia de circulacion de Madrid<\/p>\n<p>Sello Impreso de 12 ptas<\/p>\n<p>En el camino de\u00a0<a title=\"Toledo\" href=\"https:\/\/es.wikipedia.org\/wiki\/Toledo\">Toledo<\/a>\u00a0a\u00a0<a title=\"Granada\" href=\"https:\/\/es.wikipedia.org\/wiki\/Granada\">Granada<\/a>, y con posible origen en un peque\u00f1o castillo \u00e1rabe localizado por algunos historiadores en lo que hoy es la ermita de San Juan, naci\u00f3 la villa de\u00a0<a title=\"Almagro (Espa\u00f1a)\" href=\"https:\/\/es.wikipedia.org\/wiki\/Almagro_(Espa%C3%B1a)\">Almagro<\/a>\u00a0&#8211; ciudad desde 1796 &#8211; poco despu\u00e9s de la batalla de\u00a0<a class=\"mw-redirect\" title=\"Las Navas de Tolosa\" href=\"https:\/\/es.wikipedia.org\/wiki\/Las_Navas_de_Tolosa\">Las Navas de Tolosa<\/a>, que tuvo lugar en 1212, y le fue otorgado fuero por fray Gonzalo Y\u00e1\u00f1ez de Noboa, IX maestre de la\u00a0<a title=\"Orden de Calatrava\" href=\"https:\/\/es.wikipedia.org\/wiki\/Orden_de_Calatrava\">Orden de Calatrava<\/a>, que confirm\u00f3 en 1222 el rey\u00a0<a title=\"Fernando III de Castilla\" href=\"https:\/\/es.wikipedia.org\/wiki\/Fernando_III_de_Castilla\">Fernando III<\/a>\u00a0el Santo. Capital de los calatravos y de lo que despu\u00e9s se ha dado en llamar Campo de Calatrava, alcanz\u00f3 pronto tal pujanza que el rey\u00a0<a class=\"mw-redirect\" title=\"Alfonso X\" href=\"https:\/\/es.wikipedia.org\/wiki\/Alfonso_X\">Alfonso X<\/a>\u00a0el Sabio convoc\u00f3 Cortes en ella en 1273.<\/p>\n<p class=\"p1\">Un\u00a0<b>entero postal<\/b>\u00a0es un elemento -similar a un\u00a0<a href=\"https:\/\/es.wikipedia.org\/wiki\/Sobre_ilustrado_prefranqueado\"><span class=\"s1\">sobre prefranqueado<\/span><\/a>&#8211; emitido por una entidad oficial de correos, que lleva impresa una\u00a0<a href=\"https:\/\/es.wikipedia.org\/wiki\/Estampilla\"><span class=\"s1\">estampilla<\/span><\/a>\u00a0u otro emblema de correos, mostrando un valor espec\u00edfico que indica que el franqueo ha sido\u00a0<a href=\"https:\/\/es.wikipedia.org\/wiki\/Prepago\"><span class=\"s1\">prepagado<\/span><\/a>.<a href=\"https:\/\/es.wikipedia.org\/wiki\/Entero_postal#cite_note-1\"><span class=\"s1\"><sup>1<\/sup><\/span><\/a> El sello impreso lleva el nombre de\u00a0<i>indicium<\/i>.<\/p>\n<p class=\"p1\">Los\u00a0<b>enteros postales<\/b>\u00a0se imprimen en diversos formatos como\u00a0<a href=\"https:\/\/es.wikipedia.org\/wiki\/Sobre\"><span class=\"s1\">sobres<\/span><\/a>,\u00a0<a href=\"https:\/\/es.wikipedia.org\/wiki\/Tarjeta_postal\"><span class=\"s1\">tarjetas postales<\/span><\/a>, tarjetas-carta, aerogramas, envolturas, entre otros.<\/p>\n<p>&nbsp;<\/p>","protected":false},"excerpt":{"rendered":"<p>Entero Postal &#8211; Plaza Mayor Almagro, Ciudad Real. con sello de primer dia de circulacion de Madrid<\/p>","protected":false},"featured_media":1141,"comment_status":"open","ping_status":"closed","template":"","meta":{"_acf_changed":false},"product_brand":[],"product_cat":[419],"product_tag":[149,447,448,420,441],"class_list":{"0":"post-532","1":"product","2":"type-product","3":"status-publish","4":"has-post-thumbnail","6":"product_cat-entero-postal","7":"product_tag-149","8":"product_tag-almagro","9":"product_tag-ciudad-rel","10":"product_tag-entero-postal","11":"product_tag-madrid","12":"thunk-woo-product-list","13":"opn-qv-enable","14":"open-woo-hover-zoom","15":"open-single-product-tab-horizontal","16":"open-shadow-","17":"open-shadow-hover-","19":"first","20":"instock","21":"sale","22":"shipping-taxable","23":"purchasable","24":"product-type-simple"},"acf":[],"jetpack_sharing_enabled":true,"_links":{"self":[{"href":"https:\/\/filatelia.cuentista.es\/en\/wp-json\/wp\/v2\/product\/532","targetHints":{"allow":["GET"]}}],"collection":[{"href":"https:\/\/filatelia.cuentista.es\/en\/wp-json\/wp\/v2\/product"}],"about":[{"href":"https:\/\/filatelia.cuentista.es\/en\/wp-json\/wp\/v2\/types\/product"}],"replies":[{"embeddable":true,"href":"https:\/\/filatelia.cuentista.es\/en\/wp-json\/wp\/v2\/comments?post=532"}],"wp:featuredmedia":[{"embeddable":true,"href":"https:\/\/filatelia.cuentista.es\/en\/wp-json\/wp\/v2\/media\/1141"}],"wp:attachment":[{"href":"https:\/\/filatelia.cuentista.es\/en\/wp-json\/wp\/v2\/media?parent=532"}],"wp:term":[{"taxonomy":"product_brand","embeddable":true,"href":"https:\/\/filatelia.cuentista.es\/en\/wp-json\/wp\/v2\/product_brand?post=532"},{"taxonomy":"product_cat","embeddable":true,"href":"https:\/\/filatelia.cuentista.es\/en\/wp-json\/wp\/v2\/product_cat?post=532"},{"taxonomy":"product_tag","embeddable":true,"href":"https:\/\/filatelia.cuentista.es\/en\/wp-json\/wp\/v2\/product_tag?post=532"}],"curies":[{"name":"wp","href":"https:\/\/api.w.org\/{rel}","templated":true}]}}