{"id":529,"date":"2024-07-20T06:39:34","date_gmt":"2024-07-20T06:39:34","guid":{"rendered":"https:\/\/filatelia.cuentista.es\/product\/plaza-ayuntamiento-y-catedral-de-teruel"},"modified":"2024-08-04T04:36:33","modified_gmt":"2024-08-04T04:36:33","slug":"plaza-ayuntamiento-y-catedral-de-teruel","status":"publish","type":"product","link":"https:\/\/filatelia.cuentista.es\/en\/product\/plaza-ayuntamiento-y-catedral-de-teruel","title":{"rendered":"Entero Postal &#8211; Plaza Ayuntamiento y Catedral de Teruel"},"content":{"rendered":"<p class=\"p1\">Entero Postal &#8211; Plaza Ayuntamiento y Catedral de Teruel con sello de primer dia de circulacion de barcelona (10\/5\/2980)<\/p>\n<p class=\"p1\">Sello impreso de 13 pesetas.<\/p>\n<p>La\u00a0<b>catedral de Santa Mar\u00eda de Mediavilla de\u00a0<a title=\"Teruel\" href=\"https:\/\/es.wikipedia.org\/wiki\/Teruel\">Teruel<\/a><\/b>\u00a0es una de las construcciones m\u00e1s importantes del\u00a0<a title=\"Mud\u00e9jar\" href=\"https:\/\/es.wikipedia.org\/wiki\/Mud%C3%A9jar\">mud\u00e9jar<\/a>\u00a0en\u00a0<a title=\"Espa\u00f1a\" href=\"https:\/\/es.wikipedia.org\/wiki\/Espa%C3%B1a\">Espa\u00f1a<\/a>, y una de las dos \u00fanicas\u00a0<a title=\"Catedrales de Espa\u00f1a\" href=\"https:\/\/es.wikipedia.org\/wiki\/Catedrales_de_Espa%C3%B1a\">catedrales espa\u00f1olas<\/a>, junto con la de\u00a0<a title=\"Catedral de Tarazona\" href=\"https:\/\/es.wikipedia.org\/wiki\/Catedral_de_Tarazona\">Tarazona<\/a>, construida en este estilo.<\/p>\n<p>Actualmente, la catedral est\u00e1 considerada como\u00a0<a class=\"mw-redirect\" title=\"BIC\" href=\"https:\/\/es.wikipedia.org\/wiki\/BIC\">BIC<\/a>\u00a0(Bien de Inter\u00e9s Cultural). Fue declarada\u00a0<a class=\"mw-redirect\" title=\"Anexo:Lista de los monumentos hist\u00f3rico-art\u00edsticos de Espa\u00f1a declarados en 1931\" href=\"https:\/\/es.wikipedia.org\/wiki\/Anexo:Lista_de_los_monumentos_hist%C3%B3rico-art%C3%ADsticos_de_Espa%C3%B1a_declarados_en_1931\">Monumento hist\u00f3rico-art\u00edstico<\/a>\u00a0perteneciente al Tesoro Art\u00edstico Nacional mediante decreto de 3 de junio de 1931.<sup id=\"cite_ref-gaceta_2-0\" class=\"reference separada\"><a href=\"https:\/\/es.wikipedia.org\/wiki\/Catedral_de_Teruel#cite_note-gaceta-2\">2<\/a><\/sup>\u200b<\/p>\n<p>La torre, la techumbre y el cimborrio son\u00a0<a title=\"Patrimonio de la Humanidad\" href=\"https:\/\/es.wikipedia.org\/wiki\/Patrimonio_de_la_Humanidad\">Patrimonio de la Humanidad<\/a>\u00a0desde 1986<\/p>\n<p class=\"p1\">Un <b>entero postal<\/b>\u00a0es un elemento -similar a un\u00a0<a href=\"https:\/\/es.wikipedia.org\/wiki\/Sobre_ilustrado_prefranqueado\"><span class=\"s1\">sobre prefranqueado<\/span><\/a>&#8211; emitido por una entidad oficial de correos, que lleva impresa una\u00a0<a href=\"https:\/\/es.wikipedia.org\/wiki\/Estampilla\"><span class=\"s1\">estampilla<\/span><\/a>\u00a0u otro emblema de correos, mostrando un valor espec\u00edfico que indica que el franqueo ha sido\u00a0<a href=\"https:\/\/es.wikipedia.org\/wiki\/Prepago\"><span class=\"s1\">prepagado<\/span><\/a>.<a href=\"https:\/\/es.wikipedia.org\/wiki\/Entero_postal#cite_note-1\"><span class=\"s1\"><sup>1<\/sup><\/span><\/a> El sello impreso lleva el nombre de\u00a0<i>indicium<\/i>.<\/p>\n<p class=\"p1\">Los\u00a0<b>enteros postales<\/b>\u00a0se imprimen en diversos formatos como\u00a0<a href=\"https:\/\/es.wikipedia.org\/wiki\/Sobre\"><span class=\"s1\">sobres<\/span><\/a>,\u00a0<a href=\"https:\/\/es.wikipedia.org\/wiki\/Tarjeta_postal\"><span class=\"s1\">tarjetas postales<\/span><\/a>, tarjetas-carta, aerogramas, envolturas, entre otros.<\/p>\n<p>Descarga Gratuita Disponible sobre la catedral de teruel (se habilita el link al completar la compra)<\/p>\n<p><img loading=\"lazy\" decoding=\"async\" class=\"alignnone size-medium wp-image-1150\" src=\"https:\/\/filatelia.cuentista.es\/wp-content\/uploads\/2024\/07\/Captura-de-pantalla-2024-08-04-a-las-6.34.46-241x300.png\" alt=\"Catedral de Teruel\" width=\"241\" height=\"300\" srcset=\"https:\/\/filatelia.cuentista.es\/wp-content\/uploads\/2024\/07\/Captura-de-pantalla-2024-08-04-a-las-6.34.46-241x300.png 241w, https:\/\/filatelia.cuentista.es\/wp-content\/uploads\/2024\/07\/Captura-de-pantalla-2024-08-04-a-las-6.34.46.png 540w\" sizes=\"auto, (max-width: 241px) 100vw, 241px\" \/><\/p>","protected":false},"excerpt":{"rendered":"<p>Entero Postal &#8211; Plaza Ayuntamiento y Catedral de Teruel con sello de primer dia de circulacion de barcelona (10\/5\/2980)<\/p>","protected":false},"featured_media":1148,"comment_status":"open","ping_status":"closed","template":"","meta":{"_acf_changed":false},"product_brand":[],"product_cat":[402,419],"product_tag":[46,152,420,101,454],"class_list":{"0":"post-529","1":"product","2":"type-product","3":"status-publish","4":"has-post-thumbnail","6":"product_cat-descarga","7":"product_cat-entero-postal","8":"product_tag-46","9":"product_tag-catedral","10":"product_tag-entero-postal","11":"product_tag-espana","12":"product_tag-teruel","13":"thunk-woo-product-list","14":"opn-qv-enable","15":"open-woo-hover-zoom","16":"open-single-product-tab-horizontal","17":"open-shadow-","18":"open-shadow-hover-","20":"first","21":"instock","22":"sale","23":"downloadable","24":"shipping-taxable","25":"purchasable","26":"product-type-simple"},"acf":[],"jetpack_sharing_enabled":true,"_links":{"self":[{"href":"https:\/\/filatelia.cuentista.es\/en\/wp-json\/wp\/v2\/product\/529","targetHints":{"allow":["GET"]}}],"collection":[{"href":"https:\/\/filatelia.cuentista.es\/en\/wp-json\/wp\/v2\/product"}],"about":[{"href":"https:\/\/filatelia.cuentista.es\/en\/wp-json\/wp\/v2\/types\/product"}],"replies":[{"embeddable":true,"href":"https:\/\/filatelia.cuentista.es\/en\/wp-json\/wp\/v2\/comments?post=529"}],"wp:featuredmedia":[{"embeddable":true,"href":"https:\/\/filatelia.cuentista.es\/en\/wp-json\/wp\/v2\/media\/1148"}],"wp:attachment":[{"href":"https:\/\/filatelia.cuentista.es\/en\/wp-json\/wp\/v2\/media?parent=529"}],"wp:term":[{"taxonomy":"product_brand","embeddable":true,"href":"https:\/\/filatelia.cuentista.es\/en\/wp-json\/wp\/v2\/product_brand?post=529"},{"taxonomy":"product_cat","embeddable":true,"href":"https:\/\/filatelia.cuentista.es\/en\/wp-json\/wp\/v2\/product_cat?post=529"},{"taxonomy":"product_tag","embeddable":true,"href":"https:\/\/filatelia.cuentista.es\/en\/wp-json\/wp\/v2\/product_tag?post=529"}],"curies":[{"name":"wp","href":"https:\/\/api.w.org\/{rel}","templated":true}]}}