{"id":526,"date":"2024-07-20T06:39:33","date_gmt":"2024-07-20T06:39:33","guid":{"rendered":"https:\/\/filatelia.cuentista.es\/product\/biblioteca-menendez-pelayo-santander"},"modified":"2024-08-04T13:34:45","modified_gmt":"2024-08-04T13:34:45","slug":"biblioteca-menendez-pelayo-santander","status":"publish","type":"product","link":"https:\/\/filatelia.cuentista.es\/en\/product\/biblioteca-menendez-pelayo-santander","title":{"rendered":"Entero Postal Biblioteca Men\u00e9ndez Pelayo, Santander 1987"},"content":{"rendered":"<p>Entero Postal Biblioteca Men\u00e9ndez Pelayo, Santander 1987 &#8211; Matasellado de primer dia Barcelona 17 de Junio de 1987<\/p>\n<p>La\u00a0<b>Biblioteca y casa-museo de\u00a0<a title=\"Marcelino Men\u00e9ndez Pelayo\" href=\"https:\/\/es.wikipedia.org\/wiki\/Marcelino_Men%C3%A9ndez_Pelayo\">Marcelino Men\u00e9ndez Pelayo<\/a><\/b>\u00a0se encuentra en la ciudad de\u00a0<a class=\"mw-redirect\" title=\"Santander (Cantabria)\" href=\"https:\/\/es.wikipedia.org\/wiki\/Santander_(Cantabria)\">Santander<\/a>, en\u00a0<a title=\"Cantabria\" href=\"https:\/\/es.wikipedia.org\/wiki\/Cantabria\">Cantabria<\/a>, (<a title=\"Espa\u00f1a\" href=\"https:\/\/es.wikipedia.org\/wiki\/Espa%C3%B1a\">Espa\u00f1a<\/a>). La biblioteca de en torno a 42.000 vol\u00famenes perteneci\u00f3 en vida al c\u00e9lebre escritor, pasando a su muerte al ayuntamiento de Santander por decisi\u00f3n testamentaria.<\/p>\n<p><img decoding=\"async\" src=\"https:\/\/upload.wikimedia.org\/wikipedia\/commons\/thumb\/a\/a9\/Biblioteca_y_Casa_-_Museo_de_Men%C3%A9dez_Pelayo.Santander..jpg\/320px-Biblioteca_y_Casa_-_Museo_de_Men%C3%A9dez_Pelayo.Santander..jpg\" \/><\/p>\n<p class=\"p1\">Un\u00a0<b>entero postal<\/b>\u00a0es un elemento -similar a un\u00a0<a href=\"https:\/\/es.wikipedia.org\/wiki\/Sobre_ilustrado_prefranqueado\"><span class=\"s1\">sobre prefranqueado<\/span><\/a>&#8211; emitido por una entidad oficial de correos, que lleva impresa una\u00a0<a href=\"https:\/\/es.wikipedia.org\/wiki\/Estampilla\"><span class=\"s1\">estampilla<\/span><\/a>\u00a0u otro emblema de correos, mostrando un valor espec\u00edfico que indica que el franqueo ha sido\u00a0<a href=\"https:\/\/es.wikipedia.org\/wiki\/Prepago\"><span class=\"s1\">prepagado<\/span><\/a>.<a href=\"https:\/\/es.wikipedia.org\/wiki\/Entero_postal#cite_note-1\"><span class=\"s1\"><sup>1<\/sup><\/span><\/a> El sello impreso lleva el nombre de\u00a0<i>indicium<\/i>.<\/p>\n<p class=\"p1\">Los\u00a0<b>enteros postales<\/b>\u00a0se imprimen en diversos formatos como\u00a0<a href=\"https:\/\/es.wikipedia.org\/wiki\/Sobre\"><span class=\"s1\">sobres<\/span><\/a>,\u00a0<a href=\"https:\/\/es.wikipedia.org\/wiki\/Tarjeta_postal\"><span class=\"s1\">tarjetas postales<\/span><\/a>, tarjetas-carta, aerogramas, envolturas, entre otros.<\/p>\n<p>Descarga gratis el documento detallado de la biblioteca de menendez Pelayo &#8211; Link se activa despues de la compra<\/p>\n<p>&nbsp;<\/p>\n<p><img loading=\"lazy\" decoding=\"async\" class=\"alignnone size-medium wp-image-1160\" src=\"https:\/\/filatelia.cuentista.es\/wp-content\/uploads\/2024\/07\/Captura-de-pantalla-2024-08-04-a-las-15.32.22-241x300.png\" alt=\"\" width=\"241\" height=\"300\" srcset=\"https:\/\/filatelia.cuentista.es\/wp-content\/uploads\/2024\/07\/Captura-de-pantalla-2024-08-04-a-las-15.32.22-241x300.png 241w, https:\/\/filatelia.cuentista.es\/wp-content\/uploads\/2024\/07\/Captura-de-pantalla-2024-08-04-a-las-15.32.22-600x746.png 600w, https:\/\/filatelia.cuentista.es\/wp-content\/uploads\/2024\/07\/Captura-de-pantalla-2024-08-04-a-las-15.32.22.png 617w\" sizes=\"auto, (max-width: 241px) 100vw, 241px\" \/><\/p>","protected":false},"excerpt":{"rendered":"<p>Entero Postal Biblioteca Men\u00e9ndez Pelayo, Santander 1987 &#8211; Matasellado de primer dia Barcelona 17 de Junio de 1987<\/p>","protected":false},"featured_media":1159,"comment_status":"open","ping_status":"closed","template":"","meta":{"_acf_changed":false},"product_brand":[],"product_cat":[402,419],"product_tag":[143,457,458,420,101,459,460],"class_list":{"0":"post-526","1":"product","2":"type-product","3":"status-publish","4":"has-post-thumbnail","6":"product_cat-descarga","7":"product_cat-entero-postal","8":"product_tag-143","9":"product_tag-biblioteca","10":"product_tag-cultura","11":"product_tag-entero-postal","12":"product_tag-espana","13":"product_tag-menedez-pelayo","14":"product_tag-santander","15":"thunk-woo-product-list","16":"opn-qv-enable","17":"open-woo-hover-zoom","18":"open-single-product-tab-horizontal","19":"open-shadow-","20":"open-shadow-hover-","22":"first","23":"instock","24":"sale","25":"downloadable","26":"shipping-taxable","27":"purchasable","28":"product-type-simple"},"acf":[],"jetpack_sharing_enabled":true,"_links":{"self":[{"href":"https:\/\/filatelia.cuentista.es\/en\/wp-json\/wp\/v2\/product\/526","targetHints":{"allow":["GET"]}}],"collection":[{"href":"https:\/\/filatelia.cuentista.es\/en\/wp-json\/wp\/v2\/product"}],"about":[{"href":"https:\/\/filatelia.cuentista.es\/en\/wp-json\/wp\/v2\/types\/product"}],"replies":[{"embeddable":true,"href":"https:\/\/filatelia.cuentista.es\/en\/wp-json\/wp\/v2\/comments?post=526"}],"wp:featuredmedia":[{"embeddable":true,"href":"https:\/\/filatelia.cuentista.es\/en\/wp-json\/wp\/v2\/media\/1159"}],"wp:attachment":[{"href":"https:\/\/filatelia.cuentista.es\/en\/wp-json\/wp\/v2\/media?parent=526"}],"wp:term":[{"taxonomy":"product_brand","embeddable":true,"href":"https:\/\/filatelia.cuentista.es\/en\/wp-json\/wp\/v2\/product_brand?post=526"},{"taxonomy":"product_cat","embeddable":true,"href":"https:\/\/filatelia.cuentista.es\/en\/wp-json\/wp\/v2\/product_cat?post=526"},{"taxonomy":"product_tag","embeddable":true,"href":"https:\/\/filatelia.cuentista.es\/en\/wp-json\/wp\/v2\/product_tag?post=526"}],"curies":[{"name":"wp","href":"https:\/\/api.w.org\/{rel}","templated":true}]}}