{"id":524,"date":"2024-07-20T06:39:32","date_gmt":"2024-07-20T06:39:32","guid":{"rendered":"https:\/\/filatelia.cuentista.es\/product\/monumento-a-becquer-sevilla"},"modified":"2024-08-04T14:41:55","modified_gmt":"2024-08-04T14:41:55","slug":"monumento-a-becquer-sevilla","status":"publish","type":"product","link":"https:\/\/filatelia.cuentista.es\/en\/product\/monumento-a-becquer-sevilla","title":{"rendered":"Entero Postal de Monumento a Becquer , Sevilla 1978"},"content":{"rendered":"<p>Entero Postal de Monumento a Becquer , Sevilla 1978 con matasellado de primer dia de Barcelona<\/p>\n<p><b>Gustavo Adolfo Claudio Dom\u00ednguez Bastida<\/b>\u00a0(<a title=\"Sevilla\" href=\"https:\/\/es.wikipedia.org\/wiki\/Sevilla\">Sevilla<\/a>, 17 de febrero de 1836-<a title=\"Madrid\" href=\"https:\/\/es.wikipedia.org\/wiki\/Madrid\">Madrid<\/a>, 22 de diciembre de 1870),<sup id=\"cite_ref-1\" class=\"reference separada\"><a href=\"https:\/\/es.wikipedia.org\/wiki\/Gustavo_Adolfo_B%C3%A9cquer#cite_note-1\">1<\/a><\/sup>\u200b m\u00e1s conocido como\u00a0<b>Gustavo Adolfo B\u00e9cquer<\/b>, fue un\u00a0<a title=\"Poeta\" href=\"https:\/\/es.wikipedia.org\/wiki\/Poeta\">poeta<\/a>\u00a0y narrador\u00a0<a title=\"Espa\u00f1a\" href=\"https:\/\/es.wikipedia.org\/wiki\/Espa%C3%B1a\">espa\u00f1ol<\/a>\u00a0del\u00a0<a title=\"Posromanticismo\" href=\"https:\/\/es.wikipedia.org\/wiki\/Posromanticismo\">Posromanticismo<\/a>.<sup id=\"cite_ref-2\" class=\"reference separada\"><a href=\"https:\/\/es.wikipedia.org\/wiki\/Gustavo_Adolfo_B%C3%A9cquer#cite_note-2\">2<\/a><\/sup>\u200b Aunque en vida ya alcanz\u00f3 cierta fama, solo despu\u00e9s de su muerte y tras la publicaci\u00f3n del conjunto de sus escritos obtuvo el prestigio que hoy tiene.<sup id=\"cite_ref-3\" class=\"reference separada\"><a href=\"https:\/\/es.wikipedia.org\/wiki\/Gustavo_Adolfo_B%C3%A9cquer#cite_note-3\">3<\/a><\/sup>\u200b<sup id=\"cite_ref-4\" class=\"reference separada\"><a href=\"https:\/\/es.wikipedia.org\/wiki\/Gustavo_Adolfo_B%C3%A9cquer#cite_note-4\">4<\/a><\/sup>\u200b<\/p>\n<p>Sus\u00a0<i><a title=\"Rimas (B\u00e9cquer)\" href=\"https:\/\/es.wikipedia.org\/wiki\/Rimas_(B%C3%A9cquer)\">Rimas<\/a>\u00a0y\u00a0<a title=\"Leyendas de B\u00e9cquer\" href=\"https:\/\/es.wikipedia.org\/wiki\/Leyendas_de_B%C3%A9cquer\">Leyendas<\/a><\/i>, un conjunto de poemas y relatos reunidos, constituyen uno de los libros m\u00e1s populares de la literatura hispana.<sup id=\"cite_ref-5\" class=\"reference separada\"><a href=\"https:\/\/es.wikipedia.org\/wiki\/Gustavo_Adolfo_B%C3%A9cquer#cite_note-5\">5<\/a><\/sup><\/p>\n<h2><a href=\"https:\/\/biblioteca.org.ar\/libros\/132034.pdf\"><img loading=\"lazy\" decoding=\"async\" class=\"alignnone wp-image-1166 size-medium\" src=\"https:\/\/filatelia.cuentista.es\/wp-content\/uploads\/2024\/07\/Captura-de-pantalla-2024-08-04-a-las-16.28.59-300x202.png\" alt=\"\" width=\"300\" height=\"202\" srcset=\"https:\/\/filatelia.cuentista.es\/wp-content\/uploads\/2024\/07\/Captura-de-pantalla-2024-08-04-a-las-16.28.59-300x202.png 300w, https:\/\/filatelia.cuentista.es\/wp-content\/uploads\/2024\/07\/Captura-de-pantalla-2024-08-04-a-las-16.28.59.png 302w\" sizes=\"auto, (max-width: 300px) 100vw, 300px\" \/><strong> Obten Rimas y Leyendas, el libro mas Famoso de Becquer gratis!<\/strong><\/a>\u200b<\/h2>\n<p><img decoding=\"async\" src=\"https:\/\/upload.wikimedia.org\/wikipedia\/commons\/thumb\/9\/99\/Portrait_of_Gustavo_Adolfo_B%C3%A9cquer%2C_by_his_brother_Valeriano_%281862%29.jpg\/220px-Portrait_of_Gustavo_Adolfo_B%C3%A9cquer%2C_by_his_brother_Valeriano_%281862%29.jpg\" \/><\/p>\n<p class=\"p1\">Un\u00a0<b>entero postal<\/b>\u00a0es un elemento -similar a un\u00a0<a href=\"https:\/\/es.wikipedia.org\/wiki\/Sobre_ilustrado_prefranqueado\"><span class=\"s1\">sobre prefranqueado<\/span><\/a>&#8211; emitido por una entidad oficial de correos, que lleva impresa una\u00a0<a href=\"https:\/\/es.wikipedia.org\/wiki\/Estampilla\"><span class=\"s1\">estampilla<\/span><\/a>\u00a0u otro emblema de correos, mostrando un valor espec\u00edfico que indica que el franqueo ha sido\u00a0<a href=\"https:\/\/es.wikipedia.org\/wiki\/Prepago\"><span class=\"s1\">prepagado<\/span><\/a>.<a href=\"https:\/\/es.wikipedia.org\/wiki\/Entero_postal#cite_note-1\"><span class=\"s1\"><sup>1<\/sup><\/span><\/a> El sello impreso lleva el nombre de\u00a0<i>indicium<\/i>.<\/p>\n<p class=\"p1\">Los\u00a0<b>enteros postales<\/b>\u00a0se imprimen en diversos formatos como\u00a0<a href=\"https:\/\/es.wikipedia.org\/wiki\/Sobre\"><span class=\"s1\">sobres<\/span><\/a>,\u00a0<a href=\"https:\/\/es.wikipedia.org\/wiki\/Tarjeta_postal\"><span class=\"s1\">tarjetas postales<\/span><\/a>, tarjetas-carta, aerogramas, envolturas, entre otros.<\/p>","protected":false},"excerpt":{"rendered":"<p>Entero Postal de Monumento a Becquer , Sevilla 1978 con matasellado de primer dia de Barcelona<\/p>","protected":false},"featured_media":1167,"comment_status":"open","ping_status":"closed","template":"","meta":{"_acf_changed":false},"product_brand":[],"product_cat":[467,419],"product_tag":[40,469,420,101,468,470,471],"class_list":{"0":"post-524","1":"product","2":"type-product","3":"status-publish","4":"has-post-thumbnail","6":"product_cat-con-regalo","7":"product_cat-entero-postal","8":"product_tag-40","9":"product_tag-becquer","10":"product_tag-entero-postal","11":"product_tag-espana","12":"product_tag-regalo-pdf","13":"product_tag-rimas-y-leyendas","14":"product_tag-sevilla","15":"thunk-woo-product-list","16":"opn-qv-enable","17":"open-woo-hover-zoom","18":"open-single-product-tab-horizontal","19":"open-shadow-","20":"open-shadow-hover-","22":"first","23":"instock","24":"sale","25":"shipping-taxable","26":"purchasable","27":"product-type-simple"},"acf":[],"jetpack_sharing_enabled":true,"_links":{"self":[{"href":"https:\/\/filatelia.cuentista.es\/en\/wp-json\/wp\/v2\/product\/524","targetHints":{"allow":["GET"]}}],"collection":[{"href":"https:\/\/filatelia.cuentista.es\/en\/wp-json\/wp\/v2\/product"}],"about":[{"href":"https:\/\/filatelia.cuentista.es\/en\/wp-json\/wp\/v2\/types\/product"}],"replies":[{"embeddable":true,"href":"https:\/\/filatelia.cuentista.es\/en\/wp-json\/wp\/v2\/comments?post=524"}],"wp:featuredmedia":[{"embeddable":true,"href":"https:\/\/filatelia.cuentista.es\/en\/wp-json\/wp\/v2\/media\/1167"}],"wp:attachment":[{"href":"https:\/\/filatelia.cuentista.es\/en\/wp-json\/wp\/v2\/media?parent=524"}],"wp:term":[{"taxonomy":"product_brand","embeddable":true,"href":"https:\/\/filatelia.cuentista.es\/en\/wp-json\/wp\/v2\/product_brand?post=524"},{"taxonomy":"product_cat","embeddable":true,"href":"https:\/\/filatelia.cuentista.es\/en\/wp-json\/wp\/v2\/product_cat?post=524"},{"taxonomy":"product_tag","embeddable":true,"href":"https:\/\/filatelia.cuentista.es\/en\/wp-json\/wp\/v2\/product_tag?post=524"}],"curies":[{"name":"wp","href":"https:\/\/api.w.org\/{rel}","templated":true}]}}