{"id":519,"date":"2024-07-20T06:39:30","date_gmt":"2024-07-20T06:39:30","guid":{"rendered":"https:\/\/filatelia.cuentista.es\/product\/iglesia-san-bartolome-de-logrono"},"modified":"2024-08-04T16:18:59","modified_gmt":"2024-08-04T16:18:59","slug":"iglesia-san-bartolome-de-logrono","status":"publish","type":"product","link":"https:\/\/filatelia.cuentista.es\/en\/product\/iglesia-san-bartolome-de-logrono","title":{"rendered":"Entero Postal de la iglesia San Bartolom\u00e9 de Logro\u00f1o, 1980"},"content":{"rendered":"<p>Entero Postal de la iglesia San Bartolom\u00e9 de Logro\u00f1o, 1980 con matasellado de primer dia de circulacion de barcelona<\/p>\n<p>Edifil 123, matasellado el 11 de Junio de 1980<\/p>\n<p>Sello Impreso de 5 ptas del Arco de Revellin<\/p>\n<p>La\u00a0<b>iglesia de\u00a0<a title=\"Bartolom\u00e9 el Ap\u00f3stol\" href=\"https:\/\/es.wikipedia.org\/wiki\/Bartolom%C3%A9_el_Ap%C3%B3stol\">San Bartolom\u00e9<\/a><\/b>\u00a0es la\u00a0<a title=\"Iglesia (edificio)\" href=\"https:\/\/es.wikipedia.org\/wiki\/Iglesia_(edificio)\">iglesia<\/a>\u00a0m\u00e1s antigua de la ciudad de\u00a0<a title=\"Logro\u00f1o\" href=\"https:\/\/es.wikipedia.org\/wiki\/Logro%C3%B1o\">Logro\u00f1o<\/a>. Su construcci\u00f3n se remonta al siglo\u00a0xii, por lo que conserva en parte estilo rom\u00e1nico, en la cabecera y en la parte inicial de la torre, y transcurre durante el siglo\u00a0xiii, con el estilo g\u00f3tico en desarrollo, construy\u00e9ndose la magn\u00edfica portada ojival, que contiene algunas esculturas rom\u00e1nicas que narran la vida del santo y otros pasajes de la Biblia. La Iglesia de San Bartolom\u00e9 est\u00e1 en el Hito N.\u00ba 9 en el\u00a0<a title=\"Camino de Santiago\" href=\"https:\/\/es.wikipedia.org\/wiki\/Camino_de_Santiago\">Camino de Santiago<\/a>\u00a0Franc\u00e9s. Se encuentra a 612 km de\u00a0<a title=\"\" href=\"https:\/\/es.wikipedia.org\/wiki\/Santiago_de_Compostela\">Santiago de Compostela<\/a>. Fue declarado\u00a0<a class=\"mw-redirect\" title=\"Monumento Nacional\" href=\"https:\/\/es.wikipedia.org\/wiki\/Monumento_Nacional\">Monumento Nacional<\/a>\u00a0en 1866.<\/p>\n<p><img loading=\"lazy\" decoding=\"async\" class=\"alignnone size-medium wp-image-1174\" src=\"https:\/\/filatelia.cuentista.es\/wp-content\/uploads\/2024\/07\/Captura-de-pantalla-2024-08-04-a-las-18.13.31-300x66.png\" alt=\"\" width=\"300\" height=\"66\" srcset=\"https:\/\/filatelia.cuentista.es\/wp-content\/uploads\/2024\/07\/Captura-de-pantalla-2024-08-04-a-las-18.13.31-300x66.png 300w, https:\/\/filatelia.cuentista.es\/wp-content\/uploads\/2024\/07\/Captura-de-pantalla-2024-08-04-a-las-18.13.31.png 342w\" sizes=\"auto, (max-width: 300px) 100vw, 300px\" \/><\/p>\n<p><a href=\"https:\/\/www.arteguias.com\/iglesia\/sanbartolomelogrono.htm\">GUIA DE SAN BARTOLOME DE LOGRO\u00d1O<\/a><\/p>\n<p>&nbsp;<\/p>\n<p class=\"p1\">Un <b>entero postal<\/b>\u00a0es un elemento -similar a un\u00a0<a href=\"https:\/\/es.wikipedia.org\/wiki\/Sobre_ilustrado_prefranqueado\"><span class=\"s1\">sobre prefranqueado<\/span><\/a>&#8211; emitido por una entidad oficial de correos, que lleva impresa una\u00a0<a href=\"https:\/\/es.wikipedia.org\/wiki\/Estampilla\"><span class=\"s1\">estampilla<\/span><\/a>\u00a0u otro emblema de correos, mostrando un valor espec\u00edfico que indica que el franqueo ha sido\u00a0<a href=\"https:\/\/es.wikipedia.org\/wiki\/Prepago\"><span class=\"s1\">prepagado<\/span><\/a>.<a href=\"https:\/\/es.wikipedia.org\/wiki\/Entero_postal#cite_note-1\"><span class=\"s1\"><sup>1<\/sup><\/span><\/a> El sello impreso lleva el nombre de\u00a0<i>indicium<\/i>.<\/p>\n<p class=\"p1\">Los\u00a0<b>enteros postales<\/b>\u00a0se imprimen en diversos formatos como\u00a0<a href=\"https:\/\/es.wikipedia.org\/wiki\/Sobre\"><span class=\"s1\">sobres<\/span><\/a>,\u00a0<a href=\"https:\/\/es.wikipedia.org\/wiki\/Tarjeta_postal\"><span class=\"s1\">tarjetas postales<\/span><\/a>, tarjetas-carta, aerogramas, envolturas, entre otros.<\/p>","protected":false},"excerpt":{"rendered":"<p>Entero Postal de la iglesia San Bartolom\u00e9 de Logro\u00f1o, 1980 con matasellado de primer dia de circulacion de barcelona<\/p>","protected":false},"featured_media":1175,"comment_status":"open","ping_status":"closed","template":"","meta":{"_acf_changed":false},"product_brand":[],"product_cat":[477,419],"product_tag":[46,420,101,153,480,479,478],"class_list":{"0":"post-519","1":"product","2":"type-product","3":"status-publish","4":"has-post-thumbnail","6":"product_cat-con-link","7":"product_cat-entero-postal","8":"product_tag-46","9":"product_tag-entero-postal","10":"product_tag-espana","11":"product_tag-iglesia","12":"product_tag-link","13":"product_tag-logrono","14":"product_tag-san-bartolome","15":"thunk-woo-product-list","16":"opn-qv-enable","17":"open-woo-hover-zoom","18":"open-single-product-tab-horizontal","19":"open-shadow-","20":"open-shadow-hover-","22":"first","23":"instock","24":"sale","25":"shipping-taxable","26":"purchasable","27":"product-type-simple"},"acf":[],"jetpack_sharing_enabled":true,"_links":{"self":[{"href":"https:\/\/filatelia.cuentista.es\/en\/wp-json\/wp\/v2\/product\/519","targetHints":{"allow":["GET"]}}],"collection":[{"href":"https:\/\/filatelia.cuentista.es\/en\/wp-json\/wp\/v2\/product"}],"about":[{"href":"https:\/\/filatelia.cuentista.es\/en\/wp-json\/wp\/v2\/types\/product"}],"replies":[{"embeddable":true,"href":"https:\/\/filatelia.cuentista.es\/en\/wp-json\/wp\/v2\/comments?post=519"}],"wp:featuredmedia":[{"embeddable":true,"href":"https:\/\/filatelia.cuentista.es\/en\/wp-json\/wp\/v2\/media\/1175"}],"wp:attachment":[{"href":"https:\/\/filatelia.cuentista.es\/en\/wp-json\/wp\/v2\/media?parent=519"}],"wp:term":[{"taxonomy":"product_brand","embeddable":true,"href":"https:\/\/filatelia.cuentista.es\/en\/wp-json\/wp\/v2\/product_brand?post=519"},{"taxonomy":"product_cat","embeddable":true,"href":"https:\/\/filatelia.cuentista.es\/en\/wp-json\/wp\/v2\/product_cat?post=519"},{"taxonomy":"product_tag","embeddable":true,"href":"https:\/\/filatelia.cuentista.es\/en\/wp-json\/wp\/v2\/product_tag?post=519"}],"curies":[{"name":"wp","href":"https:\/\/api.w.org\/{rel}","templated":true}]}}