{"id":5153,"date":"2024-10-19T05:04:58","date_gmt":"2024-10-19T05:04:58","guid":{"rendered":"https:\/\/filatelia.cuentista.es\/product\/moneda-marruecos-1-dirham-1974"},"modified":"2024-11-10T19:56:14","modified_gmt":"2024-11-10T19:56:14","slug":"moneda-marruecos-1-dirham-1974","status":"publish","type":"product","link":"https:\/\/filatelia.cuentista.es\/en\/product\/moneda-marruecos-1-dirham-1974","title":{"rendered":"Moneda Marruecos &#8211; 1 dirham &#8211; 1974"},"content":{"rendered":"<p>Detalles de la moneda<br \/>\nPais: Marruecos<br \/>\nPeriodo: Reino de Marruecos<br \/>\nDenominaci\u00f3n: 1 dirham<br \/>\nA\u00f1o : 1974<br \/>\nVariante :<br \/>\nDiametro : 24<br \/>\nEstado : VG<br \/>\nC\u00f3digo Catalogo : 0.28<br \/>\nMoneda : Dirham marroqu\u00ed<\/p>","protected":false},"excerpt":{"rendered":"<p>Detalles de la moneda Pais: Marruecos Periodo: Reino de Marruecos Denominaci\u00f3n: 1 dirham A\u00f1o : 1974 Variante : Diametro : 24 Estado : VG C\u00f3digo Catalogo : 0.28 Moneda : Dirham marroqu\u00ed<\/p>","protected":false},"featured_media":6449,"comment_status":"open","ping_status":"closed","template":"","meta":{"_acf_changed":false},"product_brand":[],"product_cat":[1431],"product_tag":[75,1440],"class_list":{"0":"post-5153","1":"product","2":"type-product","3":"status-publish","4":"has-post-thumbnail","6":"product_cat-monedas-2","7":"product_tag-75","8":"product_tag-vg","9":"thunk-woo-product-list","10":"opn-qv-enable","11":"open-woo-hover-zoom","12":"open-single-product-tab-horizontal","13":"open-shadow-","14":"open-shadow-hover-","16":"first","17":"instock","18":"shipping-taxable","19":"purchasable","20":"product-type-simple"},"acf":[],"jetpack_sharing_enabled":true,"_links":{"self":[{"href":"https:\/\/filatelia.cuentista.es\/en\/wp-json\/wp\/v2\/product\/5153","targetHints":{"allow":["GET"]}}],"collection":[{"href":"https:\/\/filatelia.cuentista.es\/en\/wp-json\/wp\/v2\/product"}],"about":[{"href":"https:\/\/filatelia.cuentista.es\/en\/wp-json\/wp\/v2\/types\/product"}],"replies":[{"embeddable":true,"href":"https:\/\/filatelia.cuentista.es\/en\/wp-json\/wp\/v2\/comments?post=5153"}],"wp:featuredmedia":[{"embeddable":true,"href":"https:\/\/filatelia.cuentista.es\/en\/wp-json\/wp\/v2\/media\/6449"}],"wp:attachment":[{"href":"https:\/\/filatelia.cuentista.es\/en\/wp-json\/wp\/v2\/media?parent=5153"}],"wp:term":[{"taxonomy":"product_brand","embeddable":true,"href":"https:\/\/filatelia.cuentista.es\/en\/wp-json\/wp\/v2\/product_brand?post=5153"},{"taxonomy":"product_cat","embeddable":true,"href":"https:\/\/filatelia.cuentista.es\/en\/wp-json\/wp\/v2\/product_cat?post=5153"},{"taxonomy":"product_tag","embeddable":true,"href":"https:\/\/filatelia.cuentista.es\/en\/wp-json\/wp\/v2\/product_tag?post=5153"}],"curies":[{"name":"wp","href":"https:\/\/api.w.org\/{rel}","templated":true}]}}