{"id":5140,"date":"2024-10-19T05:04:55","date_gmt":"2024-10-19T05:04:55","guid":{"rendered":"https:\/\/filatelia.cuentista.es\/product\/moneda-malasia-20-sen-2000"},"modified":"2024-11-10T20:11:27","modified_gmt":"2024-11-10T20:11:27","slug":"moneda-malasia-20-sen-2000","status":"publish","type":"product","link":"https:\/\/filatelia.cuentista.es\/en\/product\/moneda-malasia-20-sen-2000","title":{"rendered":"Moneda Malasia &#8211; 20 sen &#8211; 2000"},"content":{"rendered":"<p>Detalles de la moneda<br \/>\nPais: Malasia<br \/>\nPeriodo: Federaci\u00f3n de Malasia<br \/>\nDenominaci\u00f3n: 20 sen<br \/>\nA\u00f1o : 2000<br \/>\nVariante :<br \/>\nDiametro : 23.6<br \/>\nEstado : VF<br \/>\nC\u00f3digo Catalogo : 0.29<br \/>\nMoneda : Ringgit malayo<\/p>","protected":false},"excerpt":{"rendered":"<p>Detalles de la moneda Pais: Malasia Periodo: Federaci\u00f3n de Malasia Denominaci\u00f3n: 20 sen A\u00f1o : 2000 Variante : Diametro : 23.6 Estado : VF C\u00f3digo Catalogo : 0.29 Moneda : Ringgit malayo<\/p>","protected":false},"featured_media":6473,"comment_status":"open","ping_status":"closed","template":"","meta":{"_acf_changed":false},"product_brand":[],"product_cat":[1431],"product_tag":[138,1432],"class_list":{"0":"post-5140","1":"product","2":"type-product","3":"status-publish","4":"has-post-thumbnail","6":"product_cat-monedas-2","7":"product_tag-138","8":"product_tag-vf","9":"thunk-woo-product-list","10":"opn-qv-enable","11":"open-woo-hover-zoom","12":"open-single-product-tab-horizontal","13":"open-shadow-","14":"open-shadow-hover-","16":"first","17":"instock","18":"shipping-taxable","19":"purchasable","20":"product-type-simple"},"acf":[],"jetpack_sharing_enabled":true,"_links":{"self":[{"href":"https:\/\/filatelia.cuentista.es\/en\/wp-json\/wp\/v2\/product\/5140","targetHints":{"allow":["GET"]}}],"collection":[{"href":"https:\/\/filatelia.cuentista.es\/en\/wp-json\/wp\/v2\/product"}],"about":[{"href":"https:\/\/filatelia.cuentista.es\/en\/wp-json\/wp\/v2\/types\/product"}],"replies":[{"embeddable":true,"href":"https:\/\/filatelia.cuentista.es\/en\/wp-json\/wp\/v2\/comments?post=5140"}],"wp:featuredmedia":[{"embeddable":true,"href":"https:\/\/filatelia.cuentista.es\/en\/wp-json\/wp\/v2\/media\/6473"}],"wp:attachment":[{"href":"https:\/\/filatelia.cuentista.es\/en\/wp-json\/wp\/v2\/media?parent=5140"}],"wp:term":[{"taxonomy":"product_brand","embeddable":true,"href":"https:\/\/filatelia.cuentista.es\/en\/wp-json\/wp\/v2\/product_brand?post=5140"},{"taxonomy":"product_cat","embeddable":true,"href":"https:\/\/filatelia.cuentista.es\/en\/wp-json\/wp\/v2\/product_cat?post=5140"},{"taxonomy":"product_tag","embeddable":true,"href":"https:\/\/filatelia.cuentista.es\/en\/wp-json\/wp\/v2\/product_tag?post=5140"}],"curies":[{"name":"wp","href":"https:\/\/api.w.org\/{rel}","templated":true}]}}