{"id":5127,"date":"2024-10-19T05:04:50","date_gmt":"2024-10-19T05:04:50","guid":{"rendered":"https:\/\/filatelia.cuentista.es\/product\/moneda-kuwait-10-fils-1977"},"modified":"2024-11-03T08:41:08","modified_gmt":"2024-11-03T08:41:08","slug":"moneda-kuwait-10-fils-1977","status":"publish","type":"product","link":"https:\/\/filatelia.cuentista.es\/en\/product\/moneda-kuwait-10-fils-1977","title":{"rendered":"Moneda Kuwait &#8211; 10 fils &#8211; 1977"},"content":{"rendered":"<p>Detalles de la moneda<br \/>\nPais: Kuwait<br \/>\nPeriodo: Estado de Kuwait<br \/>\nDenominaci\u00f3n: 10 fils<br \/>\nA\u00f1o : 1977<br \/>\nVariante :<br \/>\nDiametro : 21<br \/>\nEstado : F<br \/>\nC\u00f3digo Catalogo : 0.28<br \/>\nMoneda : Dinar kuwait\u00ed<\/p>","protected":false},"excerpt":{"rendered":"<p>Detalles de la moneda Pais: Kuwait Periodo: Estado de Kuwait Denominaci\u00f3n: 10 fils A\u00f1o : 1977 Variante : Diametro : 21 Estado : F C\u00f3digo Catalogo : 0.28 Moneda : Dinar kuwait\u00ed<\/p>","protected":false},"featured_media":6195,"comment_status":"open","ping_status":"closed","template":"","meta":{"_acf_changed":false},"product_brand":[],"product_cat":[1431],"product_tag":[33,1433],"class_list":{"0":"post-5127","1":"product","2":"type-product","3":"status-publish","4":"has-post-thumbnail","6":"product_cat-monedas-2","7":"product_tag-33","8":"product_tag-f","9":"thunk-woo-product-list","10":"opn-qv-enable","11":"open-woo-hover-zoom","12":"open-single-product-tab-horizontal","13":"open-shadow-","14":"open-shadow-hover-","16":"first","17":"instock","18":"shipping-taxable","19":"purchasable","20":"product-type-simple"},"acf":[],"jetpack_sharing_enabled":true,"_links":{"self":[{"href":"https:\/\/filatelia.cuentista.es\/en\/wp-json\/wp\/v2\/product\/5127","targetHints":{"allow":["GET"]}}],"collection":[{"href":"https:\/\/filatelia.cuentista.es\/en\/wp-json\/wp\/v2\/product"}],"about":[{"href":"https:\/\/filatelia.cuentista.es\/en\/wp-json\/wp\/v2\/types\/product"}],"replies":[{"embeddable":true,"href":"https:\/\/filatelia.cuentista.es\/en\/wp-json\/wp\/v2\/comments?post=5127"}],"wp:featuredmedia":[{"embeddable":true,"href":"https:\/\/filatelia.cuentista.es\/en\/wp-json\/wp\/v2\/media\/6195"}],"wp:attachment":[{"href":"https:\/\/filatelia.cuentista.es\/en\/wp-json\/wp\/v2\/media?parent=5127"}],"wp:term":[{"taxonomy":"product_brand","embeddable":true,"href":"https:\/\/filatelia.cuentista.es\/en\/wp-json\/wp\/v2\/product_brand?post=5127"},{"taxonomy":"product_cat","embeddable":true,"href":"https:\/\/filatelia.cuentista.es\/en\/wp-json\/wp\/v2\/product_cat?post=5127"},{"taxonomy":"product_tag","embeddable":true,"href":"https:\/\/filatelia.cuentista.es\/en\/wp-json\/wp\/v2\/product_tag?post=5127"}],"curies":[{"name":"wp","href":"https:\/\/api.w.org\/{rel}","templated":true}]}}