{"id":5121,"date":"2024-10-19T05:04:49","date_gmt":"2024-10-19T05:04:49","guid":{"rendered":"https:\/\/filatelia.cuentista.es\/product\/moneda-japon-5-yenes-1964"},"modified":"2024-11-10T19:57:21","modified_gmt":"2024-11-10T19:57:21","slug":"moneda-japon-5-yenes-1964","status":"publish","type":"product","link":"https:\/\/filatelia.cuentista.es\/en\/product\/moneda-japon-5-yenes-1964","title":{"rendered":"Moneda Jap\u00f3n &#8211; 5 yenes &#8211; 1964"},"content":{"rendered":"<p>Detalles de la moneda<br \/>\nPais: Jap\u00f3n<br \/>\nPeriodo: Hirohito (Showa)<br \/>\nDenominaci\u00f3n: 5 yenes<br \/>\nA\u00f1o : 1964<br \/>\nVariante :<br \/>\nDiametro : 22<br \/>\nEstado : F<br \/>\nC\u00f3digo Catalogo : 0.29<br \/>\nMoneda : Yen japon\u00e9s<\/p>","protected":false},"excerpt":{"rendered":"<p>Detalles de la moneda Pais: Jap\u00f3n Periodo: Hirohito (Showa) Denominaci\u00f3n: 5 yenes A\u00f1o : 1964 Variante : Diametro : 22 Estado : F C\u00f3digo Catalogo : 0.29 Moneda : Yen japon\u00e9s<\/p>","protected":false},"featured_media":6451,"comment_status":"open","ping_status":"closed","template":"","meta":{"_acf_changed":false},"product_brand":[],"product_cat":[1431],"product_tag":[71,1433],"class_list":{"0":"post-5121","1":"product","2":"type-product","3":"status-publish","4":"has-post-thumbnail","6":"product_cat-monedas-2","7":"product_tag-71","8":"product_tag-f","9":"thunk-woo-product-list","10":"opn-qv-enable","11":"open-woo-hover-zoom","12":"open-single-product-tab-horizontal","13":"open-shadow-","14":"open-shadow-hover-","16":"first","17":"instock","18":"shipping-taxable","19":"purchasable","20":"product-type-simple"},"acf":[],"jetpack_sharing_enabled":true,"_links":{"self":[{"href":"https:\/\/filatelia.cuentista.es\/en\/wp-json\/wp\/v2\/product\/5121","targetHints":{"allow":["GET"]}}],"collection":[{"href":"https:\/\/filatelia.cuentista.es\/en\/wp-json\/wp\/v2\/product"}],"about":[{"href":"https:\/\/filatelia.cuentista.es\/en\/wp-json\/wp\/v2\/types\/product"}],"replies":[{"embeddable":true,"href":"https:\/\/filatelia.cuentista.es\/en\/wp-json\/wp\/v2\/comments?post=5121"}],"wp:featuredmedia":[{"embeddable":true,"href":"https:\/\/filatelia.cuentista.es\/en\/wp-json\/wp\/v2\/media\/6451"}],"wp:attachment":[{"href":"https:\/\/filatelia.cuentista.es\/en\/wp-json\/wp\/v2\/media?parent=5121"}],"wp:term":[{"taxonomy":"product_brand","embeddable":true,"href":"https:\/\/filatelia.cuentista.es\/en\/wp-json\/wp\/v2\/product_brand?post=5121"},{"taxonomy":"product_cat","embeddable":true,"href":"https:\/\/filatelia.cuentista.es\/en\/wp-json\/wp\/v2\/product_cat?post=5121"},{"taxonomy":"product_tag","embeddable":true,"href":"https:\/\/filatelia.cuentista.es\/en\/wp-json\/wp\/v2\/product_tag?post=5121"}],"curies":[{"name":"wp","href":"https:\/\/api.w.org\/{rel}","templated":true}]}}