{"id":501,"date":"2024-07-20T06:39:22","date_gmt":"2024-07-20T06:39:22","guid":{"rendered":"https:\/\/filatelia.cuentista.es\/product\/sevilla-la-habana-aereograma"},"modified":"2024-08-06T20:25:50","modified_gmt":"2024-08-06T20:25:50","slug":"sevilla-la-habana-aereograma","status":"publish","type":"product","link":"https:\/\/filatelia.cuentista.es\/en\/product\/sevilla-la-habana-aereograma","title":{"rendered":"Sevilla La Habana &#8211;   Aerograma 1982"},"content":{"rendered":"<p>Sevilla La Habana &#8211; Aereograma 1982 &#8211; Con sello preimpreso de 30 ptas<\/p>\n<p>Edifil 204<\/p>\n<p class=\"p1\">Un aerograma, o carta a\u00e9rea es una hoja delgada y liviana de papel plegable y engomado para escribir una carta que se enviar\u00e1 por correo a\u00e9reo, en la que la carta y el sobre son una sola cosa. La mayor\u00eda de las administraciones postales proh\u00edben los anexos en estas cartas livianas, que generalmente se env\u00edan al extranjero a una tarifa preferencial. Exist\u00edan advertencias impresas para advertir que un anexo har\u00eda que el correo se enviara a una tarifa m\u00e1s alta.<\/p>","protected":false},"excerpt":{"rendered":"<p>Sevilla La Habana &#8211; Aereograma 1982 &#8211; Con sello preimpreso de 30 ptas<\/p>","protected":false},"featured_media":1197,"comment_status":"open","ping_status":"closed","template":"","meta":{"_acf_changed":false},"product_brand":[],"product_cat":[505],"product_tag":[147,512,101,528,471,514],"class_list":{"0":"post-501","1":"product","2":"type-product","3":"status-publish","4":"has-post-thumbnail","6":"product_cat-aerograma","7":"product_tag-147","8":"product_tag-aerograma","9":"product_tag-espana","10":"product_tag-la-habana","11":"product_tag-sevilla","12":"product_tag-vuelo","13":"thunk-woo-product-list","14":"opn-qv-enable","15":"open-woo-hover-zoom","16":"open-single-product-tab-horizontal","17":"open-shadow-","18":"open-shadow-hover-","20":"first","21":"instock","22":"sale","23":"shipping-taxable","24":"purchasable","25":"product-type-simple"},"acf":[],"jetpack_sharing_enabled":true,"_links":{"self":[{"href":"https:\/\/filatelia.cuentista.es\/en\/wp-json\/wp\/v2\/product\/501","targetHints":{"allow":["GET"]}}],"collection":[{"href":"https:\/\/filatelia.cuentista.es\/en\/wp-json\/wp\/v2\/product"}],"about":[{"href":"https:\/\/filatelia.cuentista.es\/en\/wp-json\/wp\/v2\/types\/product"}],"replies":[{"embeddable":true,"href":"https:\/\/filatelia.cuentista.es\/en\/wp-json\/wp\/v2\/comments?post=501"}],"wp:featuredmedia":[{"embeddable":true,"href":"https:\/\/filatelia.cuentista.es\/en\/wp-json\/wp\/v2\/media\/1197"}],"wp:attachment":[{"href":"https:\/\/filatelia.cuentista.es\/en\/wp-json\/wp\/v2\/media?parent=501"}],"wp:term":[{"taxonomy":"product_brand","embeddable":true,"href":"https:\/\/filatelia.cuentista.es\/en\/wp-json\/wp\/v2\/product_brand?post=501"},{"taxonomy":"product_cat","embeddable":true,"href":"https:\/\/filatelia.cuentista.es\/en\/wp-json\/wp\/v2\/product_cat?post=501"},{"taxonomy":"product_tag","embeddable":true,"href":"https:\/\/filatelia.cuentista.es\/en\/wp-json\/wp\/v2\/product_tag?post=501"}],"curies":[{"name":"wp","href":"https:\/\/api.w.org\/{rel}","templated":true}]}}