{"id":498,"date":"2024-07-20T06:39:21","date_gmt":"2024-07-20T06:39:21","guid":{"rendered":"https:\/\/filatelia.cuentista.es\/product\/ultraligeros-aereograma"},"modified":"2024-08-06T20:35:18","modified_gmt":"2024-08-06T20:35:18","slug":"ultraligeros-aereograma","status":"publish","type":"product","link":"https:\/\/filatelia.cuentista.es\/en\/product\/ultraligeros-aereograma","title":{"rendered":"Ultraligeros  Aerograma 1985"},"content":{"rendered":"<p>Aerograma 1985 &#8211; Vuelo de aparatos Ultraligeros (modelo tango) con sello preimpreso de 42 ptas.<\/p>\n<p>EDIFIL 212<\/p>\n<p>El primer ultraligero espa\u00f1ol aparece como segundo de la lista de modelos m\u00e1s vendidos. Es el Tango, en sus versiones I, II y II GT. Hay 135 unidades matriculadas en estos momentos, y aunque ha dejado de fabricarse, est\u00e1 muy difundidio como modelo barato de estructura de tubo forrada de tela, para iniciarse. Lo fabricaba la empresa Sport Aircraft S.A., de Segovia. Se trata de un monoplano de ala alta, en configuraci\u00f3n monoplaza o biplaza, semicarenado en su versi\u00f3n GT y con motor tractor de dos tiempos.<\/p>\n<p class=\"p1\">Un aerograma, o carta a\u00e9rea es una hoja delgada y liviana de papel plegable y engomado para escribir una carta que se enviar\u00e1 por correo a\u00e9reo, en la que la carta y el sobre son una sola cosa. La mayor\u00eda de las administraciones postales proh\u00edben los anexos en estas cartas livianas, que generalmente se env\u00edan al extranjero a una tarifa preferencial. Exist\u00edan advertencias impresas para advertir que un anexo har\u00eda que el correo se enviara a una tarifa m\u00e1s alta.<\/p>\n<p><img decoding=\"async\" src=\"https:\/\/images.milanuncios.com\/api\/v1\/ma-ad-media-pro\/images\/5cb96333-9fc2-4fad-8261-6444cbca9d46?rule=hw396_70\" alt=\"Tango Centros de vuelo con ultraligero, cursos y escuelas con oferta |  Milanuncios\" \/><\/p>","protected":false},"excerpt":{"rendered":"<p>Aerograma 1985 &#8211; Vuelo de aparatos Ultraligeros con sello preimpreso de 42 ptas.<\/p>","protected":false},"featured_media":1200,"comment_status":"open","ping_status":"closed","template":"","meta":{"_acf_changed":false},"product_brand":[],"product_cat":[505],"product_tag":[146,512,101,535,534,514],"class_list":{"0":"post-498","1":"product","2":"type-product","3":"status-publish","4":"has-post-thumbnail","6":"product_cat-aerograma","7":"product_tag-146","8":"product_tag-aerograma","9":"product_tag-espana","10":"product_tag-tango","11":"product_tag-ultraligero","12":"product_tag-vuelo","13":"thunk-woo-product-list","14":"opn-qv-enable","15":"open-woo-hover-zoom","16":"open-single-product-tab-horizontal","17":"open-shadow-","18":"open-shadow-hover-","20":"first","21":"instock","22":"sale","23":"shipping-taxable","24":"purchasable","25":"product-type-simple"},"acf":[],"jetpack_sharing_enabled":true,"_links":{"self":[{"href":"https:\/\/filatelia.cuentista.es\/en\/wp-json\/wp\/v2\/product\/498","targetHints":{"allow":["GET"]}}],"collection":[{"href":"https:\/\/filatelia.cuentista.es\/en\/wp-json\/wp\/v2\/product"}],"about":[{"href":"https:\/\/filatelia.cuentista.es\/en\/wp-json\/wp\/v2\/types\/product"}],"replies":[{"embeddable":true,"href":"https:\/\/filatelia.cuentista.es\/en\/wp-json\/wp\/v2\/comments?post=498"}],"wp:featuredmedia":[{"embeddable":true,"href":"https:\/\/filatelia.cuentista.es\/en\/wp-json\/wp\/v2\/media\/1200"}],"wp:attachment":[{"href":"https:\/\/filatelia.cuentista.es\/en\/wp-json\/wp\/v2\/media?parent=498"}],"wp:term":[{"taxonomy":"product_brand","embeddable":true,"href":"https:\/\/filatelia.cuentista.es\/en\/wp-json\/wp\/v2\/product_brand?post=498"},{"taxonomy":"product_cat","embeddable":true,"href":"https:\/\/filatelia.cuentista.es\/en\/wp-json\/wp\/v2\/product_cat?post=498"},{"taxonomy":"product_tag","embeddable":true,"href":"https:\/\/filatelia.cuentista.es\/en\/wp-json\/wp\/v2\/product_tag?post=498"}],"curies":[{"name":"wp","href":"https:\/\/api.w.org\/{rel}","templated":true}]}}