{"id":497,"date":"2024-07-20T06:39:21","date_gmt":"2024-07-20T06:39:21","guid":{"rendered":"https:\/\/filatelia.cuentista.es\/product\/eduardo-ramon-aereograma"},"modified":"2024-08-07T14:15:23","modified_gmt":"2024-08-07T14:15:23","slug":"eduardo-ramon-aereograma","status":"publish","type":"product","link":"https:\/\/filatelia.cuentista.es\/en\/product\/eduardo-ramon-aereograma","title":{"rendered":"Eduardo Barron y Ramos  Aereograma 1991"},"content":{"rendered":"<p>Eduardo Barron y Ramos Aereograma 1991 &#8211;\u00a0 Edifil 216 con sello preimpreso de 55 ptas<\/p>\n<p><b>Eduardo Barr\u00f3n y Ramos de Sotomayor<\/b>\u00a0(<a title=\"Pedro Betancourt (Cuba)\" href=\"https:\/\/es.wikipedia.org\/wiki\/Pedro_Betancourt_(Cuba)\">Corral Falso de Macuriges<\/a>,\u00a0<a title=\"Matanzas\" href=\"https:\/\/es.wikipedia.org\/wiki\/Matanzas\">Matanzas<\/a>,\u00a0<a title=\"Capitan\u00eda General de Cuba\" href=\"https:\/\/es.wikipedia.org\/wiki\/Capitan%C3%ADa_General_de_Cuba\">Capitan\u00eda General de Cuba<\/a>; 7 de septiembre de 1888-<a title=\"Madrid\" href=\"https:\/\/es.wikipedia.org\/wiki\/Madrid\">Madrid<\/a>; 13 de enero de 1949) fue un militar, pionero de la aviaci\u00f3n espa\u00f1ola.<\/p>\n<p>En diciembre de 1913 se convirti\u00f3 en el primer piloto de la historia mundial que lanz\u00f3 desde un avi\u00f3n\u00a0<a title=\"Bomba (explosivo)\" href=\"https:\/\/es.wikipedia.org\/wiki\/Bomba_(explosivo)\">bombas<\/a>\u00a0espec\u00edficamente dise\u00f1adas para ello, en misi\u00f3n de combate sobre el norte de \u00c1frica.<sup id=\"cite_ref-aeroplano_1-0\" class=\"reference separada\"><a href=\"https:\/\/es.wikipedia.org\/wiki\/Eduardo_Barr%C3%B3n_y_Ramos_de_Sotomayor#cite_note-aeroplano-1\">1<\/a><\/sup>\u200b<sup id=\"cite_ref-yusta_2-0\" class=\"reference separada\"><a href=\"https:\/\/es.wikipedia.org\/wiki\/Eduardo_Barr%C3%B3n_y_Ramos_de_Sotomayor#cite_note-yusta-2\">2<\/a><\/sup>\u200b Excelente piloto, es sin embargo m\u00e1s recordado por su capacidad t\u00e9cnica para el desarrollo y construcci\u00f3n de aviones, y por sus esfuerzos para desarrollar la\u00a0<a class=\"mw-redirect\" title=\"Industria aeron\u00e1utica de Espa\u00f1a\" href=\"https:\/\/es.wikipedia.org\/wiki\/Industria_aeron%C3%A1utica_de_Espa%C3%B1a\">industria aeron\u00e1utica de Espa\u00f1a<\/a>.<sup id=\"cite_ref-yusta_2-1\" class=\"reference separada\"><a href=\"https:\/\/es.wikipedia.org\/wiki\/Eduardo_Barr%C3%B3n_y_Ramos_de_Sotomayor#cite_note-yusta-2\">2<\/a><\/sup>\u200b<\/p>\n<p class=\"p1\">Un aerograma, o carta a\u00e9rea es una hoja delgada y liviana de papel plegable y engomado para escribir una carta que se enviar\u00e1 por correo a\u00e9reo, en la que la carta y el sobre son una sola cosa. La mayor\u00eda de las administraciones postales proh\u00edben los anexos en estas cartas livianas, que generalmente se env\u00edan al extranjero a una tarifa preferencial. Exist\u00edan advertencias impresas para advertir que un anexo har\u00eda que el correo se enviara a una tarifa m\u00e1s alta.<\/p>","protected":false},"excerpt":{"rendered":"<p>Eduardo Barron y Ramos Aereograma 1991 &#8211;\u00a0 Edifil 216 con sello preimpreso de 55 ptas<\/p>","protected":false},"featured_media":1201,"comment_status":"open","ping_status":"closed","template":"","meta":{"_acf_changed":false},"product_brand":[],"product_cat":[505],"product_tag":[130,512,519,538,536,101,537,212],"class_list":{"0":"post-497","1":"product","2":"type-product","3":"status-publish","4":"has-post-thumbnail","6":"product_cat-aerograma","7":"product_tag-130","8":"product_tag-aerograma","9":"product_tag-aeronautica","10":"product_tag-aviacion","11":"product_tag-eduardo-barron-y-ramos","12":"product_tag-espana","13":"product_tag-ingenieria","14":"product_tag-militar","15":"thunk-woo-product-list","16":"opn-qv-enable","17":"open-woo-hover-zoom","18":"open-single-product-tab-horizontal","19":"open-shadow-","20":"open-shadow-hover-","22":"first","23":"instock","24":"sale","25":"shipping-taxable","26":"purchasable","27":"product-type-simple"},"acf":[],"jetpack_sharing_enabled":true,"_links":{"self":[{"href":"https:\/\/filatelia.cuentista.es\/en\/wp-json\/wp\/v2\/product\/497","targetHints":{"allow":["GET"]}}],"collection":[{"href":"https:\/\/filatelia.cuentista.es\/en\/wp-json\/wp\/v2\/product"}],"about":[{"href":"https:\/\/filatelia.cuentista.es\/en\/wp-json\/wp\/v2\/types\/product"}],"replies":[{"embeddable":true,"href":"https:\/\/filatelia.cuentista.es\/en\/wp-json\/wp\/v2\/comments?post=497"}],"wp:featuredmedia":[{"embeddable":true,"href":"https:\/\/filatelia.cuentista.es\/en\/wp-json\/wp\/v2\/media\/1201"}],"wp:attachment":[{"href":"https:\/\/filatelia.cuentista.es\/en\/wp-json\/wp\/v2\/media?parent=497"}],"wp:term":[{"taxonomy":"product_brand","embeddable":true,"href":"https:\/\/filatelia.cuentista.es\/en\/wp-json\/wp\/v2\/product_brand?post=497"},{"taxonomy":"product_cat","embeddable":true,"href":"https:\/\/filatelia.cuentista.es\/en\/wp-json\/wp\/v2\/product_cat?post=497"},{"taxonomy":"product_tag","embeddable":true,"href":"https:\/\/filatelia.cuentista.es\/en\/wp-json\/wp\/v2\/product_tag?post=497"}],"curies":[{"name":"wp","href":"https:\/\/api.w.org\/{rel}","templated":true}]}}