{"id":495,"date":"2024-07-20T06:39:20","date_gmt":"2024-07-20T06:39:20","guid":{"rendered":"https:\/\/filatelia.cuentista.es\/product\/raid-1926-aereograma"},"modified":"2024-08-07T14:30:18","modified_gmt":"2024-08-07T14:30:18","slug":"raid-1926-aereograma","status":"publish","type":"product","link":"https:\/\/filatelia.cuentista.es\/en\/product\/raid-1926-aereograma","title":{"rendered":"RAID Palos de Moguer a Buenos Aires 1926 &#8211; Aereograma 1981"},"content":{"rendered":"<p>RAID Palos de Moguer a Buenos Aires 1926 &#8211; Aereograma 1981 &#8211; con sello preimpreso de 20 ptas.<\/p>\n<p>EDIFIL 201<\/p>\n<p data-wp-editing=\"1\"><img loading=\"lazy\" decoding=\"async\" class=\"alignnone size-medium wp-image-1166\" src=\"https:\/\/filatelia.cuentista.es\/wp-content\/uploads\/2024\/07\/Captura-de-pantalla-2024-08-04-a-las-16.28.59-300x202.png\" alt=\"descarga PDF\" width=\"300\" height=\"202\" srcset=\"https:\/\/filatelia.cuentista.es\/wp-content\/uploads\/2024\/07\/Captura-de-pantalla-2024-08-04-a-las-16.28.59-300x202.png 300w, https:\/\/filatelia.cuentista.es\/wp-content\/uploads\/2024\/07\/Captura-de-pantalla-2024-08-04-a-las-16.28.59.png 302w\" sizes=\"auto, (max-width: 300px) 100vw, 300px\" \/> Libro sobre el raid de 1926 de Palos de Moguer a buenos aires en PDF<\/p>\n<p data-wp-editing=\"1\"><img decoding=\"async\" src=\"https:\/\/image.slidesharecdn.com\/plusultra-140512161826-phpapp01\/85\/PLUS-ULTRA-DEL-PUERTO-DE-PALOS-A-BUENOS-AIRES-Enrique-F-Widmann-Miguel-4ta-ed-2014-6-320.jpg\" alt=\"PPlluuss UUllttrraa.. DDee PPaallooss aa BBuueennooss AAiirreess EEnnrriiqquuee FF.. WWiiddmmaannnn--MMiigguueell~~ ~~5555La haza\u00f1a del Plus UltraEl mi\u00e9rcoles 10 de febrero de 1926, poco despu\u00e9s del mediod\u00eda, alas 12.27, acuatizaba en aguas del R\u00edo de la Plata, en el puerto de BuenosAires, el hidroavi\u00f3n Dornier Wal, Plus Ultra, de la Aeron\u00e1utica MilitarEspa\u00f1ola, que hab\u00eda realizado la haza\u00f1a de unir en un vuelotransatl\u00e1ntico la onubense ciudad portuaria de Palos de la Frontera, conla capital argentina. \" \/><\/p>","protected":false},"excerpt":{"rendered":"<p>RAID Palos de Moguer a Buenos Aires 1926 &#8211; Aereograma 1981 &#8211; con sello preimpreso de 20 ptas.<\/p>","protected":false},"featured_media":1203,"comment_status":"open","ping_status":"closed","template":"","meta":{"_acf_changed":false},"product_brand":[],"product_cat":[505,477,467],"product_tag":[543,34,541,512,540,101,539,542],"class_list":{"0":"post-495","1":"product","2":"type-product","3":"status-publish","4":"has-post-thumbnail","6":"product_cat-aerograma","7":"product_cat-con-link","8":"product_cat-con-regalo","9":"product_tag-543","10":"product_tag-34","11":"product_tag-aereo","12":"product_tag-aerograma","13":"product_tag-buenos-aires","14":"product_tag-espana","15":"product_tag-palos-de-moguer","16":"product_tag-raid","17":"thunk-woo-product-list","18":"opn-qv-enable","19":"open-woo-hover-zoom","20":"open-single-product-tab-horizontal","21":"open-shadow-","22":"open-shadow-hover-","24":"first","25":"instock","26":"sale","27":"shipping-taxable","28":"purchasable","29":"product-type-simple"},"acf":[],"jetpack_sharing_enabled":true,"_links":{"self":[{"href":"https:\/\/filatelia.cuentista.es\/en\/wp-json\/wp\/v2\/product\/495","targetHints":{"allow":["GET"]}}],"collection":[{"href":"https:\/\/filatelia.cuentista.es\/en\/wp-json\/wp\/v2\/product"}],"about":[{"href":"https:\/\/filatelia.cuentista.es\/en\/wp-json\/wp\/v2\/types\/product"}],"replies":[{"embeddable":true,"href":"https:\/\/filatelia.cuentista.es\/en\/wp-json\/wp\/v2\/comments?post=495"}],"wp:featuredmedia":[{"embeddable":true,"href":"https:\/\/filatelia.cuentista.es\/en\/wp-json\/wp\/v2\/media\/1203"}],"wp:attachment":[{"href":"https:\/\/filatelia.cuentista.es\/en\/wp-json\/wp\/v2\/media?parent=495"}],"wp:term":[{"taxonomy":"product_brand","embeddable":true,"href":"https:\/\/filatelia.cuentista.es\/en\/wp-json\/wp\/v2\/product_brand?post=495"},{"taxonomy":"product_cat","embeddable":true,"href":"https:\/\/filatelia.cuentista.es\/en\/wp-json\/wp\/v2\/product_cat?post=495"},{"taxonomy":"product_tag","embeddable":true,"href":"https:\/\/filatelia.cuentista.es\/en\/wp-json\/wp\/v2\/product_tag?post=495"}],"curies":[{"name":"wp","href":"https:\/\/api.w.org\/{rel}","templated":true}]}}