{"id":493,"date":"2024-07-20T06:39:19","date_gmt":"2024-07-20T06:39:19","guid":{"rendered":"https:\/\/filatelia.cuentista.es\/product\/iberia-aereograma"},"modified":"2024-08-07T14:39:51","modified_gmt":"2024-08-07T14:39:51","slug":"iberia-aereograma","status":"publish","type":"product","link":"https:\/\/filatelia.cuentista.es\/en\/product\/iberia-aereograma","title":{"rendered":"Aeropuerto  Aereograma 1984"},"content":{"rendered":"<p>Aeropuerto Aereograma 1984 con sello preimpreso de 24 ptas &#8211; Primer dia de emision<\/p>\n<p>EDIFIL 208<\/p>\n<p class=\"p1\">Un aerograma, o carta a\u00e9rea es una hoja delgada y liviana de papel plegable y engomado para escribir una carta que se enviar\u00e1 por correo a\u00e9reo, en la que la carta y el sobre son una sola cosa. La mayor\u00eda de las administraciones postales proh\u00edben los anexos en estas cartas livianas, que generalmente se env\u00edan al extranjero a una tarifa preferencial. Exist\u00edan advertencias impresas para advertir que un anexo har\u00eda que el correo se enviara a una tarifa m\u00e1s alta.<\/p>","protected":false},"excerpt":{"rendered":"<p>Aeropuerto Aereograma 1984 con sello preimpreso de 24 ptas &#8211; Primer dia de emision<\/p>","protected":false},"featured_media":1205,"comment_status":"open","ping_status":"closed","template":"","meta":{"_acf_changed":false},"product_brand":[],"product_cat":[505],"product_tag":[106,512,544,517],"class_list":{"0":"post-493","1":"product","2":"type-product","3":"status-publish","4":"has-post-thumbnail","6":"product_cat-aerograma","7":"product_tag-106","8":"product_tag-aerograma","9":"product_tag-aeropuerto","10":"product_tag-avion","11":"thunk-woo-product-list","12":"opn-qv-enable","13":"open-woo-hover-zoom","14":"open-single-product-tab-horizontal","15":"open-shadow-","16":"open-shadow-hover-","18":"first","19":"instock","20":"sale","21":"shipping-taxable","22":"purchasable","23":"product-type-simple"},"acf":[],"jetpack_sharing_enabled":true,"_links":{"self":[{"href":"https:\/\/filatelia.cuentista.es\/en\/wp-json\/wp\/v2\/product\/493","targetHints":{"allow":["GET"]}}],"collection":[{"href":"https:\/\/filatelia.cuentista.es\/en\/wp-json\/wp\/v2\/product"}],"about":[{"href":"https:\/\/filatelia.cuentista.es\/en\/wp-json\/wp\/v2\/types\/product"}],"replies":[{"embeddable":true,"href":"https:\/\/filatelia.cuentista.es\/en\/wp-json\/wp\/v2\/comments?post=493"}],"wp:featuredmedia":[{"embeddable":true,"href":"https:\/\/filatelia.cuentista.es\/en\/wp-json\/wp\/v2\/media\/1205"}],"wp:attachment":[{"href":"https:\/\/filatelia.cuentista.es\/en\/wp-json\/wp\/v2\/media?parent=493"}],"wp:term":[{"taxonomy":"product_brand","embeddable":true,"href":"https:\/\/filatelia.cuentista.es\/en\/wp-json\/wp\/v2\/product_brand?post=493"},{"taxonomy":"product_cat","embeddable":true,"href":"https:\/\/filatelia.cuentista.es\/en\/wp-json\/wp\/v2\/product_cat?post=493"},{"taxonomy":"product_tag","embeddable":true,"href":"https:\/\/filatelia.cuentista.es\/en\/wp-json\/wp\/v2\/product_tag?post=493"}],"curies":[{"name":"wp","href":"https:\/\/api.w.org\/{rel}","templated":true}]}}