{"id":4914,"date":"2024-10-19T05:03:39","date_gmt":"2024-10-19T05:03:39","guid":{"rendered":"https:\/\/filatelia.cuentista.es\/product\/moneda-francia-5-francos-1950"},"modified":"2024-10-20T13:47:17","modified_gmt":"2024-10-20T13:47:17","slug":"moneda-francia-5-francos-1950","status":"publish","type":"product","link":"https:\/\/filatelia.cuentista.es\/en\/product\/moneda-francia-5-francos-1950","title":{"rendered":"Moneda Francia &#8211; 5 francos &#8211; 1950"},"content":{"rendered":"<p>Detalles de la moneda<br \/>\nPais: Francia<br \/>\nPeriodo: Cuarta Rep\u00fablica<br \/>\nDenominaci\u00f3n: 5 francos<br \/>\nA\u00f1o : 1950<br \/>\nVariante :<br \/>\nDiametro : 31<br \/>\nEstado : VF<br \/>\nC\u00f3digo Catalogo : KM#888b<br \/>\nMoneda : Franco franc\u00e9s<\/p>","protected":false},"excerpt":{"rendered":"<p>Detalles de la moneda Pais: Francia Periodo: Cuarta Rep\u00fablica Denominaci\u00f3n: 5 francos A\u00f1o : 1950 Variante : Diametro : 31 Estado : VF C\u00f3digo Catalogo : KM#888b Moneda : Franco franc\u00e9s<\/p>","protected":false},"featured_media":5810,"comment_status":"open","ping_status":"closed","template":"","meta":{"_acf_changed":false},"product_brand":[],"product_cat":[1431],"product_tag":[812,1432],"class_list":{"0":"post-4914","1":"product","2":"type-product","3":"status-publish","4":"has-post-thumbnail","6":"product_cat-monedas-2","7":"product_tag-812","8":"product_tag-vf","9":"thunk-woo-product-list","10":"opn-qv-enable","11":"open-woo-hover-zoom","12":"open-single-product-tab-horizontal","13":"open-shadow-","14":"open-shadow-hover-","16":"first","17":"instock","18":"shipping-taxable","19":"purchasable","20":"product-type-simple"},"acf":[],"jetpack_sharing_enabled":true,"_links":{"self":[{"href":"https:\/\/filatelia.cuentista.es\/en\/wp-json\/wp\/v2\/product\/4914","targetHints":{"allow":["GET"]}}],"collection":[{"href":"https:\/\/filatelia.cuentista.es\/en\/wp-json\/wp\/v2\/product"}],"about":[{"href":"https:\/\/filatelia.cuentista.es\/en\/wp-json\/wp\/v2\/types\/product"}],"replies":[{"embeddable":true,"href":"https:\/\/filatelia.cuentista.es\/en\/wp-json\/wp\/v2\/comments?post=4914"}],"wp:featuredmedia":[{"embeddable":true,"href":"https:\/\/filatelia.cuentista.es\/en\/wp-json\/wp\/v2\/media\/5810"}],"wp:attachment":[{"href":"https:\/\/filatelia.cuentista.es\/en\/wp-json\/wp\/v2\/media?parent=4914"}],"wp:term":[{"taxonomy":"product_brand","embeddable":true,"href":"https:\/\/filatelia.cuentista.es\/en\/wp-json\/wp\/v2\/product_brand?post=4914"},{"taxonomy":"product_cat","embeddable":true,"href":"https:\/\/filatelia.cuentista.es\/en\/wp-json\/wp\/v2\/product_cat?post=4914"},{"taxonomy":"product_tag","embeddable":true,"href":"https:\/\/filatelia.cuentista.es\/en\/wp-json\/wp\/v2\/product_tag?post=4914"}],"curies":[{"name":"wp","href":"https:\/\/api.w.org\/{rel}","templated":true}]}}