{"id":489,"date":"2024-07-20T06:39:18","date_gmt":"2024-07-20T06:39:18","guid":{"rendered":"https:\/\/filatelia.cuentista.es\/product\/espana-2000-cine"},"modified":"2024-08-07T14:51:43","modified_gmt":"2024-08-07T14:51:43","slug":"espana-2000-cine","status":"publish","type":"product","link":"https:\/\/filatelia.cuentista.es\/en\/product\/espana-2000-cine","title":{"rendered":"Sobre Primer D\u00eda Espa\u00f1a 2000 &#8211; Cine"},"content":{"rendered":"<p>Sobre Primer D\u00eda Espa\u00f1a 2000 &#8211; Cine &#8211; Gran Tama\u00f1o &#8211; Exposici\u00f3n mundial de filatelia<\/p>\n<p>Matasellado en Madrid el 6 de Octubre del 2000 &#8211; Motivo con Antonio Banderas<\/p>\n<p>EDIFIL SH 3758<\/p>","protected":false},"excerpt":{"rendered":"<p>Sobre Primer D\u00eda Espa\u00f1a 2000 &#8211; Cine &#8211; Gran Tama\u00f1o &#8211; Exposici\u00f3n mundial de filatelia<\/p>","protected":false},"featured_media":1209,"comment_status":"open","ping_status":"closed","template":"","meta":{"_acf_changed":false},"product_brand":[],"product_cat":[19,291],"product_tag":[138,551,43,552,101,190,189],"class_list":{"0":"post-489","1":"product","2":"type-product","3":"status-publish","4":"has-post-thumbnail","6":"product_cat-spd-sobres-primer-dia","7":"product_cat-spd-gran-formato","8":"product_tag-138","9":"product_tag-antonio-banderas","10":"product_tag-arte","11":"product_tag-cine","12":"product_tag-espana","13":"product_tag-fdc","14":"product_tag-spd","15":"thunk-woo-product-list","16":"opn-qv-enable","17":"open-woo-hover-zoom","18":"open-single-product-tab-horizontal","19":"open-shadow-","20":"open-shadow-hover-","22":"first","23":"instock","24":"sale","25":"shipping-taxable","26":"purchasable","27":"product-type-simple"},"acf":[],"jetpack_sharing_enabled":true,"_links":{"self":[{"href":"https:\/\/filatelia.cuentista.es\/en\/wp-json\/wp\/v2\/product\/489","targetHints":{"allow":["GET"]}}],"collection":[{"href":"https:\/\/filatelia.cuentista.es\/en\/wp-json\/wp\/v2\/product"}],"about":[{"href":"https:\/\/filatelia.cuentista.es\/en\/wp-json\/wp\/v2\/types\/product"}],"replies":[{"embeddable":true,"href":"https:\/\/filatelia.cuentista.es\/en\/wp-json\/wp\/v2\/comments?post=489"}],"wp:featuredmedia":[{"embeddable":true,"href":"https:\/\/filatelia.cuentista.es\/en\/wp-json\/wp\/v2\/media\/1209"}],"wp:attachment":[{"href":"https:\/\/filatelia.cuentista.es\/en\/wp-json\/wp\/v2\/media?parent=489"}],"wp:term":[{"taxonomy":"product_brand","embeddable":true,"href":"https:\/\/filatelia.cuentista.es\/en\/wp-json\/wp\/v2\/product_brand?post=489"},{"taxonomy":"product_cat","embeddable":true,"href":"https:\/\/filatelia.cuentista.es\/en\/wp-json\/wp\/v2\/product_cat?post=489"},{"taxonomy":"product_tag","embeddable":true,"href":"https:\/\/filatelia.cuentista.es\/en\/wp-json\/wp\/v2\/product_tag?post=489"}],"curies":[{"name":"wp","href":"https:\/\/api.w.org\/{rel}","templated":true}]}}