{"id":486,"date":"2024-07-20T06:39:16","date_gmt":"2024-07-20T06:39:16","guid":{"rendered":"https:\/\/filatelia.cuentista.es\/product\/espana-2000-deportes-2"},"modified":"2024-08-07T16:29:20","modified_gmt":"2024-08-07T16:29:20","slug":"espana-2000-deportes-2","status":"publish","type":"product","link":"https:\/\/filatelia.cuentista.es\/en\/product\/espana-2000-deportes-2","title":{"rendered":"Sobre Primer D\u00eda &#8211; Espa\u00f1a 2000 &#8211; Deportes &#8211; Futbol"},"content":{"rendered":"<p>Sobre Primer D\u00eda &#8211; Espa\u00f1a 2000 &#8211; Deportes &#8211; Futbol . Gran Tama\u00f1o &#8211; Exposici\u00f3n mundial de filatelia<\/p>\n<p>Futbol con imagen de Ra\u00fal en Hojita Bloque con sello redondo<\/p>\n<p><b>Ra\u00fal Gonz\u00e1lez Blanco<\/b>\u00a0(<a title=\"Madrid\" href=\"https:\/\/es.wikipedia.org\/wiki\/Madrid\">Madrid<\/a>, 27 de junio de 1977), m\u00e1s conocido deportivamente como\u00a0<b>Ra\u00fal<\/b>, es un exfutbolista y entrenador de f\u00fatbol espa\u00f1ol. Su posici\u00f3n era la de\u00a0<a class=\"mw-redirect\" title=\"Delantero (f\u00fatbol)\" href=\"https:\/\/es.wikipedia.org\/wiki\/Delantero_(f%C3%BAtbol)\">delantero<\/a>\u00a0desarrollando la mayor parte de su carrera en el\u00a0<a title=\"Real Madrid Club de F\u00fatbol\" href=\"https:\/\/es.wikipedia.org\/wiki\/Real_Madrid_Club_de_F%C3%BAtbol\">Real Madrid Club de F\u00fatbol<\/a>\u00a0de la\u00a0<a title=\"\" href=\"https:\/\/es.wikipedia.org\/wiki\/Primera_Divisi%C3%B3n_de_Espa%C3%B1a\">Primera Divisi\u00f3n de Espa\u00f1a<\/a>, mientras que lleg\u00f3 a acumular 22 t\u00edtulos entre los distintos equipos de los que form\u00f3 parte.<sup id=\"cite_ref-4\" class=\"reference separada\"><a href=\"https:\/\/es.wikipedia.org\/wiki\/Ra%C3%BAl_Gonz%C3%A1lez_Blanco#cite_note-4\">4<\/a><\/sup>\u200b Considerado uno de los mejores futbolistas espa\u00f1oles de la historia, lleg\u00f3 a ser\u00a0<a title=\"Liga de Campeones de la UEFA\" href=\"https:\/\/es.wikipedia.org\/wiki\/Liga_de_Campeones_de_la_UEFA#Tabla_hist%C3%B3rica_de_goleadores\">m\u00e1ximo goleador de la historia de la Liga de Campeones de la UEFA<\/a>,\u00a0<a title=\"Anexo:M\u00e1ximos goleadores del Real Madrid Club de F\u00fatbol\" href=\"https:\/\/es.wikipedia.org\/wiki\/Anexo:M%C3%A1ximos_goleadores_del_Real_Madrid_Club_de_F%C3%BAtbol\">m\u00e1ximo goleador hist\u00f3rico del Real Madrid Club de F\u00fatbol<\/a>\u00a0y de la\u00a0<a title=\"Anexo:Futbolistas de la selecci\u00f3n de f\u00fatbol de Espa\u00f1a\" href=\"https:\/\/es.wikipedia.org\/wiki\/Anexo:Futbolistas_de_la_selecci%C3%B3n_de_f%C3%BAtbol_de_Espa%C3%B1a#Goleadores\">selecci\u00f3n espa\u00f1ola<\/a>.<\/p>","protected":false},"excerpt":{"rendered":"<p>Sobre Primer D\u00eda &#8211; Espa\u00f1a 2000 &#8211; Deportes &#8211; Futbol . Gran Tama\u00f1o &#8211; Exposici\u00f3n mundial de filatelia<\/p>","protected":false},"featured_media":1213,"comment_status":"open","ping_status":"closed","template":"","meta":{"_acf_changed":false},"product_brand":[],"product_cat":[25,19,291],"product_tag":[138,268,101,190,68,155,561,562,189],"class_list":{"0":"post-486","1":"product","2":"type-product","3":"status-publish","4":"has-post-thumbnail","6":"product_cat-hojas-bloque","7":"product_cat-spd-sobres-primer-dia","8":"product_cat-spd-gran-formato","9":"product_tag-138","10":"product_tag-deporte","11":"product_tag-espana","12":"product_tag-fdc","13":"product_tag-filatelia","14":"product_tag-futbol","15":"product_tag-raul","16":"product_tag-real-madrid","17":"product_tag-spd","18":"thunk-woo-product-list","19":"opn-qv-enable","20":"open-woo-hover-zoom","21":"open-single-product-tab-horizontal","22":"open-shadow-","23":"open-shadow-hover-","25":"first","26":"instock","27":"sale","28":"shipping-taxable","29":"purchasable","30":"product-type-simple"},"acf":[],"jetpack_sharing_enabled":true,"_links":{"self":[{"href":"https:\/\/filatelia.cuentista.es\/en\/wp-json\/wp\/v2\/product\/486","targetHints":{"allow":["GET"]}}],"collection":[{"href":"https:\/\/filatelia.cuentista.es\/en\/wp-json\/wp\/v2\/product"}],"about":[{"href":"https:\/\/filatelia.cuentista.es\/en\/wp-json\/wp\/v2\/types\/product"}],"replies":[{"embeddable":true,"href":"https:\/\/filatelia.cuentista.es\/en\/wp-json\/wp\/v2\/comments?post=486"}],"wp:featuredmedia":[{"embeddable":true,"href":"https:\/\/filatelia.cuentista.es\/en\/wp-json\/wp\/v2\/media\/1213"}],"wp:attachment":[{"href":"https:\/\/filatelia.cuentista.es\/en\/wp-json\/wp\/v2\/media?parent=486"}],"wp:term":[{"taxonomy":"product_brand","embeddable":true,"href":"https:\/\/filatelia.cuentista.es\/en\/wp-json\/wp\/v2\/product_brand?post=486"},{"taxonomy":"product_cat","embeddable":true,"href":"https:\/\/filatelia.cuentista.es\/en\/wp-json\/wp\/v2\/product_cat?post=486"},{"taxonomy":"product_tag","embeddable":true,"href":"https:\/\/filatelia.cuentista.es\/en\/wp-json\/wp\/v2\/product_tag?post=486"}],"curies":[{"name":"wp","href":"https:\/\/api.w.org\/{rel}","templated":true}]}}