{"id":482,"date":"2024-07-20T06:39:15","date_gmt":"2024-07-20T06:39:15","guid":{"rendered":"https:\/\/filatelia.cuentista.es\/product\/salamanca-2002-radio"},"modified":"2024-08-07T17:28:59","modified_gmt":"2024-08-07T17:28:59","slug":"salamanca-2002-radio","status":"publish","type":"product","link":"https:\/\/filatelia.cuentista.es\/en\/product\/salamanca-2002-radio","title":{"rendered":"Sobre Primer Dia &#8211; Salamanca 2002 &#8211; Radio"},"content":{"rendered":"<p>Sobre Primer Dia &#8211; Salamanca 2002 &#8211; Radio &#8211; Gran Tama\u00f1o &#8211; Cadena COPE &#8211; 40 Principales &#8211; Onda Cero &#8211; RNE<\/p>\n<p>EDIFIL 3947<\/p>\n<p>Matasellado en madrid, 19 de noviembre de 2002 &#8211; Motivo del sello de 0,75 el programa Clasicos Populares<\/p>\n<p><i><b>Cl\u00e1sicos populares<\/b><\/i>\u00a0fue un programa radiof\u00f3nico dedicado a la divulgaci\u00f3n de la\u00a0<a title=\"M\u00fasica cl\u00e1sica\" href=\"https:\/\/es.wikipedia.org\/wiki\/M%C3%BAsica_cl%C3%A1sica\">m\u00fasica cl\u00e1sica<\/a>. El programa emit\u00eda m\u00fasica cl\u00e1sica de forma desenfadada y amena, intercalando concursos y juegos con los oyentes, as\u00ed como secciones de divulgaci\u00f3n sobre los autores.<sup id=\"cite_ref-1\" class=\"reference separada\"><a href=\"https:\/\/es.wikipedia.org\/wiki\/Cl%C3%A1sicos_populares#cite_note-1\">1<\/a><\/sup>\u200b<\/p>","protected":false},"excerpt":{"rendered":"<p>Sobre Primer Dia &#8211; Salamanca 2002 &#8211; Radio &#8211; Gran Tama\u00f1o &#8211; Cadena COPE &#8211; 40 Principales &#8211; Onda Cero &#8211; RNE<\/p>","protected":false},"featured_media":1217,"comment_status":"open","ping_status":"closed","template":"","meta":{"_acf_changed":false},"product_brand":[],"product_cat":[25,19,291],"product_tag":[136,573,571,574,190,572,575,189],"class_list":{"0":"post-482","1":"product","2":"type-product","3":"status-publish","4":"has-post-thumbnail","6":"product_cat-hojas-bloque","7":"product_cat-spd-sobres-primer-dia","8":"product_cat-spd-gran-formato","9":"product_tag-136","10":"product_tag-40-principales","11":"product_tag-clasicos-populares","12":"product_tag-cope","13":"product_tag-fdc","14":"product_tag-onda-cero","15":"product_tag-rne","16":"product_tag-spd","17":"thunk-woo-product-list","18":"opn-qv-enable","19":"open-woo-hover-zoom","20":"open-single-product-tab-horizontal","21":"open-shadow-","22":"open-shadow-hover-","24":"first","25":"instock","26":"sale","27":"shipping-taxable","28":"purchasable","29":"product-type-simple"},"acf":[],"jetpack_sharing_enabled":true,"_links":{"self":[{"href":"https:\/\/filatelia.cuentista.es\/en\/wp-json\/wp\/v2\/product\/482","targetHints":{"allow":["GET"]}}],"collection":[{"href":"https:\/\/filatelia.cuentista.es\/en\/wp-json\/wp\/v2\/product"}],"about":[{"href":"https:\/\/filatelia.cuentista.es\/en\/wp-json\/wp\/v2\/types\/product"}],"replies":[{"embeddable":true,"href":"https:\/\/filatelia.cuentista.es\/en\/wp-json\/wp\/v2\/comments?post=482"}],"wp:featuredmedia":[{"embeddable":true,"href":"https:\/\/filatelia.cuentista.es\/en\/wp-json\/wp\/v2\/media\/1217"}],"wp:attachment":[{"href":"https:\/\/filatelia.cuentista.es\/en\/wp-json\/wp\/v2\/media?parent=482"}],"wp:term":[{"taxonomy":"product_brand","embeddable":true,"href":"https:\/\/filatelia.cuentista.es\/en\/wp-json\/wp\/v2\/product_brand?post=482"},{"taxonomy":"product_cat","embeddable":true,"href":"https:\/\/filatelia.cuentista.es\/en\/wp-json\/wp\/v2\/product_cat?post=482"},{"taxonomy":"product_tag","embeddable":true,"href":"https:\/\/filatelia.cuentista.es\/en\/wp-json\/wp\/v2\/product_tag?post=482"}],"curies":[{"name":"wp","href":"https:\/\/api.w.org\/{rel}","templated":true}]}}