{"id":476,"date":"2024-07-20T06:39:12","date_gmt":"2024-07-20T06:39:12","guid":{"rendered":"https:\/\/filatelia.cuentista.es\/product\/cristobal-colon-avistando-tierra"},"modified":"2024-08-07T17:22:13","modified_gmt":"2024-08-07T17:22:13","slug":"cristobal-colon-avistando-tierra","status":"publish","type":"product","link":"https:\/\/filatelia.cuentista.es\/en\/product\/cristobal-colon-avistando-tierra","title":{"rendered":"Crist\u00f3bal Col\u00f3n &#8211; Avistando tierra"},"content":{"rendered":"<p>Sobre Primer Dia &#8211; Crist\u00f3bal Col\u00f3n Avistando Tierra\u00a0 &#8211; Gran Tama\u00f1o &#8211; Emision conjunta 1992<\/p>\n<p id=\"lote-page-h1\" class=\"bold js-lote-titulo-357166125 m-0 mb-3 text-break text-gray-900 h3\">Emisi\u00f3n conjunta Espa\u00f1a, Portugal, Italia y EE UU. 25 Mayo 1992. Edifil 3204<\/p>\n<p>Es parte de un conjunto de 6 hojas bloque conmemorativas lanzadas siultanemente en los paises.<\/p>\n<p><b>Crist\u00f3bal Col\u00f3n<\/b>\u00a0(<b>Cristoforo Colombo<\/b>, en\u00a0<a title=\"Idioma italiano\" href=\"https:\/\/es.wikipedia.org\/wiki\/Idioma_italiano\">italiano<\/a>, o\u00a0<b>Christophorus Columbus<\/b>, en\u00a0<a class=\"mw-redirect\" title=\"Idioma lat\u00edn\" href=\"https:\/\/es.wikipedia.org\/wiki\/Idioma_lat%C3%ADn\">lat\u00edn<\/a>; de or\u00edgenes discutidos, los expertos se inclinan por\u00a0<a title=\"G\u00e9nova\" href=\"https:\/\/es.wikipedia.org\/wiki\/G%C3%A9nova\">G\u00e9nova<\/a>,\u00a0<a title=\"Rep\u00fablica de G\u00e9nova\" href=\"https:\/\/es.wikipedia.org\/wiki\/Rep%C3%BAblica_de_G%C3%A9nova\">Rep\u00fablica de G\u00e9nova<\/a><sup id=\"cite_ref-5\" class=\"reference separada\"><a href=\"https:\/\/es.wikipedia.org\/wiki\/Crist%C3%B3bal_Col%C3%B3n#cite_note-5\">n. 1<\/a><\/sup>\u200b<sup id=\"cite_ref-Phillips1992p9_3-1\" class=\"reference separada\"><a href=\"https:\/\/es.wikipedia.org\/wiki\/Crist%C3%B3bal_Col%C3%B3n#cite_note-Phillips1992p9-3\">3<\/a><\/sup>\u200b<sup id=\"cite_ref-Davidson97Phillips92_4-1\" class=\"reference separada\"><a href=\"https:\/\/es.wikipedia.org\/wiki\/Crist%C3%B3bal_Col%C3%B3n#cite_note-Davidson97Phillips92-4\">4<\/a><\/sup>\u200b donde pudo haber nacido el 31 de octubre de 1451<sup id=\"cite_ref-6\" class=\"reference separada\"><a href=\"https:\/\/es.wikipedia.org\/wiki\/Crist%C3%B3bal_Col%C3%B3n#cite_note-6\">5<\/a><\/sup>\u200b y se sabe que muri\u00f3 en\u00a0<a title=\"Valladolid\" href=\"https:\/\/es.wikipedia.org\/wiki\/Valladolid\">Valladolid<\/a>\u00a0el 20 de mayo de 1506) fue un\u00a0<a class=\"mw-redirect\" title=\"Navegante n\u00e1utico\" href=\"https:\/\/es.wikipedia.org\/wiki\/Navegante_n%C3%A1utico\">navegante<\/a>,\u00a0<a class=\"mw-redirect\" title=\"Cart\u00f3grafo\" href=\"https:\/\/es.wikipedia.org\/wiki\/Cart%C3%B3grafo\">cart\u00f3grafo<\/a>,\u00a0<a title=\"Almirante\" href=\"https:\/\/es.wikipedia.org\/wiki\/Almirante\">almirante<\/a>,\u00a0<a title=\"Virrey\" href=\"https:\/\/es.wikipedia.org\/wiki\/Virrey\">virrey<\/a>\u00a0y\u00a0<a title=\"Gobernador general\" href=\"https:\/\/es.wikipedia.org\/wiki\/Gobernador_general\">gobernador general<\/a>\u00a0de las\u00a0<a title=\"Indias Occidentales\" href=\"https:\/\/es.wikipedia.org\/wiki\/Indias_Occidentales\">Indias Occidentales<\/a>\u00a0al servicio de la\u00a0<a title=\"Corona de Castilla\" href=\"https:\/\/es.wikipedia.org\/wiki\/Corona_de_Castilla\">Corona de Castilla<\/a>.<\/p>","protected":false},"excerpt":{"rendered":"<p>Sobre Primer Dia &#8211; Crist\u00f3bal Col\u00f3n Avistando Tierra\u00a0 &#8211; Gran Tama\u00f1o &#8211; Emision conjunta 1992<\/p>","protected":false},"featured_media":1224,"comment_status":"open","ping_status":"closed","template":"","meta":{"_acf_changed":false},"product_brand":[],"product_cat":[25,19,291],"product_tag":[134,589,580,581,101,588,586],"class_list":{"0":"post-476","1":"product","2":"type-product","3":"status-publish","4":"has-post-thumbnail","6":"product_cat-hojas-bloque","7":"product_cat-spd-sobres-primer-dia","8":"product_cat-spd-gran-formato","9":"product_tag-134","10":"product_tag-avistando-tierra","11":"product_tag-colon","12":"product_tag-conjunta","13":"product_tag-espana","14":"product_tag-nuevo-mundo","15":"product_tag-serie","16":"thunk-woo-product-list","17":"opn-qv-enable","18":"open-woo-hover-zoom","19":"open-single-product-tab-horizontal","20":"open-shadow-","21":"open-shadow-hover-","23":"first","24":"instock","25":"sale","26":"shipping-taxable","27":"purchasable","28":"product-type-simple"},"acf":[],"jetpack_sharing_enabled":true,"_links":{"self":[{"href":"https:\/\/filatelia.cuentista.es\/en\/wp-json\/wp\/v2\/product\/476","targetHints":{"allow":["GET"]}}],"collection":[{"href":"https:\/\/filatelia.cuentista.es\/en\/wp-json\/wp\/v2\/product"}],"about":[{"href":"https:\/\/filatelia.cuentista.es\/en\/wp-json\/wp\/v2\/types\/product"}],"replies":[{"embeddable":true,"href":"https:\/\/filatelia.cuentista.es\/en\/wp-json\/wp\/v2\/comments?post=476"}],"wp:featuredmedia":[{"embeddable":true,"href":"https:\/\/filatelia.cuentista.es\/en\/wp-json\/wp\/v2\/media\/1224"}],"wp:attachment":[{"href":"https:\/\/filatelia.cuentista.es\/en\/wp-json\/wp\/v2\/media?parent=476"}],"wp:term":[{"taxonomy":"product_brand","embeddable":true,"href":"https:\/\/filatelia.cuentista.es\/en\/wp-json\/wp\/v2\/product_brand?post=476"},{"taxonomy":"product_cat","embeddable":true,"href":"https:\/\/filatelia.cuentista.es\/en\/wp-json\/wp\/v2\/product_cat?post=476"},{"taxonomy":"product_tag","embeddable":true,"href":"https:\/\/filatelia.cuentista.es\/en\/wp-json\/wp\/v2\/product_tag?post=476"}],"curies":[{"name":"wp","href":"https:\/\/api.w.org\/{rel}","templated":true}]}}