{"id":473,"date":"2024-07-20T06:39:10","date_gmt":"2024-07-20T06:39:10","guid":{"rendered":"https:\/\/filatelia.cuentista.es\/product\/vidrio-artesania-espanola"},"modified":"2024-08-07T20:13:49","modified_gmt":"2024-08-07T20:13:49","slug":"vidrio-artesania-espanola","status":"publish","type":"product","link":"https:\/\/filatelia.cuentista.es\/en\/product\/vidrio-artesania-espanola","title":{"rendered":"Sobre Primer D\u00eda &#8211; Vidrio Artesania Espa\u00f1ola &#8211; 1988"},"content":{"rendered":"<p>Sobre Primer D\u00eda &#8211; Vidrio Artesania Espa\u00f1ola &#8211; 1988 &#8211; Gran Tama\u00f1o con hoja bloque de 9 valores de 20 ptas<\/p>\n<p>Matasellos d eMadrid de primer dia de circulacion : 12de abril de 1988<\/p>\n<p>EDIFIL 2941\/6<\/p>","protected":false},"excerpt":{"rendered":"<p>Sobre Primer D\u00eda &#8211; Vidrio Artesania Espa\u00f1ola &#8211; 1988 &#8211; Gran Tama\u00f1o con hoja bloque de 9 valores de 20 ptas<\/p>","protected":false},"featured_media":1229,"comment_status":"open","ping_status":"closed","template":"","meta":{"_acf_changed":false},"product_brand":[],"product_cat":[25,19,291],"product_tag":[132,129,101,190,189,597],"class_list":{"0":"post-473","1":"product","2":"type-product","3":"status-publish","4":"has-post-thumbnail","6":"product_cat-hojas-bloque","7":"product_cat-spd-sobres-primer-dia","8":"product_cat-spd-gran-formato","9":"product_tag-132","10":"product_tag-artesania","11":"product_tag-espana","12":"product_tag-fdc","13":"product_tag-spd","14":"product_tag-vidrio","15":"thunk-woo-product-list","16":"opn-qv-enable","17":"open-woo-hover-zoom","18":"open-single-product-tab-horizontal","19":"open-shadow-","20":"open-shadow-hover-","22":"first","23":"instock","24":"sale","25":"shipping-taxable","26":"purchasable","27":"product-type-simple"},"acf":[],"jetpack_sharing_enabled":true,"_links":{"self":[{"href":"https:\/\/filatelia.cuentista.es\/en\/wp-json\/wp\/v2\/product\/473","targetHints":{"allow":["GET"]}}],"collection":[{"href":"https:\/\/filatelia.cuentista.es\/en\/wp-json\/wp\/v2\/product"}],"about":[{"href":"https:\/\/filatelia.cuentista.es\/en\/wp-json\/wp\/v2\/types\/product"}],"replies":[{"embeddable":true,"href":"https:\/\/filatelia.cuentista.es\/en\/wp-json\/wp\/v2\/comments?post=473"}],"wp:featuredmedia":[{"embeddable":true,"href":"https:\/\/filatelia.cuentista.es\/en\/wp-json\/wp\/v2\/media\/1229"}],"wp:attachment":[{"href":"https:\/\/filatelia.cuentista.es\/en\/wp-json\/wp\/v2\/media?parent=473"}],"wp:term":[{"taxonomy":"product_brand","embeddable":true,"href":"https:\/\/filatelia.cuentista.es\/en\/wp-json\/wp\/v2\/product_brand?post=473"},{"taxonomy":"product_cat","embeddable":true,"href":"https:\/\/filatelia.cuentista.es\/en\/wp-json\/wp\/v2\/product_cat?post=473"},{"taxonomy":"product_tag","embeddable":true,"href":"https:\/\/filatelia.cuentista.es\/en\/wp-json\/wp\/v2\/product_tag?post=473"}],"curies":[{"name":"wp","href":"https:\/\/api.w.org\/{rel}","templated":true}]}}