{"id":470,"date":"2024-07-20T06:39:09","date_gmt":"2024-07-20T06:39:09","guid":{"rendered":"https:\/\/filatelia.cuentista.es\/product\/encajes-artesania-espanola"},"modified":"2024-08-07T20:17:22","modified_gmt":"2024-08-07T20:17:22","slug":"encajes-artesania-espanola","status":"publish","type":"product","link":"https:\/\/filatelia.cuentista.es\/en\/product\/encajes-artesania-espanola","title":{"rendered":"Sobre Primer D\u00eda &#8211; Encajes Artesania Espa\u00f1ola &#8211; 1989"},"content":{"rendered":"<p>Sobre Primer D\u00eda &#8211; Encajes Artesania Espa\u00f1ola &#8211; 1989 &#8211; Gran Tama\u00f1o con hojita bloque de 6 valores de 20 ptas<\/p>\n<p>Matasellos de primer dia de circulacion de Barcelona 20 de Junio de 1989<\/p>\n<p>EDIFIL 3016\/3021<\/p>","protected":false},"excerpt":{"rendered":"<p>Sobre Primer D\u00eda &#8211; Encajes Artesania Espa\u00f1ola &#8211; 1989 &#8211; Gran Tama\u00f1o con hojita bloque de 6 valores de 20 ptas<\/p>","protected":false},"featured_media":1230,"comment_status":"open","ping_status":"closed","template":"","meta":{"_acf_changed":false},"product_brand":[],"product_cat":[25,19,291],"product_tag":[50,129,598,101,190,189],"class_list":{"0":"post-470","1":"product","2":"type-product","3":"status-publish","4":"has-post-thumbnail","6":"product_cat-hojas-bloque","7":"product_cat-spd-sobres-primer-dia","8":"product_cat-spd-gran-formato","9":"product_tag-50","10":"product_tag-artesania","11":"product_tag-encaje","12":"product_tag-espana","13":"product_tag-fdc","14":"product_tag-spd","15":"thunk-woo-product-list","16":"opn-qv-enable","17":"open-woo-hover-zoom","18":"open-single-product-tab-horizontal","19":"open-shadow-","20":"open-shadow-hover-","22":"first","23":"instock","24":"sale","25":"shipping-taxable","26":"purchasable","27":"product-type-simple"},"acf":[],"jetpack_sharing_enabled":true,"_links":{"self":[{"href":"https:\/\/filatelia.cuentista.es\/en\/wp-json\/wp\/v2\/product\/470","targetHints":{"allow":["GET"]}}],"collection":[{"href":"https:\/\/filatelia.cuentista.es\/en\/wp-json\/wp\/v2\/product"}],"about":[{"href":"https:\/\/filatelia.cuentista.es\/en\/wp-json\/wp\/v2\/types\/product"}],"replies":[{"embeddable":true,"href":"https:\/\/filatelia.cuentista.es\/en\/wp-json\/wp\/v2\/comments?post=470"}],"wp:featuredmedia":[{"embeddable":true,"href":"https:\/\/filatelia.cuentista.es\/en\/wp-json\/wp\/v2\/media\/1230"}],"wp:attachment":[{"href":"https:\/\/filatelia.cuentista.es\/en\/wp-json\/wp\/v2\/media?parent=470"}],"wp:term":[{"taxonomy":"product_brand","embeddable":true,"href":"https:\/\/filatelia.cuentista.es\/en\/wp-json\/wp\/v2\/product_brand?post=470"},{"taxonomy":"product_cat","embeddable":true,"href":"https:\/\/filatelia.cuentista.es\/en\/wp-json\/wp\/v2\/product_cat?post=470"},{"taxonomy":"product_tag","embeddable":true,"href":"https:\/\/filatelia.cuentista.es\/en\/wp-json\/wp\/v2\/product_tag?post=470"}],"curies":[{"name":"wp","href":"https:\/\/api.w.org\/{rel}","templated":true}]}}