{"id":4697,"date":"2024-10-19T05:02:25","date_gmt":"2024-10-19T05:02:25","guid":{"rendered":"https:\/\/filatelia.cuentista.es\/product\/moneda-estados-unidos-1-centavo-2007"},"modified":"2024-11-10T20:17:05","modified_gmt":"2024-11-10T20:17:05","slug":"moneda-estados-unidos-1-centavo-2007","status":"publish","type":"product","link":"https:\/\/filatelia.cuentista.es\/en\/product\/moneda-estados-unidos-1-centavo-2007","title":{"rendered":"Moneda Estados Unidos &#8211; 1 centavo &#8211; 2007"},"content":{"rendered":"<p>Detalles de la moneda<br \/>\nPais: Estados Unidos<br \/>\nPeriodo: Estados Unidos de Am\u00e9rica<br \/>\nDenominaci\u00f3n: 1 centavo<br \/>\nA\u00f1o : 2007<br \/>\nVariante :<br \/>\nDiametro : 19.05<br \/>\nEstado : G<br \/>\nC\u00f3digo Catalogo : 0.11<br \/>\nMoneda : D\u00f3lar estadounidense<\/p>","protected":false},"excerpt":{"rendered":"<p>Detalles de la moneda Pais: Estados Unidos Periodo: Estados Unidos de Am\u00e9rica Denominaci\u00f3n: 1 centavo A\u00f1o : 2007 Variante : Diametro : 19.05 Estado : G C\u00f3digo Catalogo : 0.11 Moneda : D\u00f3lar estadounidense<\/p>","protected":false},"featured_media":6481,"comment_status":"open","ping_status":"closed","template":"","meta":{"_acf_changed":false},"product_brand":[],"product_cat":[1431],"product_tag":[1023],"class_list":{"0":"post-4697","1":"product","2":"type-product","3":"status-publish","4":"has-post-thumbnail","6":"product_cat-monedas-2","7":"product_tag-1023","8":"thunk-woo-product-list","9":"opn-qv-enable","10":"open-woo-hover-zoom","11":"open-single-product-tab-horizontal","12":"open-shadow-","13":"open-shadow-hover-","15":"first","16":"instock","17":"shipping-taxable","18":"product-type-simple"},"acf":[],"jetpack_sharing_enabled":true,"_links":{"self":[{"href":"https:\/\/filatelia.cuentista.es\/en\/wp-json\/wp\/v2\/product\/4697","targetHints":{"allow":["GET"]}}],"collection":[{"href":"https:\/\/filatelia.cuentista.es\/en\/wp-json\/wp\/v2\/product"}],"about":[{"href":"https:\/\/filatelia.cuentista.es\/en\/wp-json\/wp\/v2\/types\/product"}],"replies":[{"embeddable":true,"href":"https:\/\/filatelia.cuentista.es\/en\/wp-json\/wp\/v2\/comments?post=4697"}],"wp:featuredmedia":[{"embeddable":true,"href":"https:\/\/filatelia.cuentista.es\/en\/wp-json\/wp\/v2\/media\/6481"}],"wp:attachment":[{"href":"https:\/\/filatelia.cuentista.es\/en\/wp-json\/wp\/v2\/media?parent=4697"}],"wp:term":[{"taxonomy":"product_brand","embeddable":true,"href":"https:\/\/filatelia.cuentista.es\/en\/wp-json\/wp\/v2\/product_brand?post=4697"},{"taxonomy":"product_cat","embeddable":true,"href":"https:\/\/filatelia.cuentista.es\/en\/wp-json\/wp\/v2\/product_cat?post=4697"},{"taxonomy":"product_tag","embeddable":true,"href":"https:\/\/filatelia.cuentista.es\/en\/wp-json\/wp\/v2\/product_tag?post=4697"}],"curies":[{"name":"wp","href":"https:\/\/api.w.org\/{rel}","templated":true}]}}