{"id":467,"date":"2024-07-20T06:39:08","date_gmt":"2024-07-20T06:39:08","guid":{"rendered":"https:\/\/filatelia.cuentista.es\/product\/barcos-de-epoca-san-juan-nepomuceno"},"modified":"2024-08-08T09:36:59","modified_gmt":"2024-08-08T09:36:59","slug":"barcos-de-epoca-san-juan-nepomuceno","status":"publish","type":"product","link":"https:\/\/filatelia.cuentista.es\/en\/product\/barcos-de-epoca-san-juan-nepomuceno","title":{"rendered":"Sobre Primer Dia &#8211; Barcos de \u00e9poca &#8211; SAN Juan Nepomuceno 1996"},"content":{"rendered":"<p>Sobre Primer D\u00eda &#8211; Barcos de \u00e9poca &#8211; Nav\u00edo San Juan Nepomuceno &#8211; 1996 &#8211; Gran Tama\u00f1o con Hojita Bloque de 4 valores de 19 ptas<\/p>\n<p>EDIFIL SH 3352<\/p>\n<p>El\u00a0<i><b>San Juan Nepomuceno<\/b><\/i>\u00a0fue un\u00a0<a title=\"Nav\u00edo de l\u00ednea\" href=\"https:\/\/es.wikipedia.org\/wiki\/Nav%C3%ADo_de_l%C3%ADnea\">nav\u00edo de l\u00ednea<\/a>\u00a0de 74 ca\u00f1ones de la\u00a0<a class=\"mw-redirect\" title=\"Armada Espa\u00f1ola\" href=\"https:\/\/es.wikipedia.org\/wiki\/Armada_Espa%C3%B1ola\">Armada Espa\u00f1ola<\/a>\u00a0entre 1766 y 1805, finalmente apresado en la\u00a0<a title=\"Batalla de Trafalgar\" href=\"https:\/\/es.wikipedia.org\/wiki\/Batalla_de_Trafalgar\">batalla de Trafalgar<\/a>\u00a0por la escuadra brit\u00e1nica.<\/p>\n<p>Fue construido en el Real Astillero de\u00a0<a title=\"\" href=\"https:\/\/es.wikipedia.org\/wiki\/Guarnizo\">Guarnizo<\/a>\u00a0(<a title=\"Cantabria\" href=\"https:\/\/es.wikipedia.org\/wiki\/Cantabria\">Cantabria<\/a>) en 1765 junto a otros cinco nav\u00edos de l\u00ednea de similares caracter\u00edsticas, el\u00a0<i>San Pascual<\/i>, el\u00a0<i><a title=\"San Francisco de As\u00eds (1767)\" href=\"https:\/\/es.wikipedia.org\/wiki\/San_Francisco_de_As%C3%ADs_(1767)\">San Francisco de As\u00eds<\/a><\/i>, el\u00a0<i>San Lorenzo<\/i>, el\u00a0<i>Santo Domingo<\/i>\u00a0y el\u00a0<a title=\"San Agust\u00edn (1768)\" href=\"https:\/\/es.wikipedia.org\/wiki\/San_Agust%C3%ADn_(1768)\">San Agust\u00edn<\/a>, y cuatro fragatas, que en un principio deb\u00edan seguir las l\u00edneas del llamado sistema ingl\u00e9s o sistema de\u00a0<a title=\"Jorge Juan\" href=\"https:\/\/es.wikipedia.org\/wiki\/Jorge_Juan\">Jorge Juan<\/a>, aunque finalmente fueron proyectados por\u00a0<a title=\"Francisco Gautier\" href=\"https:\/\/es.wikipedia.org\/wiki\/Francisco_Gautier\">Francisco Gautier<\/a>.<sup id=\"cite_ref-FOOTNOTETous_Meli\u00e12000145-146_2-0\" class=\"reference separada\"><a href=\"https:\/\/es.wikipedia.org\/wiki\/San_Juan_Nepomuceno_(1766)#cite_note-FOOTNOTETous_Meli%C3%A12000145-146-2\">1<\/a><\/sup><\/p>\n<p class=\"p1\"><b>Los sobres de primer d\u00eda son objetos de colecci\u00f3n muy valorados por los filat\u00e9licos.<\/b> Estos sobres especiales se utilizan para enviar una carta el mismo d\u00eda en que se emite un nuevo sello postal. Al ser los primeros en utilizar ese sello en particular, adquieren un valor a\u00f1adido para los coleccionistas. Los sobres de primer d\u00eda suelen incluir un matasellos con la fecha de emisi\u00f3n y el nombre de la oficina de correos donde se expidi\u00f3 el sello, lo que los convierte en piezas \u00fanicas y aut\u00e9nticas. Adem\u00e1s de su valor filat\u00e9lico, estos sobres a menudo presentan dise\u00f1os atractivos y conmemorativos, relacionados con el tema del sello emitido, lo que los convierte en peque\u00f1os tesoros para los amantes de la historia y el arte postal.<\/p>","protected":false},"excerpt":{"rendered":"<p>Sobre Primer D\u00eda &#8211; Barcos de \u00e9poca &#8211; Nav\u00edo San Juan Nepomuceno &#8211; 1996 &#8211; Gran Tama\u00f1o con Hojita Bloque de 4 valores de 19 ptas<\/p>","protected":false},"featured_media":1234,"comment_status":"open","ping_status":"closed","template":"","meta":{"_acf_changed":false},"product_brand":[],"product_cat":[306,15,19,291],"product_tag":[127,604,101,190,125,606,262,605,189],"class_list":{"0":"post-467","1":"product","2":"type-product","3":"status-publish","4":"has-post-thumbnail","6":"product_cat-bloque","7":"product_cat-coleccionismo","8":"product_cat-spd-sobres-primer-dia","9":"product_cat-spd-gran-formato","10":"product_tag-127","11":"product_tag-barcos-de-espana","12":"product_tag-espana","13":"product_tag-fdc","14":"product_tag-marina","15":"product_tag-naval","16":"product_tag-navio","17":"product_tag-san-juan-nepomuceno","18":"product_tag-spd","19":"thunk-woo-product-list","20":"opn-qv-enable","21":"open-woo-hover-zoom","22":"open-single-product-tab-horizontal","23":"open-shadow-","24":"open-shadow-hover-","26":"first","27":"instock","28":"sale","29":"shipping-taxable","30":"purchasable","31":"product-type-simple"},"acf":[],"jetpack_sharing_enabled":true,"_links":{"self":[{"href":"https:\/\/filatelia.cuentista.es\/en\/wp-json\/wp\/v2\/product\/467","targetHints":{"allow":["GET"]}}],"collection":[{"href":"https:\/\/filatelia.cuentista.es\/en\/wp-json\/wp\/v2\/product"}],"about":[{"href":"https:\/\/filatelia.cuentista.es\/en\/wp-json\/wp\/v2\/types\/product"}],"replies":[{"embeddable":true,"href":"https:\/\/filatelia.cuentista.es\/en\/wp-json\/wp\/v2\/comments?post=467"}],"wp:featuredmedia":[{"embeddable":true,"href":"https:\/\/filatelia.cuentista.es\/en\/wp-json\/wp\/v2\/media\/1234"}],"wp:attachment":[{"href":"https:\/\/filatelia.cuentista.es\/en\/wp-json\/wp\/v2\/media?parent=467"}],"wp:term":[{"taxonomy":"product_brand","embeddable":true,"href":"https:\/\/filatelia.cuentista.es\/en\/wp-json\/wp\/v2\/product_brand?post=467"},{"taxonomy":"product_cat","embeddable":true,"href":"https:\/\/filatelia.cuentista.es\/en\/wp-json\/wp\/v2\/product_cat?post=467"},{"taxonomy":"product_tag","embeddable":true,"href":"https:\/\/filatelia.cuentista.es\/en\/wp-json\/wp\/v2\/product_tag?post=467"}],"curies":[{"name":"wp","href":"https:\/\/api.w.org\/{rel}","templated":true}]}}