{"id":463,"date":"2024-07-20T06:39:06","date_gmt":"2024-07-20T06:39:06","guid":{"rendered":"https:\/\/filatelia.cuentista.es\/product\/centenario-de-la-academia-espanola-de-bellas-artes-en-roma-2"},"modified":"2024-08-08T09:53:35","modified_gmt":"2024-08-08T09:53:35","slug":"centenario-de-la-academia-espanola-de-bellas-artes-en-roma-2","status":"publish","type":"product","link":"https:\/\/filatelia.cuentista.es\/en\/product\/centenario-de-la-academia-espanola-de-bellas-artes-en-roma-2","title":{"rendered":"Centenario de la Academia Espa\u00f1ola de Bellas Artes en Roma"},"content":{"rendered":"<p>Sobre Primer D\u00eda &#8211; Centenario de la Academia Espa\u00f1ola de Bellas Artes en Roma , 1974 con sello de 5 ptas<\/p>\n<p>Matasellado en barcelona 4 de Junio de 1974<\/p>\n<p>SFC A 410<\/p>\n<p>EDIFIL 2183<\/p>\n<p>La\u00a0<b>Academia Espa\u00f1ola de Bellas Artes de Roma<\/b>\u00a0fue una instituci\u00f3n espa\u00f1ola en la ciudad italiana de\u00a0<a title=\"Roma\" href=\"https:\/\/es.wikipedia.org\/wiki\/Roma\">Roma<\/a>, fundada en 1873 y dependiente de la\u00a0<a title=\"Real Academia de Bellas Artes de San Fernando\" href=\"https:\/\/es.wikipedia.org\/wiki\/Real_Academia_de_Bellas_Artes_de_San_Fernando\">Real Academia de Bellas Artes de San Fernando<\/a>, dedicada al fomento del estudio y est\u00edmulo de las bellas artes y donde se formaron grandes pintores y escultores espa\u00f1oles que viajaron a la misma pensionados por el Estado.<sup id=\"cite_ref-1\" class=\"reference separada\"><a href=\"https:\/\/es.wikipedia.org\/wiki\/Academia_Espa%C3%B1ola_de_Bellas_Artes_de_Roma#cite_note-1\">1<\/a><\/sup><\/p>","protected":false},"excerpt":{"rendered":"<p>Sobre Primer D\u00eda &#8211; Centenario de la Academia Espa\u00f1ola de Bellas Artes en Roma , 1974 con sello de 5 ptas<\/p>\n<p>Matasellado en Barcelona<\/p>","protected":false},"featured_media":1248,"comment_status":"open","ping_status":"closed","template":"","meta":{"_acf_changed":false},"product_brand":[],"product_cat":[19],"product_tag":[75,213,613,101,190,533,189],"class_list":{"0":"post-463","1":"product","2":"type-product","3":"status-publish","4":"has-post-thumbnail","6":"product_cat-spd-sobres-primer-dia","7":"product_tag-75","8":"product_tag-academia","9":"product_tag-bella-artes","10":"product_tag-espana","11":"product_tag-fdc","12":"product_tag-roma","13":"product_tag-spd","14":"thunk-woo-product-list","15":"opn-qv-enable","16":"open-woo-hover-zoom","17":"open-single-product-tab-horizontal","18":"open-shadow-","19":"open-shadow-hover-","21":"first","22":"instock","23":"shipping-taxable","24":"purchasable","25":"product-type-simple"},"acf":[],"jetpack_sharing_enabled":true,"_links":{"self":[{"href":"https:\/\/filatelia.cuentista.es\/en\/wp-json\/wp\/v2\/product\/463","targetHints":{"allow":["GET"]}}],"collection":[{"href":"https:\/\/filatelia.cuentista.es\/en\/wp-json\/wp\/v2\/product"}],"about":[{"href":"https:\/\/filatelia.cuentista.es\/en\/wp-json\/wp\/v2\/types\/product"}],"replies":[{"embeddable":true,"href":"https:\/\/filatelia.cuentista.es\/en\/wp-json\/wp\/v2\/comments?post=463"}],"wp:featuredmedia":[{"embeddable":true,"href":"https:\/\/filatelia.cuentista.es\/en\/wp-json\/wp\/v2\/media\/1248"}],"wp:attachment":[{"href":"https:\/\/filatelia.cuentista.es\/en\/wp-json\/wp\/v2\/media?parent=463"}],"wp:term":[{"taxonomy":"product_brand","embeddable":true,"href":"https:\/\/filatelia.cuentista.es\/en\/wp-json\/wp\/v2\/product_brand?post=463"},{"taxonomy":"product_cat","embeddable":true,"href":"https:\/\/filatelia.cuentista.es\/en\/wp-json\/wp\/v2\/product_cat?post=463"},{"taxonomy":"product_tag","embeddable":true,"href":"https:\/\/filatelia.cuentista.es\/en\/wp-json\/wp\/v2\/product_tag?post=463"}],"curies":[{"name":"wp","href":"https:\/\/api.w.org\/{rel}","templated":true}]}}